{"id":245761,"date":"2025-10-08T22:37:45","date_gmt":"2025-10-08T19:37:45","guid":{"rendered":"https:\/\/ecoshop.ee\/?post_type=product&#038;p=245761"},"modified":"2026-05-08T20:29:31","modified_gmt":"2026-05-08T17:29:31","slug":"bettr-pistachio-filled-walnut-butter-bowls-39g","status":"publish","type":"product","link":"https:\/\/ecoshop.ee\/en\/kommid\/bettr-pistaatsia-taidisega-pahklivoikausid-39g\/","title":{"rendered":"Bett&#039;r Pistachio-Filled Nut Butter Bowls, 39g"},"content":{"rendered":"<p data-start=\"58\" data-end=\"271\">Bett&#039;r Pistachio-Filled Nut Butter Bowls are a luxurious treat that will make you forget all other chocolates! The soft salted pistachio butter filling melts in your mouth and creates an irresistibly creamy taste experience where rich chocolate and slightly salty pistachio meet.<\/p>\n<p data-start=\"273\" data-end=\"444\" data-is-last-node=\"\" data-is-only-node=\"\">Made without palm oil, without industrial sugar and completely vegan - pure pleasure in every bite. Naughty Nuts brings you pistachio love in its most delicious form.<\/p>","protected":false},"excerpt":{"rendered":"<p>Bett&#8217;r pistaatsia t\u00e4idisega p\u00e4hkliv\u00f5ikausid on luksuslik maius, mis paneb unustama k\u00f5ik muud \u0161okolaadid! Pehme soolapistaatsiav\u00f5i t\u00e4idis sulab suus ja loob vastupandamatult kreemise&hellip;<\/p>","protected":false},"featured_media":245762,"comment_status":"open","ping_status":"closed","template":"","meta":{"wprm-recipe-roundup-name":"","wprm-recipe-roundup-description":""},"product_brand":[11995],"product_cat":[160],"product_tag":[288],"class_list":{"0":"post-245761","1":"product","2":"type-product","3":"status-publish","4":"has-post-thumbnail","6":"product_brand-bettr","7":"product_cat-kommid","8":"product_tag-pahklivoikausid","9":"j79_wcxd_expiry_type-expiry-date","11":"first","12":"instock","13":"taxable","14":"shipping-taxable","15":"purchasable","16":"product-type-simple"},"supplier_id":9165,"supplier_sku":"","barcode":"3800233782936","atum_controlled":true,"out_stock_date":null,"out_stock_threshold":null,"inheritable":false,"inbound_stock":0,"stock_on_hold":0,"sold_today":0,"sales_last_days":0,"reserved_stock":0,"customer_returns":0,"warehouse_damage":0,"lost_in_post":0,"other_logs":0,"out_stock_days":0,"lost_sales":0,"has_location":false,"update_date":"2026-05-08T17:29:33","atum_locations":[],"atum_stock_status":"instock","restock_status":false,"low_stock_amount":"","sales_update_date":"2026-04-06T20:01:11","calc_backorders":null,"aioseo_notices":[],"_links":{"self":[{"href":"https:\/\/ecoshop.ee\/en\/wp-json\/wp\/v2\/product\/245761","targetHints":{"allow":["GET"]}}],"collection":[{"href":"https:\/\/ecoshop.ee\/en\/wp-json\/wp\/v2\/product"}],"about":[{"href":"https:\/\/ecoshop.ee\/en\/wp-json\/wp\/v2\/types\/product"}],"replies":[{"embeddable":true,"href":"https:\/\/ecoshop.ee\/en\/wp-json\/wp\/v2\/comments?post=245761"}],"version-history":[{"count":1,"href":"https:\/\/ecoshop.ee\/en\/wp-json\/wp\/v2\/product\/245761\/revisions"}],"predecessor-version":[{"id":396130,"href":"https:\/\/ecoshop.ee\/en\/wp-json\/wp\/v2\/product\/245761\/revisions\/396130"}],"wp:featuredmedia":[{"embeddable":true,"href":"https:\/\/ecoshop.ee\/en\/wp-json\/wp\/v2\/media\/245762"}],"wp:attachment":[{"href":"https:\/\/ecoshop.ee\/en\/wp-json\/wp\/v2\/media?parent=245761"}],"wp:term":[{"taxonomy":"product_brand","embeddable":true,"href":"https:\/\/ecoshop.ee\/en\/wp-json\/wp\/v2\/product_brand?post=245761"},{"taxonomy":"product_cat","embeddable":true,"href":"https:\/\/ecoshop.ee\/en\/wp-json\/wp\/v2\/product_cat?post=245761"},{"taxonomy":"product_tag","embeddable":true,"href":"https:\/\/ecoshop.ee\/en\/wp-json\/wp\/v2\/product_tag?post=245761"}],"curies":[{"name":"wp","href":"https:\/\/api.w.org\/{rel}","templated":true}]}}