{"id":246254,"date":"2025-11-13T16:24:32","date_gmt":"2025-11-13T13:24:32","guid":{"rendered":"https:\/\/ecoshop.ee\/?post_type=product&#038;p=246254"},"modified":"2026-02-27T16:27:53","modified_gmt":"2026-02-27T13:27:53","slug":"bettr-sea-salt-oat-bars-50g","status":"publish","type":"product","link":"https:\/\/ecoshop.ee\/en\/soolased-snakid\/bettr-meresoolaga-kaerapulgad-50g\/","title":{"rendered":"Bett&#039;r sea salt oat bars, 50g"},"content":{"rendered":"<p data-start=\"66\" data-end=\"297\">These delicious oat sticks are the perfect choice when you&#039;re craving something salty and crunchy. Baked with sourdough, the sticks offer an extra-delicious texture and deep flavor, making them the perfect snack for any occasion.<\/p>\n<p data-start=\"299\" data-end=\"466\">Made from organic oat and wheat flour, seasoned with light sea salt and free of palm oil - a clean and honest choice for both home and take-away.<\/p>","protected":false},"excerpt":{"rendered":"<p>Need maitsvad kaerapulgad on ideaalne valik, kui soovid midagi soolast ja kr\u00f5bedat. Haputaignaga k\u00fcpsetatud pulgad pakuvad eriti m\u00f5nusat tekstuuri ja s\u00fcgavat maitset,&hellip;<\/p>","protected":false},"featured_media":246255,"comment_status":"open","ping_status":"closed","template":"","meta":{"wprm-recipe-roundup-name":"","wprm-recipe-roundup-description":""},"product_brand":[11995],"product_cat":[157],"product_tag":[283],"class_list":{"0":"post-246254","1":"product","2":"type-product","3":"status-publish","4":"has-post-thumbnail","6":"product_brand-bettr","7":"product_cat-soolased-snakid","8":"product_tag-soolapulgad","9":"j79_wcxd_expiry_type-best-before","11":"first","12":"instock","13":"taxable","14":"shipping-taxable","15":"purchasable","16":"product-type-simple"},"supplier_id":9165,"supplier_sku":"","barcode":"3800233683288","atum_controlled":true,"out_stock_date":null,"out_stock_threshold":null,"inheritable":false,"inbound_stock":0,"stock_on_hold":0,"sold_today":0,"sales_last_days":0,"reserved_stock":0,"customer_returns":0,"warehouse_damage":0,"lost_in_post":0,"other_logs":0,"out_stock_days":0,"lost_sales":0,"has_location":false,"update_date":"2026-04-06T20:01:11","atum_locations":[],"atum_stock_status":"instock","restock_status":false,"low_stock_amount":"","sales_update_date":"2026-04-06T20:01:11","calc_backorders":null,"aioseo_notices":[],"_links":{"self":[{"href":"https:\/\/ecoshop.ee\/en\/wp-json\/wp\/v2\/product\/246254","targetHints":{"allow":["GET"]}}],"collection":[{"href":"https:\/\/ecoshop.ee\/en\/wp-json\/wp\/v2\/product"}],"about":[{"href":"https:\/\/ecoshop.ee\/en\/wp-json\/wp\/v2\/types\/product"}],"replies":[{"embeddable":true,"href":"https:\/\/ecoshop.ee\/en\/wp-json\/wp\/v2\/comments?post=246254"}],"version-history":[{"count":0,"href":"https:\/\/ecoshop.ee\/en\/wp-json\/wp\/v2\/product\/246254\/revisions"}],"wp:featuredmedia":[{"embeddable":true,"href":"https:\/\/ecoshop.ee\/en\/wp-json\/wp\/v2\/media\/246255"}],"wp:attachment":[{"href":"https:\/\/ecoshop.ee\/en\/wp-json\/wp\/v2\/media?parent=246254"}],"wp:term":[{"taxonomy":"product_brand","embeddable":true,"href":"https:\/\/ecoshop.ee\/en\/wp-json\/wp\/v2\/product_brand?post=246254"},{"taxonomy":"product_cat","embeddable":true,"href":"https:\/\/ecoshop.ee\/en\/wp-json\/wp\/v2\/product_cat?post=246254"},{"taxonomy":"product_tag","embeddable":true,"href":"https:\/\/ecoshop.ee\/en\/wp-json\/wp\/v2\/product_tag?post=246254"}],"curies":[{"name":"wp","href":"https:\/\/api.w.org\/{rel}","templated":true}]}}