{"id":246305,"date":"2025-11-20T14:44:26","date_gmt":"2025-11-20T11:44:26","guid":{"rendered":"https:\/\/ecoshop.ee\/?post_type=product&#038;p=246305"},"modified":"2026-03-31T23:32:15","modified_gmt":"2026-03-31T20:32:15","slug":"nakd-blueberry-raw-bar-35g","status":"publish","type":"product","link":"https:\/\/ecoshop.ee\/en\/proteiinibatoonid\/nakd-mustika-pahkli-toorbatoon-35g\/","title":{"rendered":"N\u0101kd blueberry-walnut raw bar, 35g"},"content":{"rendered":"<p data-start=\"0\" data-end=\"335\">N\u0101kd Blueberry-Nut Raw Bar \u2013 a naturally blueberry treat that reminds you of freshly baked muffins.<br data-start=\"115\" data-end=\"118\" \/>Cold-pressed fruits and nuts create a soft and juicy mouthful, where the delicious taste of blueberries meets natural sweetness. With no added sugar, completely plant-based and gluten-free - a clean formula that&#039;s perfect for any occasion.<\/p>\n<p data-start=\"337\" data-end=\"514\">Perfect for a quick snack at school, work or on the go, each bar provides natural energy and a sense of well-being throughout the day.<\/p>\n<p data-start=\"516\" data-end=\"732\">\u2022 100% natural ingredients<br data-start=\"546\" data-end=\"549\" \/>\u2022 No added sugar \u2013 just the natural sweetness of the fruit<br data-start=\"607\" data-end=\"610\" \/>\u2022 Gluten-free, dairy-free and vegan<br data-start=\"644\" data-end=\"647\" \/>\u2022 High in fiber<br data-start=\"674\" data-end=\"677\" \/>\u2022 Cold pressed \u2013 no preservatives or colorings<\/p>","protected":false},"excerpt":{"rendered":"<p>N\u0101kd mustika-p\u00e4hkli toorbatoon \u2013 loomulikult mustikaline maius, mis toob meelde v\u00e4rskelt k\u00fcpsetatud muffinid.K\u00fclmpressitud puuviljad ja p\u00e4hklid loovad pehme ja mahlase suut\u00e4ie, kus&hellip;<\/p>","protected":false},"featured_media":246306,"comment_status":"open","ping_status":"closed","template":"","meta":{"wprm-recipe-roundup-name":"","wprm-recipe-roundup-description":""},"product_brand":[11999],"product_cat":[144,160],"product_tag":[289],"class_list":{"0":"post-246305","1":"product","2":"type-product","3":"status-publish","4":"has-post-thumbnail","6":"product_brand-nakd","7":"product_cat-proteiinibatoonid","8":"product_cat-kommid","9":"product_tag-toorbatoon","10":"j79_wcxd_expiry_type-expiry-date","12":"first","13":"instock","14":"taxable","15":"shipping-taxable","16":"purchasable","17":"product-type-simple"},"supplier_id":9158,"supplier_sku":"","barcode":"5060088707661","atum_controlled":true,"out_stock_date":null,"out_stock_threshold":null,"inheritable":false,"inbound_stock":0,"stock_on_hold":0,"sold_today":0,"sales_last_days":0,"reserved_stock":0,"customer_returns":0,"warehouse_damage":0,"lost_in_post":0,"other_logs":0,"out_stock_days":0,"lost_sales":0,"has_location":false,"update_date":"2026-03-31T20:32:16","atum_locations":[],"atum_stock_status":"instock","restock_status":false,"low_stock_amount":"","sales_update_date":"2026-03-07T01:16:11","calc_backorders":null,"aioseo_notices":[],"_links":{"self":[{"href":"https:\/\/ecoshop.ee\/en\/wp-json\/wp\/v2\/product\/246305","targetHints":{"allow":["GET"]}}],"collection":[{"href":"https:\/\/ecoshop.ee\/en\/wp-json\/wp\/v2\/product"}],"about":[{"href":"https:\/\/ecoshop.ee\/en\/wp-json\/wp\/v2\/types\/product"}],"replies":[{"embeddable":true,"href":"https:\/\/ecoshop.ee\/en\/wp-json\/wp\/v2\/comments?post=246305"}],"version-history":[{"count":0,"href":"https:\/\/ecoshop.ee\/en\/wp-json\/wp\/v2\/product\/246305\/revisions"}],"wp:featuredmedia":[{"embeddable":true,"href":"https:\/\/ecoshop.ee\/en\/wp-json\/wp\/v2\/media\/246306"}],"wp:attachment":[{"href":"https:\/\/ecoshop.ee\/en\/wp-json\/wp\/v2\/media?parent=246305"}],"wp:term":[{"taxonomy":"product_brand","embeddable":true,"href":"https:\/\/ecoshop.ee\/en\/wp-json\/wp\/v2\/product_brand?post=246305"},{"taxonomy":"product_cat","embeddable":true,"href":"https:\/\/ecoshop.ee\/en\/wp-json\/wp\/v2\/product_cat?post=246305"},{"taxonomy":"product_tag","embeddable":true,"href":"https:\/\/ecoshop.ee\/en\/wp-json\/wp\/v2\/product_tag?post=246305"}],"curies":[{"name":"wp","href":"https:\/\/api.w.org\/{rel}","templated":true}]}}