{"id":246387,"date":"2025-11-28T13:59:39","date_gmt":"2025-11-28T10:59:39","guid":{"rendered":"https:\/\/ecoshop.ee\/?post_type=product&#038;p=246387"},"modified":"2026-05-07T20:05:27","modified_gmt":"2026-05-07T17:05:27","slug":"cosmeau-washing-strips-unwashed-60-pcs","status":"publish","type":"product","link":"https:\/\/ecoshop.ee\/en\/puhastusvahendid\/cosmeau-pesuribad-lohnatu-60tk\/","title":{"rendered":"Cosmeau laundry strips, unscented, 60pcs"},"content":{"rendered":"<p data-start=\"56\" data-end=\"357\">Universal hypoallergenic laundry strips without perfumes. Affordable and ideal for anyone with an allergic reaction to detergents. Easy to use, plastic-free and biodegradable, offering a convenient and environmentally friendly alternative to heavy washing gels and capsules.<\/p>\n<p data-start=\"359\" data-end=\"609\">The highly concentrated formula dissolves in both cold and hot water, ensures clean results and leaves laundry naturally soft - without fabric softener.<\/p>\n<ul>\n<li data-start=\"611\" data-end=\"1120\">New enzyme-enhanced cleaning power<\/li>\n<li data-start=\"611\" data-end=\"1120\">Tested and recommended by certified skin therapist SPROET<\/li>\n<li data-start=\"611\" data-end=\"1120\">Suitable for all temperatures (15\u201390\u00b0C) and also for hand washing<\/li>\n<li data-start=\"611\" data-end=\"1120\">Vegan, plastic-free and biodegradable<\/li>\n<li data-start=\"611\" data-end=\"1120\">Dermatologically tested for sensitive skin<\/li>\n<li data-start=\"611\" data-end=\"1120\">Suitable for white, colored and dark laundry<\/li>\n<li data-start=\"611\" data-end=\"1120\">Softens laundry naturally \u2013 no fabric softener needed<\/li>\n<li data-start=\"611\" data-end=\"1120\">Does not contain parabens, phosphates, limonene, chlorine bleach or dyes<\/li>\n<\/ul>\n<p>A simple, compact and environmentally conscious way to do laundry.<\/p>\n<p data-start=\"1122\" data-end=\"1434\"><strong data-start=\"1122\" data-end=\"1129\">NB!<\/strong><br data-start=\"1129\" data-end=\"1132\" \/>\u2022 Not suitable for wool and silk \u2013 use Cosmeau Wool &amp; Silk laundry strips for these.<br data-start=\"1322\" data-end=\"1325\" \/>\u2022 For tough stains, tear off a piece of the strip and rub it onto the wet stain before washing \u2013 this will give it extra strength.<\/p>","protected":false},"excerpt":{"rendered":"<p>Universaalsed h\u00fcpoallergeensed pesuribad ilma parf\u00fc\u00fcmideta. Soodne ja ideaalne k\u00f5igile, kellel on pesuvahendite suhtes allergiline reaktsioon. Lihtne kasutada, plastikuvaba ja biolagunev, pakkudes mugavat&hellip;<\/p>","protected":false},"featured_media":246389,"comment_status":"open","ping_status":"closed","template":"","meta":{"wprm-recipe-roundup-name":"","wprm-recipe-roundup-description":""},"product_brand":[11998],"product_cat":[8002],"product_tag":[],"class_list":{"0":"post-246387","1":"product","2":"type-product","3":"status-publish","4":"has-post-thumbnail","6":"product_brand-cosmeau","7":"product_cat-puhastusvahendid","9":"first","10":"instock","11":"taxable","12":"shipping-taxable","13":"purchasable","14":"product-type-simple"},"supplier_id":246354,"supplier_sku":"","barcode":"8720655300653","atum_controlled":true,"out_stock_date":null,"out_stock_threshold":null,"inheritable":false,"inbound_stock":0,"stock_on_hold":0,"sold_today":0,"sales_last_days":1,"reserved_stock":0,"customer_returns":0,"warehouse_damage":0,"lost_in_post":0,"other_logs":0,"out_stock_days":0,"lost_sales":0,"has_location":false,"update_date":"2026-05-11T15:18:05","atum_locations":[],"atum_stock_status":"instock","restock_status":false,"low_stock_amount":"","sales_update_date":"2026-05-11T15:18:05","calc_backorders":null,"aioseo_notices":[],"_links":{"self":[{"href":"https:\/\/ecoshop.ee\/en\/wp-json\/wp\/v2\/product\/246387","targetHints":{"allow":["GET"]}}],"collection":[{"href":"https:\/\/ecoshop.ee\/en\/wp-json\/wp\/v2\/product"}],"about":[{"href":"https:\/\/ecoshop.ee\/en\/wp-json\/wp\/v2\/types\/product"}],"replies":[{"embeddable":true,"href":"https:\/\/ecoshop.ee\/en\/wp-json\/wp\/v2\/comments?post=246387"}],"version-history":[{"count":0,"href":"https:\/\/ecoshop.ee\/en\/wp-json\/wp\/v2\/product\/246387\/revisions"}],"wp:featuredmedia":[{"embeddable":true,"href":"https:\/\/ecoshop.ee\/en\/wp-json\/wp\/v2\/media\/246389"}],"wp:attachment":[{"href":"https:\/\/ecoshop.ee\/en\/wp-json\/wp\/v2\/media?parent=246387"}],"wp:term":[{"taxonomy":"product_brand","embeddable":true,"href":"https:\/\/ecoshop.ee\/en\/wp-json\/wp\/v2\/product_brand?post=246387"},{"taxonomy":"product_cat","embeddable":true,"href":"https:\/\/ecoshop.ee\/en\/wp-json\/wp\/v2\/product_cat?post=246387"},{"taxonomy":"product_tag","embeddable":true,"href":"https:\/\/ecoshop.ee\/en\/wp-json\/wp\/v2\/product_tag?post=246387"}],"curies":[{"name":"wp","href":"https:\/\/api.w.org\/{rel}","templated":true}]}}