{"id":246391,"date":"2025-11-28T14:13:21","date_gmt":"2025-11-28T11:13:21","guid":{"rendered":"https:\/\/ecoshop.ee\/?post_type=product&#038;p=246391"},"modified":"2026-04-14T14:14:04","modified_gmt":"2026-04-14T11:14:04","slug":"cosmeau-baby-clothes-washing-strips-bergamot-60-pcs","status":"publish","type":"product","link":"https:\/\/ecoshop.ee\/en\/puhastusvahendid\/cosmeau-beebiriiete-pesuribad-bergamott-60tk\/","title":{"rendered":"Cosmeau baby clothes washing strips, bergamot, 60 pcs"},"content":{"rendered":"<p data-start=\"40\" data-end=\"330\">A gentle and effective laundry solution for baby and toddler clothes. Specially formulated to remove typical baby and toddler stains, while being pH neutral and dermatologically tested. The eco-friendly formula is plastic-free, vegan and biodegradable, and dissolves in both cold and hot water.<\/p>\n<p data-start=\"332\" data-end=\"553\">The bergamot scent is soft, warm and fresh \u2013 suitable for use on both baby clothes and adults with sensitive skin. The plant-based formula cleans without excessive chemicals and leaves clothes feeling fresh and comfortable.<\/p>\n<ul>\n<li data-start=\"611\" data-end=\"1120\">Gentle but effective for baby clothes<\/li>\n<li data-start=\"611\" data-end=\"1120\">pH-neutral and skin-friendly<\/li>\n<li data-start=\"611\" data-end=\"1120\">Suitable for all temperatures (15\u201390\u00b0C) and also for hand washing<\/li>\n<li data-start=\"611\" data-end=\"1120\">Vegan, plastic-free and biodegradable<\/li>\n<li data-start=\"611\" data-end=\"1120\">Dermatologically tested for sensitive skin<\/li>\n<li data-start=\"611\" data-end=\"1120\">Suitable for white, colored and dark laundry<\/li>\n<li data-start=\"611\" data-end=\"1120\">Softens laundry naturally \u2013 no fabric softener needed<\/li>\n<li data-start=\"611\" data-end=\"1120\">Does not contain parabens, phosphates, limonene, chlorine bleach or dyes<\/li>\n<\/ul>\n<p>A simple, compact and environmentally conscious way to do laundry.<\/p>\n<p data-start=\"1122\" data-end=\"1434\"><strong data-start=\"1122\" data-end=\"1129\">NB!<\/strong><br data-start=\"1129\" data-end=\"1132\" \/>\u2022 Not suitable for wool and silk \u2013 use Cosmeau Wool &amp; Silk laundry strips for these.<br data-start=\"1322\" data-end=\"1325\" \/>\u2022 For tough stains, tear off a piece of the strip and rub it onto the wet stain before washing \u2013 this will give it extra strength.<\/p>","protected":false},"excerpt":{"rendered":"<p>\u00d5rn ja t\u00f5hus pesulahendus beebide ja v\u00e4ikelaste riietele. Spetsiaalselt loodud eemaldama t\u00fc\u00fcpilisi beebi- ja mudilaseplekke, olles samal ajal pH-neutraalne ning dermatoloogiliselt testitud.&hellip;<\/p>","protected":false},"featured_media":246392,"comment_status":"open","ping_status":"closed","template":"","meta":{"wprm-recipe-roundup-name":"","wprm-recipe-roundup-description":""},"product_brand":[11998],"product_cat":[8002],"product_tag":[],"class_list":{"0":"post-246391","1":"product","2":"type-product","3":"status-publish","4":"has-post-thumbnail","6":"product_brand-cosmeau","7":"product_cat-puhastusvahendid","9":"first","10":"instock","11":"taxable","12":"shipping-taxable","13":"purchasable","14":"product-type-simple"},"supplier_id":246354,"supplier_sku":"","barcode":"8720655301377","atum_controlled":true,"out_stock_date":null,"out_stock_threshold":null,"inheritable":false,"inbound_stock":0,"stock_on_hold":0,"sold_today":0,"sales_last_days":1,"reserved_stock":0,"customer_returns":0,"warehouse_damage":0,"lost_in_post":0,"other_logs":0,"out_stock_days":0,"lost_sales":0,"has_location":false,"update_date":"2026-04-17T07:24:10","atum_locations":[],"atum_stock_status":"instock","restock_status":false,"low_stock_amount":"","sales_update_date":"2026-04-17T07:24:10","calc_backorders":null,"aioseo_notices":[],"_links":{"self":[{"href":"https:\/\/ecoshop.ee\/en\/wp-json\/wp\/v2\/product\/246391","targetHints":{"allow":["GET"]}}],"collection":[{"href":"https:\/\/ecoshop.ee\/en\/wp-json\/wp\/v2\/product"}],"about":[{"href":"https:\/\/ecoshop.ee\/en\/wp-json\/wp\/v2\/types\/product"}],"replies":[{"embeddable":true,"href":"https:\/\/ecoshop.ee\/en\/wp-json\/wp\/v2\/comments?post=246391"}],"version-history":[{"count":0,"href":"https:\/\/ecoshop.ee\/en\/wp-json\/wp\/v2\/product\/246391\/revisions"}],"wp:featuredmedia":[{"embeddable":true,"href":"https:\/\/ecoshop.ee\/en\/wp-json\/wp\/v2\/media\/246392"}],"wp:attachment":[{"href":"https:\/\/ecoshop.ee\/en\/wp-json\/wp\/v2\/media?parent=246391"}],"wp:term":[{"taxonomy":"product_brand","embeddable":true,"href":"https:\/\/ecoshop.ee\/en\/wp-json\/wp\/v2\/product_brand?post=246391"},{"taxonomy":"product_cat","embeddable":true,"href":"https:\/\/ecoshop.ee\/en\/wp-json\/wp\/v2\/product_cat?post=246391"},{"taxonomy":"product_tag","embeddable":true,"href":"https:\/\/ecoshop.ee\/en\/wp-json\/wp\/v2\/product_tag?post=246391"}],"curies":[{"name":"wp","href":"https:\/\/api.w.org\/{rel}","templated":true}]}}