{"id":246410,"date":"2025-11-28T16:08:13","date_gmt":"2025-11-28T13:08:13","guid":{"rendered":"https:\/\/ecoshop.ee\/?post_type=product&#038;p=246410"},"modified":"2025-12-31T08:25:26","modified_gmt":"2025-12-31T05:25:26","slug":"cosmeau-washing-strips-spring-60pcs","status":"publish","type":"product","link":"https:\/\/ecoshop.ee\/en\/puhastusvahendid\/cosmeau-pesuribad-kevad-60tk\/","title":{"rendered":"Cosmeau laundry strips, spring, 60pcs"},"content":{"rendered":"<p>Laundry strips with an airy and fresh spring scent that bring a clean and soft aroma to clothes like the first warm breezes after winter. Easy to use, plastic-free and biodegradable, offering a convenient and environmentally friendly alternative to heavy washing gels and capsules.<\/p>\n<p data-start=\"359\" data-end=\"609\">The highly concentrated formula dissolves in both cold and hot water, ensuring clean results and leaving laundry naturally soft \u2013 without the need for fabric softener. The scent is activated by friction: after drying, lightly rubbing the clothes together releases a fresh, delicate aroma.<\/p>\n<ul>\n<li data-start=\"611\" data-end=\"1120\">New enzyme-enhanced cleaning power<\/li>\n<li data-start=\"611\" data-end=\"1120\">Long-lasting fragrance technology<\/li>\n<li data-start=\"611\" data-end=\"1120\">5-in-1: colored, white, black, softness and scent in one<\/li>\n<li data-start=\"611\" data-end=\"1120\">Suitable for all temperatures (15\u201390\u00b0C) and also for hand washing<\/li>\n<li data-start=\"611\" data-end=\"1120\">Vegan, plastic-free and biodegradable<\/li>\n<li data-start=\"611\" data-end=\"1120\">Dermatologically tested for sensitive skin<\/li>\n<li data-start=\"611\" data-end=\"1120\">Suitable for white, colored and dark laundry<\/li>\n<li data-start=\"611\" data-end=\"1120\">Softens laundry naturally \u2013 no fabric softener needed<\/li>\n<li data-start=\"611\" data-end=\"1120\">Does not contain parabens, phosphates, limonene, chlorine bleach or dyes<\/li>\n<\/ul>\n<p>A simple, compact and environmentally conscious way to do laundry.<\/p>\n<p data-start=\"1122\" data-end=\"1434\"><strong data-start=\"1122\" data-end=\"1129\">NB!<\/strong><br data-start=\"1129\" data-end=\"1132\" \/>\u2022 Not suitable for wool and silk \u2013 use Cosmeau Wool &amp; Silk laundry strips for these.<br data-start=\"1216\" data-end=\"1219\" \/>\u2022 The scent of the laundry strips is of a milder intensity than that of the pod capsules. The scent intensifies with movement and friction.<br data-start=\"1322\" data-end=\"1325\" \/>\u2022 For tough stains, tear off a piece of the strip and rub it onto the wet stain before washing \u2013 this will give it extra strength.<\/p>","protected":false},"excerpt":{"rendered":"<p>\u00d5hulise ja v\u00e4rske kevadl\u00f5hnaga pesuribad, mis toovad riietesse puhta ja pehme aroomi justkui esimesed soojad tuuleiilid p\u00e4rast talve. Lihtne kasutada, plastikuvaba ja&hellip;<\/p>","protected":false},"featured_media":246412,"comment_status":"open","ping_status":"closed","template":"","meta":{"wprm-recipe-roundup-name":"","wprm-recipe-roundup-description":""},"product_brand":[11998],"product_cat":[8002],"product_tag":[],"class_list":{"0":"post-246410","1":"product","2":"type-product","3":"status-publish","4":"has-post-thumbnail","6":"product_brand-cosmeau","7":"product_cat-puhastusvahendid","9":"first","10":"instock","11":"taxable","12":"shipping-taxable","13":"purchasable","14":"product-type-simple"},"supplier_id":246354,"supplier_sku":"","barcode":"8720655300646","atum_controlled":true,"out_stock_date":null,"out_stock_threshold":null,"inheritable":false,"inbound_stock":0,"stock_on_hold":0,"sold_today":0,"sales_last_days":0,"reserved_stock":0,"customer_returns":0,"warehouse_damage":0,"lost_in_post":0,"other_logs":0,"out_stock_days":0,"lost_sales":0,"has_location":false,"update_date":"2026-04-10T14:29:34","atum_locations":[],"atum_stock_status":"instock","restock_status":false,"low_stock_amount":"","sales_update_date":"2026-04-10T14:29:34","calc_backorders":null,"aioseo_notices":[],"_links":{"self":[{"href":"https:\/\/ecoshop.ee\/en\/wp-json\/wp\/v2\/product\/246410","targetHints":{"allow":["GET"]}}],"collection":[{"href":"https:\/\/ecoshop.ee\/en\/wp-json\/wp\/v2\/product"}],"about":[{"href":"https:\/\/ecoshop.ee\/en\/wp-json\/wp\/v2\/types\/product"}],"replies":[{"embeddable":true,"href":"https:\/\/ecoshop.ee\/en\/wp-json\/wp\/v2\/comments?post=246410"}],"version-history":[{"count":0,"href":"https:\/\/ecoshop.ee\/en\/wp-json\/wp\/v2\/product\/246410\/revisions"}],"wp:featuredmedia":[{"embeddable":true,"href":"https:\/\/ecoshop.ee\/en\/wp-json\/wp\/v2\/media\/246412"}],"wp:attachment":[{"href":"https:\/\/ecoshop.ee\/en\/wp-json\/wp\/v2\/media?parent=246410"}],"wp:term":[{"taxonomy":"product_brand","embeddable":true,"href":"https:\/\/ecoshop.ee\/en\/wp-json\/wp\/v2\/product_brand?post=246410"},{"taxonomy":"product_cat","embeddable":true,"href":"https:\/\/ecoshop.ee\/en\/wp-json\/wp\/v2\/product_cat?post=246410"},{"taxonomy":"product_tag","embeddable":true,"href":"https:\/\/ecoshop.ee\/en\/wp-json\/wp\/v2\/product_tag?post=246410"}],"curies":[{"name":"wp","href":"https:\/\/api.w.org\/{rel}","templated":true}]}}