{"id":246414,"date":"2025-11-28T16:21:36","date_gmt":"2025-11-28T13:21:36","guid":{"rendered":"https:\/\/ecoshop.ee\/?post_type=product&#038;p=246414"},"modified":"2025-12-02T10:20:04","modified_gmt":"2025-12-02T07:20:04","slug":"cosmeau-laundry-strips-for-wool-and-silk-60pcs","status":"publish","type":"product","link":"https:\/\/ecoshop.ee\/en\/puhastusvahendid\/cosmeau-pesuribad-villale-ja-siidile-60tk\/","title":{"rendered":"Cosmeau laundry strips, for wool and silk, 60pcs"},"content":{"rendered":"<p>A gentle 5-in-1 laundry solution for your most delicate clothes. These laundry strips are specially designed for wool and silk, suitable for light, colored and dark laundry. The thin, plastic-free and biodegradable strips dissolve quickly, leaving your laundry clean and fresh without the use of harsh chemicals.<\/p>\n<p>The highly concentrated formula dissolves in both cold and hot water, ensuring a clean result and leaving your laundry naturally soft \u2013 without the need for fabric softener. The scent is soft and delicate \u2013 it is only activated by lightly rubbing the clothes together after drying, so that the scent lasts longer when moving and wearing.<\/p>\n<ul>\n<li data-start=\"611\" data-end=\"1120\">Designed specifically for delicate washing of wool and silk<\/li>\n<li data-start=\"611\" data-end=\"1120\">Long-lasting fragrance technology<\/li>\n<li data-start=\"611\" data-end=\"1120\">5-in-1: colored, white, black, softness and scent in one<\/li>\n<li data-start=\"611\" data-end=\"1120\">Suitable for all temperatures (15\u201390\u00b0C) and also for hand washing<\/li>\n<li data-start=\"611\" data-end=\"1120\">Vegan, plastic-free and biodegradable<\/li>\n<li data-start=\"611\" data-end=\"1120\">Dermatologically tested for sensitive skin<\/li>\n<li data-start=\"611\" data-end=\"1120\">Suitable for white, colored and dark laundry<\/li>\n<li data-start=\"611\" data-end=\"1120\">Softens laundry naturally \u2013 no fabric softener needed<\/li>\n<li data-start=\"611\" data-end=\"1120\">Does not contain parabens, phosphates, limonene, chlorine bleach or dyes<\/li>\n<\/ul>\n<p>A simple, compact and environmentally conscious way to do laundry.<\/p>\n<p data-start=\"1122\" data-end=\"1434\"><strong data-start=\"1122\" data-end=\"1129\">NB!<\/strong><br data-start=\"1216\" data-end=\"1219\" \/>\u2022 The scent of the laundry strips is of a milder intensity than that of the pod capsules. The scent intensifies with movement and friction.<br data-start=\"1322\" data-end=\"1325\" \/>\u2022 For tough stains, tear off a piece of the strip and rub it onto the wet stain before washing \u2013 this will give it extra strength.<\/p>","protected":false},"excerpt":{"rendered":"<p>\u00d5rn viis-\u00fches pesulahendus sinu k\u00f5ige delikaatsematele riietele. Need pesuribad on loodud spetsiaalselt villa ja siidi jaoks, sobides nii heledale, v\u00e4rvilisele kui tumedale&hellip;<\/p>","protected":false},"featured_media":246415,"comment_status":"open","ping_status":"closed","template":"","meta":{"wprm-recipe-roundup-name":"","wprm-recipe-roundup-description":""},"product_brand":[11998],"product_cat":[8002],"product_tag":[],"class_list":{"0":"post-246414","1":"product","2":"type-product","3":"status-publish","4":"has-post-thumbnail","6":"product_brand-cosmeau","7":"product_cat-puhastusvahendid","9":"first","10":"instock","11":"taxable","12":"shipping-taxable","13":"purchasable","14":"product-type-simple"},"supplier_id":246354,"supplier_sku":"","barcode":"8720655302831","atum_controlled":true,"out_stock_date":null,"out_stock_threshold":null,"inheritable":false,"inbound_stock":0,"stock_on_hold":0,"sold_today":0,"sales_last_days":0,"reserved_stock":0,"customer_returns":0,"warehouse_damage":0,"lost_in_post":0,"other_logs":0,"out_stock_days":0,"lost_sales":0,"has_location":false,"update_date":"2026-04-10T14:29:34","atum_locations":[],"atum_stock_status":"instock","restock_status":false,"low_stock_amount":"","sales_update_date":"2026-04-10T14:29:34","calc_backorders":null,"aioseo_notices":[],"_links":{"self":[{"href":"https:\/\/ecoshop.ee\/en\/wp-json\/wp\/v2\/product\/246414","targetHints":{"allow":["GET"]}}],"collection":[{"href":"https:\/\/ecoshop.ee\/en\/wp-json\/wp\/v2\/product"}],"about":[{"href":"https:\/\/ecoshop.ee\/en\/wp-json\/wp\/v2\/types\/product"}],"replies":[{"embeddable":true,"href":"https:\/\/ecoshop.ee\/en\/wp-json\/wp\/v2\/comments?post=246414"}],"version-history":[{"count":0,"href":"https:\/\/ecoshop.ee\/en\/wp-json\/wp\/v2\/product\/246414\/revisions"}],"wp:featuredmedia":[{"embeddable":true,"href":"https:\/\/ecoshop.ee\/en\/wp-json\/wp\/v2\/media\/246415"}],"wp:attachment":[{"href":"https:\/\/ecoshop.ee\/en\/wp-json\/wp\/v2\/media?parent=246414"}],"wp:term":[{"taxonomy":"product_brand","embeddable":true,"href":"https:\/\/ecoshop.ee\/en\/wp-json\/wp\/v2\/product_brand?post=246414"},{"taxonomy":"product_cat","embeddable":true,"href":"https:\/\/ecoshop.ee\/en\/wp-json\/wp\/v2\/product_cat?post=246414"},{"taxonomy":"product_tag","embeddable":true,"href":"https:\/\/ecoshop.ee\/en\/wp-json\/wp\/v2\/product_tag?post=246414"}],"curies":[{"name":"wp","href":"https:\/\/api.w.org\/{rel}","templated":true}]}}