{"id":246426,"date":"2025-11-28T17:28:01","date_gmt":"2025-11-28T14:28:01","guid":{"rendered":"https:\/\/ecoshop.ee\/?post_type=product&#038;p=246426"},"modified":"2025-11-28T17:28:03","modified_gmt":"2025-11-28T14:28:03","slug":"cosmeau-fragrance-pearls-spring-50-washes","status":"publish","type":"product","link":"https:\/\/ecoshop.ee\/en\/puhastusvahendid\/cosmeau-lohnaparlid-kevad-50-pesu\/","title":{"rendered":"Cosmeau fragrance pearls, spring, 50 washes"},"content":{"rendered":"<p data-start=\"47\" data-end=\"347\">Eco-friendly fragrance pearls that give laundry a fresh and long-lasting aroma. The micro-fragrance capsules are released when rubbed \u2013 when walking, moving or exercising \u2013 and provide a pleasant scent for up to 12 weeks. The scent is natural, not synthetic, and is suitable for both women and men.<\/p>\n<p data-start=\"349\" data-end=\"541\"><em data-start=\"349\" data-end=\"363\">Spring freshness<\/em>\u00a0evokes the feeling of being on a sunny spring day: warm air, birdsong and a light floral scent. Ideal especially for bedding, giving a soft, fresh and not too sweet aroma.<\/p>\n<ul>\n<li data-start=\"543\" data-end=\"991\">Gives laundry extra fragrance<\/li>\n<li data-start=\"543\" data-end=\"991\">Made from cornstarch, vegan<\/li>\n<li data-start=\"543\" data-end=\"991\">Natural scent<\/li>\n<li data-start=\"543\" data-end=\"991\">Up to 12 weeks of freshness<\/li>\n<li data-start=\"543\" data-end=\"991\">Measuring cup included<\/li>\n<li data-start=\"543\" data-end=\"991\">Up to 50 washes with a light scent or 25 washes with a stronger scent<\/li>\n<li data-start=\"543\" data-end=\"991\">Add directly to the empty drum before washing<\/li>\n<li data-start=\"543\" data-end=\"991\">Perfectly matches Cosmeau wash strips<\/li>\n<\/ul>\n<p data-start=\"993\" data-end=\"1072\" data-is-last-node=\"\" data-is-only-node=\"\">Soft, spring freshness with every wash \u2013 natural, long-lasting and sustainable.<\/p>\n<p data-start=\"0\" data-end=\"17\"><strong data-start=\"0\" data-end=\"17\">Refill packages<\/strong><\/p>\n<p data-start=\"19\" data-end=\"251\" data-is-last-node=\"\" data-is-only-node=\"\">The standard tube with measuring cup is packaged in a way that preserves the scent for as long as possible. There&#039;s no need to replace it every time - in the future, you can simply order cheaper refills that use less packaging.<\/p>","protected":false},"excerpt":{"rendered":"<p>Keskkonnas\u00f5bralikud l\u00f5hnap\u00e4rlid, mis annavad pesule v\u00e4rske ja kauap\u00fcsiva aroomi. Mikro-l\u00f5hnakapslid vabanevad h\u00f5\u00f5rdumisel \u2013 k\u00f5ndides, liikudes v\u00f5i trenni tehes \u2013 ning pakuvad kuni&hellip;<\/p>","protected":false},"featured_media":246427,"comment_status":"open","ping_status":"closed","template":"","meta":{"wprm-recipe-roundup-name":"","wprm-recipe-roundup-description":""},"product_brand":[11998],"product_cat":[8002],"product_tag":[],"class_list":{"0":"post-246426","1":"product","2":"type-product","3":"status-publish","4":"has-post-thumbnail","6":"product_brand-cosmeau","7":"product_cat-puhastusvahendid","9":"first","10":"instock","11":"taxable","12":"shipping-taxable","13":"purchasable","14":"product-type-simple"},"supplier_id":246354,"supplier_sku":"","barcode":"8720655301452","atum_controlled":true,"out_stock_date":null,"out_stock_threshold":null,"inheritable":false,"inbound_stock":0,"stock_on_hold":0,"sold_today":0,"sales_last_days":0,"reserved_stock":0,"customer_returns":0,"warehouse_damage":0,"lost_in_post":0,"other_logs":0,"out_stock_days":0,"lost_sales":0,"has_location":false,"update_date":"2026-04-20T21:45:56","atum_locations":[],"atum_stock_status":"instock","restock_status":false,"low_stock_amount":"","sales_update_date":"2026-04-20T21:45:56","calc_backorders":null,"aioseo_notices":[],"_links":{"self":[{"href":"https:\/\/ecoshop.ee\/en\/wp-json\/wp\/v2\/product\/246426","targetHints":{"allow":["GET"]}}],"collection":[{"href":"https:\/\/ecoshop.ee\/en\/wp-json\/wp\/v2\/product"}],"about":[{"href":"https:\/\/ecoshop.ee\/en\/wp-json\/wp\/v2\/types\/product"}],"replies":[{"embeddable":true,"href":"https:\/\/ecoshop.ee\/en\/wp-json\/wp\/v2\/comments?post=246426"}],"version-history":[{"count":0,"href":"https:\/\/ecoshop.ee\/en\/wp-json\/wp\/v2\/product\/246426\/revisions"}],"wp:featuredmedia":[{"embeddable":true,"href":"https:\/\/ecoshop.ee\/en\/wp-json\/wp\/v2\/media\/246427"}],"wp:attachment":[{"href":"https:\/\/ecoshop.ee\/en\/wp-json\/wp\/v2\/media?parent=246426"}],"wp:term":[{"taxonomy":"product_brand","embeddable":true,"href":"https:\/\/ecoshop.ee\/en\/wp-json\/wp\/v2\/product_brand?post=246426"},{"taxonomy":"product_cat","embeddable":true,"href":"https:\/\/ecoshop.ee\/en\/wp-json\/wp\/v2\/product_cat?post=246426"},{"taxonomy":"product_tag","embeddable":true,"href":"https:\/\/ecoshop.ee\/en\/wp-json\/wp\/v2\/product_tag?post=246426"}],"curies":[{"name":"wp","href":"https:\/\/api.w.org\/{rel}","templated":true}]}}