{"id":246450,"date":"2025-11-30T18:55:07","date_gmt":"2025-11-30T15:55:07","guid":{"rendered":"https:\/\/ecoshop.ee\/?post_type=product&#038;p=246450"},"modified":"2025-11-30T18:55:08","modified_gmt":"2025-11-30T15:55:08","slug":"cosmeau-toilet-cleaning-strips-60pcs","status":"publish","type":"product","link":"https:\/\/ecoshop.ee\/en\/puhastusvahendid\/cosmeau-wc-puhastusribad-60tk\/","title":{"rendered":"Cosmeau toilet cleaning strips, 60pcs"},"content":{"rendered":"<p data-start=\"30\" data-end=\"347\">Eco-friendly toilet cleaner in a convenient paper strip form \u2013 just add one strip to the pot and let it do its job. Biodegradable, space-saving and more affordable than traditional toilet gels. The ultra-concentrated formula removes dirt and scale without phosphates, bleaches or harsh chemicals.<\/p>\n<p data-start=\"349\" data-end=\"535\">\u2022 Strong scale and dirt removal<br data-start=\"386\" data-end=\"389\" \/>\u2022 Fresh scent<br data-start=\"402\" data-end=\"405\" \/>\u2022 pH-neutral \u2013 does not damage the pot, metal or plastic parts<br data-start=\"466\" data-end=\"469\" \/>\u2022 Fully soluble and non-clogging<br data-start=\"504\" data-end=\"507\" \/>\u2022 Plastic-free and biodegradable<\/p>\n<p data-start=\"349\" data-end=\"535\">\n<p data-start=\"537\" data-end=\"559\"><strong data-start=\"537\" data-end=\"557\">How to use?<\/strong><\/p>\n<ol data-start=\"560\" data-end=\"789\">\n<li data-start=\"560\" data-end=\"631\">\n<p data-start=\"563\" data-end=\"631\">Tear the strip in half along the perforation or use a whole strip.<\/p>\n<\/li>\n<li data-start=\"632\" data-end=\"662\">\n<p data-start=\"635\" data-end=\"662\">Place the strip in the toilet bowl water.<\/p>\n<\/li>\n<li data-start=\"663\" data-end=\"706\">\n<p data-start=\"666\" data-end=\"706\">Let it dissolve for 20-30 seconds.<\/p>\n<\/li>\n<li data-start=\"707\" data-end=\"742\">\n<p data-start=\"710\" data-end=\"742\">Brush the pot with a toilet brush.<\/p>\n<\/li>\n<li data-start=\"743\" data-end=\"789\">\n<p data-start=\"746\" data-end=\"789\">Rinse or leave on for a while longer.<\/p>\n<\/li>\n<\/ol>\n<p data-start=\"791\" data-end=\"880\"><strong data-start=\"791\" data-end=\"806\">Dosage<\/strong><br data-start=\"806\" data-end=\"809\" \/>\u2022 <strong data-start=\"811\" data-end=\"821\">\u00bd strip<\/strong> \u2013 regular cleaning<br data-start=\"841\" data-end=\"844\" \/>\u2022 <strong data-start=\"846\" data-end=\"856\">1 strip<\/strong> \u2013 more thorough cleaning<\/p>\n<p data-start=\"882\" data-end=\"983\" data-is-last-node=\"\" data-is-only-node=\"\">30 strips are enough for up to 60<strong data-start=\"904\" data-end=\"927\">\u00a0for cleaning purposes<\/strong>.<\/p>","protected":false},"excerpt":{"rendered":"<p>Keskkonnas\u00f5bralik WC-puhastusvahend mugaval pabeririba kujul \u2013 lihtsalt lisa \u00fcks riba potti ja lase sellel oma t\u00f6\u00f6 \u00e4ra teha. Biolagunev, ruumis\u00e4\u00e4stlik ning soodsam&hellip;<\/p>","protected":false},"featured_media":246451,"comment_status":"open","ping_status":"closed","template":"","meta":{"wprm-recipe-roundup-name":"","wprm-recipe-roundup-description":""},"product_brand":[11998],"product_cat":[8002],"product_tag":[],"class_list":{"0":"post-246450","1":"product","2":"type-product","3":"status-publish","4":"has-post-thumbnail","6":"product_brand-cosmeau","7":"product_cat-puhastusvahendid","9":"first","10":"instock","11":"taxable","12":"shipping-taxable","13":"purchasable","14":"product-type-simple"},"supplier_id":246354,"supplier_sku":"","barcode":"8720655301391","atum_controlled":true,"out_stock_date":null,"out_stock_threshold":null,"inheritable":false,"inbound_stock":0,"stock_on_hold":0,"sold_today":0,"sales_last_days":0,"reserved_stock":0,"customer_returns":0,"warehouse_damage":0,"lost_in_post":0,"other_logs":0,"out_stock_days":0,"lost_sales":0,"has_location":false,"update_date":"2026-04-20T21:45:56","atum_locations":[],"atum_stock_status":"instock","restock_status":false,"low_stock_amount":"","sales_update_date":"2026-04-20T21:45:56","calc_backorders":null,"aioseo_notices":[],"_links":{"self":[{"href":"https:\/\/ecoshop.ee\/en\/wp-json\/wp\/v2\/product\/246450","targetHints":{"allow":["GET"]}}],"collection":[{"href":"https:\/\/ecoshop.ee\/en\/wp-json\/wp\/v2\/product"}],"about":[{"href":"https:\/\/ecoshop.ee\/en\/wp-json\/wp\/v2\/types\/product"}],"replies":[{"embeddable":true,"href":"https:\/\/ecoshop.ee\/en\/wp-json\/wp\/v2\/comments?post=246450"}],"version-history":[{"count":0,"href":"https:\/\/ecoshop.ee\/en\/wp-json\/wp\/v2\/product\/246450\/revisions"}],"wp:featuredmedia":[{"embeddable":true,"href":"https:\/\/ecoshop.ee\/en\/wp-json\/wp\/v2\/media\/246451"}],"wp:attachment":[{"href":"https:\/\/ecoshop.ee\/en\/wp-json\/wp\/v2\/media?parent=246450"}],"wp:term":[{"taxonomy":"product_brand","embeddable":true,"href":"https:\/\/ecoshop.ee\/en\/wp-json\/wp\/v2\/product_brand?post=246450"},{"taxonomy":"product_cat","embeddable":true,"href":"https:\/\/ecoshop.ee\/en\/wp-json\/wp\/v2\/product_cat?post=246450"},{"taxonomy":"product_tag","embeddable":true,"href":"https:\/\/ecoshop.ee\/en\/wp-json\/wp\/v2\/product_tag?post=246450"}],"curies":[{"name":"wp","href":"https:\/\/api.w.org\/{rel}","templated":true}]}}