{"id":246453,"date":"2025-11-30T19:06:58","date_gmt":"2025-11-30T16:06:58","guid":{"rendered":"https:\/\/ecoshop.ee\/?post_type=product&#038;p=246453"},"modified":"2025-11-30T19:06:59","modified_gmt":"2025-11-30T16:06:59","slug":"cosmeau-floor-cleaning-strips-60-pcs","status":"publish","type":"product","link":"https:\/\/ecoshop.ee\/en\/puhastusvahendid\/cosmeau-porandapuhastusribad-60tk\/","title":{"rendered":"Cosmeau floor cleaning strips, 60pcs"},"content":{"rendered":"<p data-start=\"34\" data-end=\"239\">Eco-friendly floor cleaner in the form of a convenient paper strip - just add the strip to the bucket and let it dissolve. Biodegradable, space-saving and more affordable than traditional floor cleaners.<\/p>\n<p data-start=\"241\" data-end=\"583\">\u2022 Ultra-concentrated \u2013 removes dirt, stains and bacteria using enzymes<br data-start=\"319\" data-end=\"322\" \/>\u2022 Gentle formula that won&#039;t damage floors or harm baby&#039;s bare feet<br data-start=\"407\" data-end=\"410\" \/>\u2022 Does not contain phosphates, bleaches or aggressive chemicals<br data-start=\"471\" data-end=\"474\" \/>\u2022 Suitable for all types of floors: laminate, wood, tiles, cast floors, etc.<br data-start=\"545\" data-end=\"548\" \/>\u2022 Completely soluble and plastic-free<\/p>\n<p data-start=\"241\" data-end=\"583\">A simple, effective and environmentally friendly way to make your floors shine.<\/p>\n<p data-start=\"585\" data-end=\"607\"><strong data-start=\"585\" data-end=\"605\">How to use?<\/strong><\/p>\n<ol data-start=\"608\" data-end=\"852\">\n<li data-start=\"608\" data-end=\"679\">\n<p data-start=\"611\" data-end=\"679\">Tear the strip in half along the perforation or use a whole strip.<\/p>\n<\/li>\n<li data-start=\"680\" data-end=\"736\">\n<p data-start=\"683\" data-end=\"736\">Place the strip in a bucket filled with hot or cold water.<\/p>\n<\/li>\n<li data-start=\"737\" data-end=\"780\">\n<p data-start=\"740\" data-end=\"780\">Let it dissolve for 20-30 seconds.<\/p>\n<\/li>\n<li data-start=\"781\" data-end=\"815\">\n<p data-start=\"784\" data-end=\"815\">Completely submerge the mop in water.<\/p>\n<\/li>\n<li data-start=\"816\" data-end=\"852\">\n<p data-start=\"819\" data-end=\"852\">Clean the floor as usual.<\/p>\n<\/li>\n<\/ol>\n<p data-start=\"854\" data-end=\"1028\"><strong data-start=\"854\" data-end=\"869\">Dosage<\/strong><br data-start=\"869\" data-end=\"872\" \/>\u2022 <strong data-start=\"874\" data-end=\"884\">\u00bd strip<\/strong> \u2013 for about a 5-liter bucket or for regular cleaning<br data-start=\"944\" data-end=\"947\" \/>\u2022 <strong data-start=\"949\" data-end=\"959\">1 strip<\/strong> \u2013 For a 10-liter bucket or for cleaning a very dirty floor<\/p>","protected":false},"excerpt":{"rendered":"<p>Keskkonnas\u00f5bralik p\u00f5randapuhastusvahend mugava pabeririba kujul \u2013 lihtsalt lisa riba \u00e4mbrisse ja lase sellel lahustuda. Biolagunev, ruumis\u00e4\u00e4stlik ning soodsam kui traditsioonilised p\u00f5randapuhastusvahendid. \u2022&hellip;<\/p>","protected":false},"featured_media":246454,"comment_status":"open","ping_status":"closed","template":"","meta":{"wprm-recipe-roundup-name":"","wprm-recipe-roundup-description":""},"product_brand":[11998],"product_cat":[8002],"product_tag":[],"class_list":{"0":"post-246453","1":"product","2":"type-product","3":"status-publish","4":"has-post-thumbnail","6":"product_brand-cosmeau","7":"product_cat-puhastusvahendid","9":"first","10":"instock","11":"taxable","12":"shipping-taxable","13":"purchasable","14":"product-type-simple"},"supplier_id":246354,"supplier_sku":"","barcode":"8720655301353","atum_controlled":true,"out_stock_date":null,"out_stock_threshold":null,"inheritable":false,"inbound_stock":0,"stock_on_hold":0,"sold_today":0,"sales_last_days":0,"reserved_stock":0,"customer_returns":0,"warehouse_damage":0,"lost_in_post":0,"other_logs":0,"out_stock_days":0,"lost_sales":0,"has_location":false,"update_date":"2026-04-20T21:45:56","atum_locations":[],"atum_stock_status":"instock","restock_status":false,"low_stock_amount":"","sales_update_date":"2026-04-20T21:45:56","calc_backorders":null,"aioseo_notices":[],"_links":{"self":[{"href":"https:\/\/ecoshop.ee\/en\/wp-json\/wp\/v2\/product\/246453","targetHints":{"allow":["GET"]}}],"collection":[{"href":"https:\/\/ecoshop.ee\/en\/wp-json\/wp\/v2\/product"}],"about":[{"href":"https:\/\/ecoshop.ee\/en\/wp-json\/wp\/v2\/types\/product"}],"replies":[{"embeddable":true,"href":"https:\/\/ecoshop.ee\/en\/wp-json\/wp\/v2\/comments?post=246453"}],"version-history":[{"count":0,"href":"https:\/\/ecoshop.ee\/en\/wp-json\/wp\/v2\/product\/246453\/revisions"}],"wp:featuredmedia":[{"embeddable":true,"href":"https:\/\/ecoshop.ee\/en\/wp-json\/wp\/v2\/media\/246454"}],"wp:attachment":[{"href":"https:\/\/ecoshop.ee\/en\/wp-json\/wp\/v2\/media?parent=246453"}],"wp:term":[{"taxonomy":"product_brand","embeddable":true,"href":"https:\/\/ecoshop.ee\/en\/wp-json\/wp\/v2\/product_brand?post=246453"},{"taxonomy":"product_cat","embeddable":true,"href":"https:\/\/ecoshop.ee\/en\/wp-json\/wp\/v2\/product_cat?post=246453"},{"taxonomy":"product_tag","embeddable":true,"href":"https:\/\/ecoshop.ee\/en\/wp-json\/wp\/v2\/product_tag?post=246453"}],"curies":[{"name":"wp","href":"https:\/\/api.w.org\/{rel}","templated":true}]}}