{"id":246456,"date":"2025-11-30T19:21:09","date_gmt":"2025-11-30T16:21:09","guid":{"rendered":"https:\/\/ecoshop.ee\/?post_type=product&#038;p=246456"},"modified":"2026-04-20T12:03:34","modified_gmt":"2026-04-20T09:03:34","slug":"cosmeau-washing-machine-strips-60pcs","status":"publish","type":"product","link":"https:\/\/ecoshop.ee\/en\/puhastusvahendid\/cosmeau-noudepesumasina-ribad-60tk\/","title":{"rendered":"Cosmeau dishwasher strips, 60pcs"},"content":{"rendered":"<p data-start=\"35\" data-end=\"216\">Eco-friendly and convenient dishwasher detergent in the form of a paper strip. Tear, dose and place in the machine - easy! Biodegradable according to EU requirements, plastic-free and extremely space-saving.<\/p>\n<p data-start=\"218\" data-end=\"479\">\u2022 Ultra-concentrated formula removes dirt, stains, food residue and bacteria using enzymes<br data-start=\"318\" data-end=\"321\" \/>\u2022 Does not contain parabens, phosphates or aggressive chemicals<br data-start=\"381\" data-end=\"384\" \/>\u2022 Fully dissolvable strip<br data-start=\"410\" data-end=\"413\" \/>\u2022 Plastic-free packaging<br data-start=\"432\" data-end=\"435\" \/>\u2022 Dosable according to the level of soiling<\/p>\n<p data-start=\"481\" data-end=\"503\"><strong data-start=\"481\" data-end=\"501\">How to use?<\/strong><\/p>\n<ol data-start=\"504\" data-end=\"833\">\n<li data-start=\"504\" data-end=\"626\">\n<p data-start=\"507\" data-end=\"626\">Fold the strip to fit into the dispenser. If necessary, tear off a piece and place it in the bottom of the dishwasher for pre-wash.<\/p>\n<\/li>\n<li data-start=\"627\" data-end=\"661\">\n<p data-start=\"630\" data-end=\"661\">Wash hands after handling.<\/p>\n<\/li>\n<li data-start=\"662\" data-end=\"833\">\n<p data-start=\"665\" data-end=\"833\"><strong data-start=\"665\" data-end=\"680\">Attention!<\/strong> For small or older dishwashers, use a maximum of \u00bd bar or \u00bc bar to avoid excessive foaming. If there is too much foaming, reduce the amount.<\/p>\n<\/li>\n<\/ol>\n<p data-start=\"835\" data-end=\"979\"><strong data-start=\"835\" data-end=\"850\">Dosage<\/strong><br data-start=\"850\" data-end=\"853\" \/>\u2022 <strong data-start=\"855\" data-end=\"865\">\u00bd strip<\/strong> \u2013 for normally soiled dishes<br data-start=\"902\" data-end=\"905\" \/>\u2022 <strong data-start=\"907\" data-end=\"917\">1 strip<\/strong> \u2013 for heavily soiled dishes (use higher temperature)<\/p>\n<p data-start=\"981\" data-end=\"1098\">Make sure there is enough salt solution in the dishwasher and add rinse aid if necessary if there is residue on the glasses.<\/p>","protected":false},"excerpt":{"rendered":"<p>Keskkonnas\u00f5bralik ja mugav n\u00f5udepesumasina pesuvahend pabeririba kujul. Rebi, doseeri ja aseta masinasse \u2013 lihtne! Biolagunev EU n\u00f5uete j\u00e4rgi, plastikuvaba ja eriti ruumis\u00e4\u00e4stlik.&hellip;<\/p>","protected":false},"featured_media":246457,"comment_status":"open","ping_status":"closed","template":"","meta":{"wprm-recipe-roundup-name":"","wprm-recipe-roundup-description":""},"product_brand":[11998],"product_cat":[8002],"product_tag":[],"class_list":{"0":"post-246456","1":"product","2":"type-product","3":"status-publish","4":"has-post-thumbnail","6":"product_brand-cosmeau","7":"product_cat-puhastusvahendid","9":"first","10":"instock","11":"taxable","12":"shipping-taxable","13":"purchasable","14":"product-type-simple"},"supplier_id":246354,"supplier_sku":"","barcode":"8720655302466","atum_controlled":true,"out_stock_date":null,"out_stock_threshold":null,"inheritable":false,"inbound_stock":0,"stock_on_hold":0,"sold_today":0,"sales_last_days":3,"reserved_stock":0,"customer_returns":0,"warehouse_damage":0,"lost_in_post":0,"other_logs":0,"out_stock_days":0,"lost_sales":0,"has_location":false,"update_date":"2026-04-22T08:48:01","atum_locations":[],"atum_stock_status":"instock","restock_status":true,"low_stock_amount":"","sales_update_date":"2026-04-22T08:48:01","calc_backorders":null,"aioseo_notices":[],"_links":{"self":[{"href":"https:\/\/ecoshop.ee\/en\/wp-json\/wp\/v2\/product\/246456","targetHints":{"allow":["GET"]}}],"collection":[{"href":"https:\/\/ecoshop.ee\/en\/wp-json\/wp\/v2\/product"}],"about":[{"href":"https:\/\/ecoshop.ee\/en\/wp-json\/wp\/v2\/types\/product"}],"replies":[{"embeddable":true,"href":"https:\/\/ecoshop.ee\/en\/wp-json\/wp\/v2\/comments?post=246456"}],"version-history":[{"count":0,"href":"https:\/\/ecoshop.ee\/en\/wp-json\/wp\/v2\/product\/246456\/revisions"}],"wp:featuredmedia":[{"embeddable":true,"href":"https:\/\/ecoshop.ee\/en\/wp-json\/wp\/v2\/media\/246457"}],"wp:attachment":[{"href":"https:\/\/ecoshop.ee\/en\/wp-json\/wp\/v2\/media?parent=246456"}],"wp:term":[{"taxonomy":"product_brand","embeddable":true,"href":"https:\/\/ecoshop.ee\/en\/wp-json\/wp\/v2\/product_brand?post=246456"},{"taxonomy":"product_cat","embeddable":true,"href":"https:\/\/ecoshop.ee\/en\/wp-json\/wp\/v2\/product_cat?post=246456"},{"taxonomy":"product_tag","embeddable":true,"href":"https:\/\/ecoshop.ee\/en\/wp-json\/wp\/v2\/product_tag?post=246456"}],"curies":[{"name":"wp","href":"https:\/\/api.w.org\/{rel}","templated":true}]}}