{"id":305854,"date":"2026-02-09T07:29:14","date_gmt":"2026-02-09T04:29:14","guid":{"rendered":"https:\/\/ecoshop.ee\/maaratlemata\/riietumislaud-peeglituledega-sahtliga-3-pcs-valge-tehispuit\/"},"modified":"2026-05-08T15:22:53","modified_gmt":"2026-05-08T12:22:53","slug":"dressing-table-with-mirror-lights-and-drawer-3-pcs-white-faux-wood","status":"publish","type":"product","link":"https:\/\/ecoshop.ee\/en\/jumestuslauad\/riietumislaud-peeglituledega-sahtliga-3-pcs-valge-tehispuit\/","title":{"rendered":"Dressing Table with Mirror Lights and Drawers 3 Pcs White Faux Wood"},"content":{"rendered":"<p>This wardrobe bench combines functionality and style. The rectangular design and various storage compartments make it the perfect addition to any bedroom. The table, made of artificial wood and with a matte finish, brings a modern look that fits into any interior. The flat mirror with LED lighting helps to carry out maintenance tasks efficiently and enhances the look of the room.<\/p>\n<ul>\n<li><b>High-quality materials:<\/b> Made of artificial wood, this wardrobe bench is strong and built to last. The matte finish is not only stylish, but also durable enough to withstand daily wear and tear.<\/li>\n<li><b>Extensive storage space:<\/b> Spacious, sliding drawers provide plenty of space for storing cosmetics, accessories and personal items, keeping the room tidy and easily accessible.<\/li>\n<li><b>Integrated mirror lighting:<\/b> The LED-powered flat mirrors provide good lighting, which is ideal for maintenance work. A convenient knob allows for smooth adjustment of the lighting.<\/li>\n<li><b>Well-maintained modern design:<\/b> The product has a minimalist tone and smooth lines that blend into any bedroom style. <\/li>\n<li><b>User-friendly assembly:<\/b> The wardrobe bench with side cabinet requires two people to assemble using a screwdriver with a rock. Clear instructions make it easy and smooth. When put together, it makes daily routines convenient and effective.<\/li>\n<\/ul>\n<ul>\n<li>Color: White<\/li>\n<li>Material: Artificial wood<\/li>\n<li>Overall dimensions: 78.5 x 41 x 135 cm (L x W x H)<\/li>\n<li>Weight: 40.3 kg<\/li>\n<li>Storage room<\/li>\n<li>Durable<\/li>\n<li>Power source: USB<\/li>\n<li>Lights Type: Mirror Lights<\/li>\n<li>with 4 drawers<\/li>\n<li>Plane mirror<\/li>\n<li>Frame material: Artificial wood<\/li>\n<li>With 1 flat door<\/li>\n<li>For indoor use only.<\/li>\n<li>Delivery investments:<\/li>\n<li>1 x Dressing table: 78.5 x 41 x 135 cm (L x W x H)<\/li>\n<li>1 x Side cabinet: 40 x 40.5 x 75 cm (L x W x H)<\/li>\n<li>Assembly Required: Yes<\/li>\n<\/ul>","protected":false},"excerpt":{"rendered":"<p>See riidekapipink \u00fchendab endas funktsionaalsuse ja stiili. Ristk\u00fclikukujuline konstruktsioon ja erinevad hoiuruumid muudavad selle iga magamistoa t\u00e4iuslikuks osaks. Tehispuidust valmistatud, mattviimistlusega laud&hellip;<\/p>","protected":false},"featured_media":305835,"comment_status":"open","ping_status":"closed","template":"","meta":{"wprm-recipe-roundup-name":"","wprm-recipe-roundup-description":""},"product_brand":[],"product_cat":[640],"product_tag":[642,567,1246,547,540,539],"class_list":{"0":"post-305854","1":"product","2":"type-product","3":"status-publish","4":"has-post-thumbnail","6":"product_cat-jumestuslauad","7":"product_tag-jumestuslauad","8":"product_tag-kapid-ja-hoiustamine","9":"product_tag-kummutid-magamistuppa","10":"product_tag-moobel","11":"product_tag-parcel","12":"product_tag-voodilinad","13":"pa_brand-vidaxl","15":"first","16":"instock","17":"taxable","18":"shipping-taxable","19":"purchasable","20":"product-type-simple"},"supplier_id":null,"supplier_sku":"","barcode":null,"atum_controlled":false,"out_stock_date":null,"out_stock_threshold":null,"inheritable":false,"inbound_stock":null,"stock_on_hold":0,"sold_today":0,"sales_last_days":0,"reserved_stock":null,"customer_returns":null,"warehouse_damage":null,"lost_in_post":null,"other_logs":null,"out_stock_days":0,"lost_sales":0,"has_location":null,"update_date":"2026-05-08T12:22:53","atum_locations":[],"atum_stock_status":"instock","restock_status":false,"low_stock_amount":"","sales_update_date":"2026-02-27T01:39:36","calc_backorders":null,"aioseo_notices":[],"_links":{"self":[{"href":"https:\/\/ecoshop.ee\/en\/wp-json\/wp\/v2\/product\/305854","targetHints":{"allow":["GET"]}}],"collection":[{"href":"https:\/\/ecoshop.ee\/en\/wp-json\/wp\/v2\/product"}],"about":[{"href":"https:\/\/ecoshop.ee\/en\/wp-json\/wp\/v2\/types\/product"}],"replies":[{"embeddable":true,"href":"https:\/\/ecoshop.ee\/en\/wp-json\/wp\/v2\/comments?post=305854"}],"version-history":[{"count":0,"href":"https:\/\/ecoshop.ee\/en\/wp-json\/wp\/v2\/product\/305854\/revisions"}],"wp:featuredmedia":[{"embeddable":true,"href":"https:\/\/ecoshop.ee\/en\/wp-json\/wp\/v2\/media\/305835"}],"wp:attachment":[{"href":"https:\/\/ecoshop.ee\/en\/wp-json\/wp\/v2\/media?parent=305854"}],"wp:term":[{"taxonomy":"product_brand","embeddable":true,"href":"https:\/\/ecoshop.ee\/en\/wp-json\/wp\/v2\/product_brand?post=305854"},{"taxonomy":"product_cat","embeddable":true,"href":"https:\/\/ecoshop.ee\/en\/wp-json\/wp\/v2\/product_cat?post=305854"},{"taxonomy":"product_tag","embeddable":true,"href":"https:\/\/ecoshop.ee\/en\/wp-json\/wp\/v2\/product_tag?post=305854"}],"curies":[{"name":"wp","href":"https:\/\/api.w.org\/{rel}","templated":true}]}}