{"id":305991,"date":"2026-02-09T07:31:43","date_gmt":"2026-02-09T04:31:43","guid":{"rendered":"https:\/\/ecoshop.ee\/maaratlemata\/pallet-padjakomplekt-2-pcs-kuninglik-sinine-180-x-40-x-8-cm\/"},"modified":"2026-04-30T16:25:12","modified_gmt":"2026-04-30T13:25:12","slug":"pallet-pillow-set-2-pcs-royal-blue-180-x-40-x-8-cm","status":"publish","type":"product","link":"https:\/\/ecoshop.ee\/en\/validiivanite-osad\/pallet-padjakomplekt-2-pcs-kuninglik-sinine-180-x-40-x-8-cm\/","title":{"rendered":"Pallet Cushion Set 2 Pcs Royal Blue 180 x 40 x 8 Cm"},"content":{"rendered":"<p>This modern cushion set highlights a minimalist style with its clean lines. This attractive set will enhance any patio, combining a modern look with comfort. Its water-resistant fabric ensures that the cushions will remain beautiful for a long time, making them a practical addition to any garden paradise.<\/p>\n<ul>\n<li><b>Oxford fabric:<\/b> The waterproof properties of this material ensure that the cushions stay clean for weeks by repelling moisture and reducing the formation of mold.<\/li>\n<li><b>Lightweight polypropylene filling:<\/b> Simple, comfortable and airy. The cushions are easy to move around while providing comfort in any situation.<\/li>\n<li><b>No collection required:<\/b> Ready to use. Simply place the cushions on your garden pallets and enjoy comfort immediately, without any hassle.<\/li>\n<li><b>Outdoor-friendly design:<\/b> These cushions add vibrant details for spring and summer. They are suitable for all outdoor spaces, helping to create a comfortable environment.<\/li>\n<li><b>Easy maintenance:<\/b> The cushions require minimal maintenance. Simply wipe them clean with a cloth, avoiding chemicals, to keep the fabrics in good condition.<\/li>\n<\/ul>\n<ul>\n<li>Color: Royal blue<\/li>\n<li>Material: Oxford fabric<\/li>\n<li>Overall dimensions: 180 x 40 x 8 cm (L x W x H)<\/li>\n<li>Durable<\/li>\n<li>Waterproof materials<\/li>\n<li>Filling material: Polypropylene<\/li>\n<li>For outdoor use only<\/li>\n<li>Delivery investments:<\/li>\n<li>2 x Cartridge pads<\/li>\n<\/ul>","protected":false},"excerpt":{"rendered":"<p>Moodne padjakomplekt toob esile minimalistliku stiili oma puhaste joontega. See atraktiivne komplekt t\u00e4iustab igat terrassi, \u00fchendades kaasaegse v\u00e4limuse mugavusega. Selle veekindel kangas&hellip;<\/p>","protected":false},"featured_media":305976,"comment_status":"open","ping_status":"closed","template":"","meta":{"wprm-recipe-roundup-name":"","wprm-recipe-roundup-description":""},"product_brand":[],"product_cat":[592],"product_tag":[536,540,820,1071,9451],"class_list":{"0":"post-305991","1":"product","2":"type-product","3":"status-publish","4":"has-post-thumbnail","6":"product_cat-validiivanite-osad","7":"product_tag-kodu-ja-aed","8":"product_tag-parcel","9":"product_tag-sinine","10":"product_tag-sisekujundus","11":"product_tag-tooli-ja-diivanipadjad","12":"pa_brand-vidaxl","14":"first","15":"outofstock","16":"taxable","17":"shipping-taxable","18":"purchasable","19":"product-type-simple"},"supplier_id":null,"supplier_sku":"","barcode":null,"atum_controlled":false,"out_stock_date":null,"out_stock_threshold":null,"inheritable":false,"inbound_stock":null,"stock_on_hold":0,"sold_today":0,"sales_last_days":0,"reserved_stock":null,"customer_returns":null,"warehouse_damage":null,"lost_in_post":null,"other_logs":null,"out_stock_days":0,"lost_sales":0,"has_location":null,"update_date":"2026-04-30T13:25:12","atum_locations":[],"atum_stock_status":"outofstock","restock_status":false,"low_stock_amount":"","sales_update_date":"2026-02-27T01:39:36","calc_backorders":null,"aioseo_notices":[],"_links":{"self":[{"href":"https:\/\/ecoshop.ee\/en\/wp-json\/wp\/v2\/product\/305991","targetHints":{"allow":["GET"]}}],"collection":[{"href":"https:\/\/ecoshop.ee\/en\/wp-json\/wp\/v2\/product"}],"about":[{"href":"https:\/\/ecoshop.ee\/en\/wp-json\/wp\/v2\/types\/product"}],"replies":[{"embeddable":true,"href":"https:\/\/ecoshop.ee\/en\/wp-json\/wp\/v2\/comments?post=305991"}],"version-history":[{"count":0,"href":"https:\/\/ecoshop.ee\/en\/wp-json\/wp\/v2\/product\/305991\/revisions"}],"wp:featuredmedia":[{"embeddable":true,"href":"https:\/\/ecoshop.ee\/en\/wp-json\/wp\/v2\/media\/305976"}],"wp:attachment":[{"href":"https:\/\/ecoshop.ee\/en\/wp-json\/wp\/v2\/media?parent=305991"}],"wp:term":[{"taxonomy":"product_brand","embeddable":true,"href":"https:\/\/ecoshop.ee\/en\/wp-json\/wp\/v2\/product_brand?post=305991"},{"taxonomy":"product_cat","embeddable":true,"href":"https:\/\/ecoshop.ee\/en\/wp-json\/wp\/v2\/product_cat?post=305991"},{"taxonomy":"product_tag","embeddable":true,"href":"https:\/\/ecoshop.ee\/en\/wp-json\/wp\/v2\/product_tag?post=305991"}],"curies":[{"name":"wp","href":"https:\/\/api.w.org\/{rel}","templated":true}]}}