{"id":319771,"date":"2026-02-27T10:09:28","date_gmt":"2026-02-27T07:09:28","guid":{"rendered":"https:\/\/ecoshop.ee\/maaratlemata\/korge-kapp-klaasuksega-flam-92x40x1225-cm-mannipuit\/"},"modified":"2026-05-15T04:17:05","modified_gmt":"2026-05-15T01:17:05","slug":"tall-cabinet-with-glass-door-flam-92x40x1225-cm-manni-wood","status":"publish","type":"product","link":"https:\/\/ecoshop.ee\/en\/puhvetkapid\/korge-kapp-klaasuksega-flam-92x40x1225-cm-mannipuit\/","title":{"rendered":"Tall Cabinet with Glass Door &quot;Flam&quot; 92 x 40 x 122.5 Cm, Pine Wood"},"content":{"rendered":"<p>Looking for a stylish tall cabinet? A wooden tall cabinet will add elegant charm to your interior!<\/p>\n<\/p>\n<ul>\n<li>Durable material: The artificial wood is of exceptional quality and has a smooth surface, and is also strong, stable and moisture-resistant.<\/li>\n<li>Plenty of storage space: The cabinet offers ample storage space to keep your everyday items organized and handy.<\/li>\n<li>Practical door: keep your space tidy and hide smaller items behind the cabinet doors.<\/li>\n<\/ul>\n<p>Warning.<\/p>\n<ul>\n<li>To prevent falling over, the product must be used with the wall bracket supplied.<\/li>\n<\/ul>\n<ul>\n<li>Material: pine wood with oak finish, tempered glass, plastic<\/li>\n<li>Dimensions: 92 x 40 x 122.5 cm (W x D x H)<\/li>\n<li>With 4 plastic handles<\/li>\n<li>With 1 glass door, 2 wooden doors, 1 drawer and 1 open compartment<\/li>\n<li>With wooden legs<\/li>\n<li>Series: FLAM<\/li>\n<li>Assembly required: yes<\/li>\n<li>Legal Documents:\n<p><span>For more information on how to prevent furniture falling over, see. <span style=\"text-decoration: underline\"><strong><a title=\"https:\/\/bit.ly\/3hTNl1i\" href=\"https:\/\/bit.ly\/3hTNl1i\" target=\"_blank\">from here<\/a><\/strong><\/span><\/span><\/p>\n<\/li>\n<\/ul>","protected":false},"excerpt":{"rendered":"<p>Otsite stiilset k\u00f5rget kappi? Puidust k\u00f5rge kapp lisab elegantset v\u00f5lu teie interj\u00f6\u00f6rile! Vastupidav materjal: tehispuit on erakordse kvaliteediga ja sileda pinnaga ning&hellip;<\/p>","protected":false},"featured_media":319760,"comment_status":"open","ping_status":"closed","template":"","meta":{"wprm-recipe-roundup-name":"","wprm-recipe-roundup-description":""},"product_brand":[],"product_cat":[566],"product_tag":[567,547,554,540,568],"class_list":{"0":"post-319771","1":"product","2":"type-product","3":"status-publish","4":"has-post-thumbnail","6":"product_cat-puhvetkapid","7":"product_tag-kapid-ja-hoiustamine","8":"product_tag-moobel","9":"product_tag-ouemoobli-komplektid","10":"product_tag-parcel","11":"product_tag-puhvetkapid","12":"pa_brand-vidaxl","14":"first","15":"instock","16":"taxable","17":"shipping-taxable","18":"purchasable","19":"product-type-simple"},"supplier_id":null,"supplier_sku":"","barcode":null,"atum_controlled":false,"out_stock_date":null,"out_stock_threshold":null,"inheritable":false,"inbound_stock":null,"stock_on_hold":null,"sold_today":null,"sales_last_days":null,"reserved_stock":null,"customer_returns":null,"warehouse_damage":null,"lost_in_post":null,"other_logs":null,"out_stock_days":null,"lost_sales":null,"has_location":null,"update_date":"2026-05-15T01:17:05","atum_locations":[],"atum_stock_status":"instock","restock_status":false,"low_stock_amount":"","sales_update_date":null,"calc_backorders":null,"aioseo_notices":[],"_links":{"self":[{"href":"https:\/\/ecoshop.ee\/en\/wp-json\/wp\/v2\/product\/319771","targetHints":{"allow":["GET"]}}],"collection":[{"href":"https:\/\/ecoshop.ee\/en\/wp-json\/wp\/v2\/product"}],"about":[{"href":"https:\/\/ecoshop.ee\/en\/wp-json\/wp\/v2\/types\/product"}],"replies":[{"embeddable":true,"href":"https:\/\/ecoshop.ee\/en\/wp-json\/wp\/v2\/comments?post=319771"}],"version-history":[{"count":0,"href":"https:\/\/ecoshop.ee\/en\/wp-json\/wp\/v2\/product\/319771\/revisions"}],"wp:featuredmedia":[{"embeddable":true,"href":"https:\/\/ecoshop.ee\/en\/wp-json\/wp\/v2\/media\/319760"}],"wp:attachment":[{"href":"https:\/\/ecoshop.ee\/en\/wp-json\/wp\/v2\/media?parent=319771"}],"wp:term":[{"taxonomy":"product_brand","embeddable":true,"href":"https:\/\/ecoshop.ee\/en\/wp-json\/wp\/v2\/product_brand?post=319771"},{"taxonomy":"product_cat","embeddable":true,"href":"https:\/\/ecoshop.ee\/en\/wp-json\/wp\/v2\/product_cat?post=319771"},{"taxonomy":"product_tag","embeddable":true,"href":"https:\/\/ecoshop.ee\/en\/wp-json\/wp\/v2\/product_tag?post=319771"}],"curies":[{"name":"wp","href":"https:\/\/api.w.org\/{rel}","templated":true}]}}