{"id":319855,"date":"2026-02-27T10:11:48","date_gmt":"2026-02-27T07:11:48","guid":{"rendered":"https:\/\/ecoshop.ee\/maaratlemata\/3-osaline-kokkupandav-ollelaua-komplekt-nulupuit\/"},"modified":"2026-05-15T04:17:09","modified_gmt":"2026-05-15T01:17:09","slug":"3-piece-folding-dining-table-set-walnut-wood","status":"publish","type":"product","link":"https:\/\/ecoshop.ee\/en\/ouemoobli-komplektid\/3-osaline-kokkupandav-ollelaua-komplekt-nulupuit\/","title":{"rendered":"3-Piece Folding Beer Table Set, Nulu Wood"},"content":{"rendered":"<p>The practical foldable beer table set is a great choice for outdoor activities such as hiking, picnics, barbecues, parties, etc.<\/p>\n<\/p>\n<ul>\n<li>Durable pine wood: Pine wood is a beautiful natural material. Pine wood does not dry out or bend when exposed to moisture.<\/li>\n<li>Stable frame: The metal frame ensures strength and stability.<\/li>\n<li>Practical surface: The tabletop provides excellent support for drinks, snacks and decorations.<\/li>\n<li>Foldable design: The table and benches can be easily folded when not in use for easy storage and transportation.<\/li>\n<\/ul>\n<p>Good to know:<\/p>\n<ul>\n<li>To make assembly as easy as possible, each product comes with an instruction manual.<\/li>\n<\/ul>\n<p>Note.<\/p>\n<ul>\n<li>To keep your outdoor furniture looking beautiful, we recommend protecting it with a waterproof cover.<\/li>\n<\/ul>\n<ul>\n<li>Frame color: dark green<\/li>\n<li>Material: Chinese quillwood, metal<\/li>\n<li><strong>Table:<\/strong><\/li>\n<li>Dimensions: 170 x 46 x 75 cm (L x W x H)<\/li>\n<li>Tabletop thickness: 2 cm<\/li>\n<li><strong>Bench:<\/strong><\/li>\n<li>Dimensions (each): 170 x 24.5 x 42.5 cm (L x W x H)<\/li>\n<li>Wood thickness: 2.5 cm<\/li>\n<li><strong>The package includes:<\/strong><\/li>\n<li>1 x beer table<\/li>\n<li>2 x benches<\/li>\n<\/ul>","protected":false},"excerpt":{"rendered":"<p>Praktiline kokkupandav \u00f5llelaua komplekt on suurep\u00e4rane valik v\u00e4litegevusteks, n\u00e4iteks matkamiseks, piknikuks, grillimiseks, pidudeks jne. Vastupidav nulupuit: nulupuit on ilus looduslik materjal. Nulupuit&hellip;<\/p>","protected":false},"featured_media":319843,"comment_status":"open","ping_status":"closed","template":"","meta":{"wprm-recipe-roundup-name":"","wprm-recipe-roundup-description":""},"product_brand":[],"product_cat":[610],"product_tag":[547,553,554,540],"class_list":{"0":"post-319855","1":"product","2":"type-product","3":"status-publish","4":"has-post-thumbnail","6":"product_cat-ouemoobli-komplektid","7":"product_tag-moobel","8":"product_tag-ouemoobel","9":"product_tag-ouemoobli-komplektid","10":"product_tag-parcel","11":"pa_brand-vidaxl","13":"first","14":"instock","15":"taxable","16":"shipping-taxable","17":"purchasable","18":"product-type-simple"},"supplier_id":null,"supplier_sku":"","barcode":null,"atum_controlled":false,"out_stock_date":null,"out_stock_threshold":null,"inheritable":false,"inbound_stock":null,"stock_on_hold":null,"sold_today":null,"sales_last_days":null,"reserved_stock":null,"customer_returns":null,"warehouse_damage":null,"lost_in_post":null,"other_logs":null,"out_stock_days":null,"lost_sales":null,"has_location":null,"update_date":"2026-05-15T01:17:09","atum_locations":[],"atum_stock_status":"instock","restock_status":false,"low_stock_amount":"","sales_update_date":null,"calc_backorders":null,"aioseo_notices":[],"_links":{"self":[{"href":"https:\/\/ecoshop.ee\/en\/wp-json\/wp\/v2\/product\/319855","targetHints":{"allow":["GET"]}}],"collection":[{"href":"https:\/\/ecoshop.ee\/en\/wp-json\/wp\/v2\/product"}],"about":[{"href":"https:\/\/ecoshop.ee\/en\/wp-json\/wp\/v2\/types\/product"}],"replies":[{"embeddable":true,"href":"https:\/\/ecoshop.ee\/en\/wp-json\/wp\/v2\/comments?post=319855"}],"version-history":[{"count":0,"href":"https:\/\/ecoshop.ee\/en\/wp-json\/wp\/v2\/product\/319855\/revisions"}],"wp:featuredmedia":[{"embeddable":true,"href":"https:\/\/ecoshop.ee\/en\/wp-json\/wp\/v2\/media\/319843"}],"wp:attachment":[{"href":"https:\/\/ecoshop.ee\/en\/wp-json\/wp\/v2\/media?parent=319855"}],"wp:term":[{"taxonomy":"product_brand","embeddable":true,"href":"https:\/\/ecoshop.ee\/en\/wp-json\/wp\/v2\/product_brand?post=319855"},{"taxonomy":"product_cat","embeddable":true,"href":"https:\/\/ecoshop.ee\/en\/wp-json\/wp\/v2\/product_cat?post=319855"},{"taxonomy":"product_tag","embeddable":true,"href":"https:\/\/ecoshop.ee\/en\/wp-json\/wp\/v2\/product_tag?post=319855"}],"curies":[{"name":"wp","href":"https:\/\/api.w.org\/{rel}","templated":true}]}}