{"id":320241,"date":"2026-02-27T10:22:21","date_gmt":"2026-02-27T07:22:21","guid":{"rendered":"https:\/\/ecoshop.ee\/maaratlemata\/kohvilaud-flam-100x50x325-cm-mannipuit\/"},"modified":"2026-05-15T04:09:27","modified_gmt":"2026-05-15T01:09:27","slug":"coffee-table-flam-100x50x325-cm-mannipuit","status":"publish","type":"product","link":"https:\/\/ecoshop.ee\/en\/kohvilauad\/kohvilaud-flam-100x50x325-cm-mannipuit\/","title":{"rendered":"Coffee table \"Flam\" 100 x 50 x 32,5 Cm, pine wood"},"content":{"rendered":"<p>Add elegance to your living room with this stylish wooden coffee table.<\/p>\n<\/p>\n<ul>\n<li>Pine wood: Pine wood is a beautiful natural material. Pine wood has straight grains and knots that give the material a rustic look. Made from sturdy pine wood, this side table is durable and strong.<\/li>\n<li>Plenty of storage space: The coffee table offers enough storage space to keep everyday essentials organized and within reach.<\/li>\n<li>Sturdy tabletop: The sturdy top is ideal for storing drinks, food, and decorative items.<\/li>\n<\/ul>\n<ul>\n<li>Material: pine wood with oak finish<\/li>\n<li>Dimensions: 100 x 50 x 32.5 cm (W x D x H)<\/li>\n<li>With two open shelves<\/li>\n<li>With wooden legs<\/li>\n<li>Series: FLAM<\/li>\n<li>Assembly required: yes<\/li>\n<\/ul>","protected":false},"excerpt":{"rendered":"<p>Lisage enda elutuppa elegantsi selle stiilse puidust kohvilauaga. M\u00e4nnipuit: m\u00e4nnipuit on ilus looduslik materjal. M\u00e4nnipuidul on sirged kiud ja oksakohad annavad materjalile&hellip;<\/p>","protected":false},"featured_media":320232,"comment_status":"open","ping_status":"closed","template":"","meta":{"wprm-recipe-roundup-name":"","wprm-recipe-roundup-description":""},"product_brand":[],"product_cat":[790],"product_tag":[792,636,547,554,540,791],"class_list":{"0":"post-320241","1":"product","2":"type-product","3":"status-publish","4":"has-post-thumbnail","6":"product_cat-kohvilauad","7":"product_tag-kohvilauad","8":"product_tag-lauad","9":"product_tag-moobel","10":"product_tag-ouemoobli-komplektid","11":"product_tag-parcel","12":"product_tag-vaiksed-lauad","13":"pa_brand-vidaxl","15":"first","16":"instock","17":"taxable","18":"shipping-taxable","19":"purchasable","20":"product-type-simple"},"supplier_id":null,"supplier_sku":"","barcode":null,"atum_controlled":false,"out_stock_date":null,"out_stock_threshold":null,"inheritable":false,"inbound_stock":null,"stock_on_hold":null,"sold_today":null,"sales_last_days":null,"reserved_stock":null,"customer_returns":null,"warehouse_damage":null,"lost_in_post":null,"other_logs":null,"out_stock_days":null,"lost_sales":null,"has_location":null,"update_date":"2026-05-15T01:09:27","atum_locations":[],"atum_stock_status":"instock","restock_status":false,"low_stock_amount":"","sales_update_date":null,"calc_backorders":null,"aioseo_notices":[],"_links":{"self":[{"href":"https:\/\/ecoshop.ee\/en\/wp-json\/wp\/v2\/product\/320241","targetHints":{"allow":["GET"]}}],"collection":[{"href":"https:\/\/ecoshop.ee\/en\/wp-json\/wp\/v2\/product"}],"about":[{"href":"https:\/\/ecoshop.ee\/en\/wp-json\/wp\/v2\/types\/product"}],"replies":[{"embeddable":true,"href":"https:\/\/ecoshop.ee\/en\/wp-json\/wp\/v2\/comments?post=320241"}],"version-history":[{"count":0,"href":"https:\/\/ecoshop.ee\/en\/wp-json\/wp\/v2\/product\/320241\/revisions"}],"wp:featuredmedia":[{"embeddable":true,"href":"https:\/\/ecoshop.ee\/en\/wp-json\/wp\/v2\/media\/320232"}],"wp:attachment":[{"href":"https:\/\/ecoshop.ee\/en\/wp-json\/wp\/v2\/media?parent=320241"}],"wp:term":[{"taxonomy":"product_brand","embeddable":true,"href":"https:\/\/ecoshop.ee\/en\/wp-json\/wp\/v2\/product_brand?post=320241"},{"taxonomy":"product_cat","embeddable":true,"href":"https:\/\/ecoshop.ee\/en\/wp-json\/wp\/v2\/product_cat?post=320241"},{"taxonomy":"product_tag","embeddable":true,"href":"https:\/\/ecoshop.ee\/en\/wp-json\/wp\/v2\/product_tag?post=320241"}],"curies":[{"name":"wp","href":"https:\/\/api.w.org\/{rel}","templated":true}]}}