{"id":320267,"date":"2026-02-27T10:22:47","date_gmt":"2026-02-27T07:22:47","guid":{"rendered":"https:\/\/ecoshop.ee\/maaratlemata\/puhvetkapp-klaasuksega-flam-80x40x80-cm-mand\/"},"modified":"2026-05-10T09:21:14","modified_gmt":"2026-05-10T06:21:14","slug":"sideboard-with-glass-door-flam-80x40x80-cm-mand","status":"publish","type":"product","link":"https:\/\/ecoshop.ee\/en\/puhvetkapid\/puhvetkapp-klaasuksega-flam-80x40x80-cm-mand\/","title":{"rendered":"Sideboard with Glass Door &quot;Flam&quot; 80 x 40 x 80 Cm Pine"},"content":{"rendered":"<p>A timeless-looking wooden sideboard is a great addition to your home.<\/p>\n<\/p>\n<ul>\n<li>Pine wood: Pine wood is a beautiful natural material. Pine wood has straight grain and knots that give the material a rustic look. Pine wood has straight grain and knots that give the material a rustic look. Made of sturdy pine wood, the storage cabinet is durable and strong.<\/li>\n<li>Plenty of storage space: The cabinet offers ample storage space to keep your everyday items organized and handy.<\/li>\n<li>Display items: The storage cabinet&#039;s sturdy top is perfect for storing decorative items, picture frames, and smaller potted plants.<\/li>\n<\/ul>\n<p>Warning.<\/p>\n<ul>\n<li>To prevent falling over, the product must be used with the wall bracket supplied.<\/li>\n<\/ul>\n<ul>\n<li>Material: pine wood with oak finish, tempered glass, plastic<\/li>\n<li>Dimensions: 80 x 40 x 80 cm (W x D x H)<\/li>\n<li>With 3 plastic handles<\/li>\n<li>With 1 glass door, 2 drawers and 1 open section<\/li>\n<li>With wooden legs<\/li>\n<li>Series: FLAM<\/li>\n<li>Assembly required: yes<\/li>\n<li>Legal Documents:\n<p><span>For more information on how to prevent furniture falling over, see. <span style=\"text-decoration: underline\"><strong><a title=\"https:\/\/bit.ly\/3hTNl1i\" href=\"https:\/\/bit.ly\/3hTNl1i\" target=\"_blank\">from here<\/a><\/strong><\/span><\/span><\/p>\n<\/li>\n<\/ul>","protected":false},"excerpt":{"rendered":"<p>Ajatu v\u00e4limusega puidust puhvetkapp on suurep\u00e4rane lisa teie kodule. M\u00e4nnipuit: m\u00e4nnipuit on ilus looduslik materjal. M\u00e4nnipuidul on sirged kiud ja oksakohad annavad&hellip;<\/p>","protected":false},"featured_media":320256,"comment_status":"open","ping_status":"closed","template":"","meta":{"wprm-recipe-roundup-name":"","wprm-recipe-roundup-description":""},"product_brand":[],"product_cat":[566],"product_tag":[567,547,554,540,568],"class_list":{"0":"post-320267","1":"product","2":"type-product","3":"status-publish","4":"has-post-thumbnail","6":"product_cat-puhvetkapid","7":"product_tag-kapid-ja-hoiustamine","8":"product_tag-moobel","9":"product_tag-ouemoobli-komplektid","10":"product_tag-parcel","11":"product_tag-puhvetkapid","12":"pa_brand-vidaxl","14":"first","15":"instock","16":"taxable","17":"shipping-taxable","18":"purchasable","19":"product-type-simple"},"supplier_id":null,"supplier_sku":"","barcode":null,"atum_controlled":false,"out_stock_date":null,"out_stock_threshold":null,"inheritable":false,"inbound_stock":null,"stock_on_hold":null,"sold_today":null,"sales_last_days":null,"reserved_stock":null,"customer_returns":null,"warehouse_damage":null,"lost_in_post":null,"other_logs":null,"out_stock_days":null,"lost_sales":null,"has_location":null,"update_date":"2026-05-10T06:21:14","atum_locations":[],"atum_stock_status":"instock","restock_status":false,"low_stock_amount":"","sales_update_date":null,"calc_backorders":null,"aioseo_notices":[],"_links":{"self":[{"href":"https:\/\/ecoshop.ee\/en\/wp-json\/wp\/v2\/product\/320267","targetHints":{"allow":["GET"]}}],"collection":[{"href":"https:\/\/ecoshop.ee\/en\/wp-json\/wp\/v2\/product"}],"about":[{"href":"https:\/\/ecoshop.ee\/en\/wp-json\/wp\/v2\/types\/product"}],"replies":[{"embeddable":true,"href":"https:\/\/ecoshop.ee\/en\/wp-json\/wp\/v2\/comments?post=320267"}],"version-history":[{"count":0,"href":"https:\/\/ecoshop.ee\/en\/wp-json\/wp\/v2\/product\/320267\/revisions"}],"wp:featuredmedia":[{"embeddable":true,"href":"https:\/\/ecoshop.ee\/en\/wp-json\/wp\/v2\/media\/320256"}],"wp:attachment":[{"href":"https:\/\/ecoshop.ee\/en\/wp-json\/wp\/v2\/media?parent=320267"}],"wp:term":[{"taxonomy":"product_brand","embeddable":true,"href":"https:\/\/ecoshop.ee\/en\/wp-json\/wp\/v2\/product_brand?post=320267"},{"taxonomy":"product_cat","embeddable":true,"href":"https:\/\/ecoshop.ee\/en\/wp-json\/wp\/v2\/product_cat?post=320267"},{"taxonomy":"product_tag","embeddable":true,"href":"https:\/\/ecoshop.ee\/en\/wp-json\/wp\/v2\/product_tag?post=320267"}],"curies":[{"name":"wp","href":"https:\/\/api.w.org\/{rel}","templated":true}]}}