{"id":320281,"date":"2026-02-27T10:23:06","date_gmt":"2026-02-27T07:23:06","guid":{"rendered":"https:\/\/ecoshop.ee\/maaratlemata\/ookapp-flam-50x50x50-cm-mannipuit\/"},"modified":"2026-05-16T12:42:06","modified_gmt":"2026-05-16T09:42:06","slug":"ookapp-flam-50x50x50-cm-manni-wood","status":"publish","type":"product","link":"https:\/\/ecoshop.ee\/en\/lisalauad\/ookapp-flam-50x50x50-cm-mannipuit\/","title":{"rendered":"Bedside Table &quot;Flam&quot;, 50 x 50 x 50 Cm, Pine Wood"},"content":{"rendered":"<p>The wooden side table exudes rustic charm and is a stylish addition to your interior design.<\/p>\n<\/p>\n<ul>\n<li>Pine wood: Pine wood is a beautiful natural material. Pine wood has straight grains and knots that give the material a rustic look. Made of sturdy pine wood, this bedside table is durable and strong.<\/li>\n<li>Plenty of storage space: The side table offers enough space to keep magazines, books, remote controls, and other smaller items organized and within reach.<\/li>\n<li>Displaying items: You can put your favorite photos, ornaments or flowers on the coffee table to enrich your life.<\/li>\n<\/ul>\n<p>Warning.<\/p>\n<ul>\n<li>To prevent falling over, the product must be used with the wall bracket supplied.<\/li>\n<\/ul>\n<ul>\n<li>Material: pine wood with oak finish, plastic<\/li>\n<li>Dimensions: 50 x 50 x 50 cm (W x D x H)<\/li>\n<li>1 with plastic handle<\/li>\n<li>With 1 drawer and 1 open compartment<\/li>\n<li>With wooden legs<\/li>\n<li>Series: FLAM<\/li>\n<li>Assembly required: yes<\/li>\n<li>Legal Documents:\n<p><span>For more information on how to prevent furniture falling over, see. <span style=\"text-decoration: underline\"><strong><a title=\"https:\/\/bit.ly\/3hTNl1i\" href=\"https:\/\/bit.ly\/3hTNl1i\" target=\"_blank\">from here<\/a><\/strong><\/span><\/span><\/p>\n<\/li>\n<\/ul>","protected":false},"excerpt":{"rendered":"<p>Puidust lisalaud \u00f5hkab maal\u00e4hedast sarmi ja on stiilne lisa teie sisekujundusele. M\u00e4nnipuit: m\u00e4nnipuit on ilus looduslik materjal. M\u00e4nnipuidul on sirged kiud ja&hellip;<\/p>","protected":false},"featured_media":320270,"comment_status":"open","ping_status":"closed","template":"","meta":{"wprm-recipe-roundup-name":"","wprm-recipe-roundup-description":""},"product_brand":[],"product_cat":[808,635],"product_tag":[636,809,547,554,540,791],"class_list":{"0":"post-320281","1":"product","2":"type-product","3":"status-publish","4":"has-post-thumbnail","6":"product_cat-lisalauad","7":"product_cat-ookapid","8":"product_tag-lauad","9":"product_tag-lisalauad","10":"product_tag-moobel","11":"product_tag-ouemoobli-komplektid","12":"product_tag-parcel","13":"product_tag-vaiksed-lauad","14":"pa_brand-vidaxl","16":"first","17":"instock","18":"taxable","19":"shipping-taxable","20":"purchasable","21":"product-type-simple"},"supplier_id":null,"supplier_sku":"","barcode":null,"atum_controlled":false,"out_stock_date":null,"out_stock_threshold":null,"inheritable":false,"inbound_stock":null,"stock_on_hold":null,"sold_today":null,"sales_last_days":null,"reserved_stock":null,"customer_returns":null,"warehouse_damage":null,"lost_in_post":null,"other_logs":null,"out_stock_days":null,"lost_sales":null,"has_location":null,"update_date":"2026-05-16T09:42:06","atum_locations":[],"atum_stock_status":"instock","restock_status":false,"low_stock_amount":"","sales_update_date":null,"calc_backorders":null,"aioseo_notices":[],"_links":{"self":[{"href":"https:\/\/ecoshop.ee\/en\/wp-json\/wp\/v2\/product\/320281","targetHints":{"allow":["GET"]}}],"collection":[{"href":"https:\/\/ecoshop.ee\/en\/wp-json\/wp\/v2\/product"}],"about":[{"href":"https:\/\/ecoshop.ee\/en\/wp-json\/wp\/v2\/types\/product"}],"replies":[{"embeddable":true,"href":"https:\/\/ecoshop.ee\/en\/wp-json\/wp\/v2\/comments?post=320281"}],"version-history":[{"count":0,"href":"https:\/\/ecoshop.ee\/en\/wp-json\/wp\/v2\/product\/320281\/revisions"}],"wp:featuredmedia":[{"embeddable":true,"href":"https:\/\/ecoshop.ee\/en\/wp-json\/wp\/v2\/media\/320270"}],"wp:attachment":[{"href":"https:\/\/ecoshop.ee\/en\/wp-json\/wp\/v2\/media?parent=320281"}],"wp:term":[{"taxonomy":"product_brand","embeddable":true,"href":"https:\/\/ecoshop.ee\/en\/wp-json\/wp\/v2\/product_brand?post=320281"},{"taxonomy":"product_cat","embeddable":true,"href":"https:\/\/ecoshop.ee\/en\/wp-json\/wp\/v2\/product_cat?post=320281"},{"taxonomy":"product_tag","embeddable":true,"href":"https:\/\/ecoshop.ee\/en\/wp-json\/wp\/v2\/product_tag?post=320281"}],"curies":[{"name":"wp","href":"https:\/\/api.w.org\/{rel}","templated":true}]}}