{"id":320294,"date":"2026-02-27T10:23:18","date_gmt":"2026-02-27T07:23:18","guid":{"rendered":"https:\/\/ecoshop.ee\/maaratlemata\/sahtlitega-kapp-flam-92x45x110-cm-mannipuit\/"},"modified":"2026-05-16T12:42:08","modified_gmt":"2026-05-16T09:42:08","slug":"cabinet-with-drawers-flam-92x45x110-cm-mannipuit","status":"publish","type":"product","link":"https:\/\/ecoshop.ee\/en\/koogi-ja-soogitoa-lauad\/sahtlitega-kapp-flam-92x45x110-cm-mannipuit\/","title":{"rendered":"Cabinet with drawers &quot;Flam&quot; 92 x 45 x 110 Cm, Pine wood"},"content":{"rendered":"<p>Sip your favorite wine at the beautiful wooden bar table or dine with family and friends.<\/p>\n<\/p>\n<ul>\n<li>Pine wood: Pine wood is a beautiful natural material. Pine wood has straight grains and knots that give the material a rustic look. Made from sturdy pine wood, the table is durable and strong.<\/li>\n<li>Plenty of storage space: The table with shelves offers plenty of storage space so you can keep your items organized and within reach.<\/li>\n<li>Sturdy tabletop: The table has a sturdy tabletop, which is ideal for storing drinks, food, and decorative items.<\/li>\n<\/ul>\n<p>Warning.<\/p>\n<ul>\n<li>To prevent falling over, the product must be used with the wall bracket supplied.<\/li>\n<\/ul>\n<ul>\n<li>Material: pine wood with oak finish, plastic<\/li>\n<li>Dimensions: 92 x 45 x 110 cm (W x D x H)<\/li>\n<li>With 2 plastic handles<\/li>\n<li>With 2 drawers, 2 shelves and 1 open compartment<\/li>\n<li>With wooden legs<\/li>\n<li>Series: FLAM<\/li>\n<li>Assembly required: yes<\/li>\n<li>Legal Documents:\n<p><span>For more information on how to prevent furniture falling over, see. <span style=\"text-decoration: underline\"><strong><a title=\"https:\/\/bit.ly\/3hTNl1i\" href=\"https:\/\/bit.ly\/3hTNl1i\" target=\"_blank\">from here<\/a><\/strong><\/span><\/span><\/p>\n<\/li>\n<\/ul>","protected":false},"excerpt":{"rendered":"<p>R\u00fc\u00fcbake kauni puidust baarilaua taga oma lemmikveini v\u00f5i einestage pere ja s\u00f5pradega. M\u00e4nnipuit: m\u00e4nnipuit on ilus looduslik materjal. M\u00e4nnipuidul on sirged kiud&hellip;<\/p>","protected":false},"featured_media":320283,"comment_status":"open","ping_status":"closed","template":"","meta":{"wprm-recipe-roundup-name":"","wprm-recipe-roundup-description":""},"product_brand":[],"product_cat":[811],"product_tag":[812,636,547,554,540],"class_list":{"0":"post-320294","1":"product","2":"type-product","3":"status-publish","4":"has-post-thumbnail","6":"product_cat-koogi-ja-soogitoa-lauad","7":"product_tag-koogi-ja-soogitoa-lauad","8":"product_tag-lauad","9":"product_tag-moobel","10":"product_tag-ouemoobli-komplektid","11":"product_tag-parcel","12":"pa_brand-vidaxl","14":"first","15":"instock","16":"taxable","17":"shipping-taxable","18":"purchasable","19":"product-type-simple"},"supplier_id":null,"supplier_sku":"","barcode":null,"atum_controlled":false,"out_stock_date":null,"out_stock_threshold":null,"inheritable":false,"inbound_stock":null,"stock_on_hold":null,"sold_today":null,"sales_last_days":null,"reserved_stock":null,"customer_returns":null,"warehouse_damage":null,"lost_in_post":null,"other_logs":null,"out_stock_days":null,"lost_sales":null,"has_location":null,"update_date":"2026-05-16T09:42:08","atum_locations":[],"atum_stock_status":"instock","restock_status":false,"low_stock_amount":"","sales_update_date":null,"calc_backorders":null,"aioseo_notices":[],"_links":{"self":[{"href":"https:\/\/ecoshop.ee\/en\/wp-json\/wp\/v2\/product\/320294","targetHints":{"allow":["GET"]}}],"collection":[{"href":"https:\/\/ecoshop.ee\/en\/wp-json\/wp\/v2\/product"}],"about":[{"href":"https:\/\/ecoshop.ee\/en\/wp-json\/wp\/v2\/types\/product"}],"replies":[{"embeddable":true,"href":"https:\/\/ecoshop.ee\/en\/wp-json\/wp\/v2\/comments?post=320294"}],"version-history":[{"count":0,"href":"https:\/\/ecoshop.ee\/en\/wp-json\/wp\/v2\/product\/320294\/revisions"}],"wp:featuredmedia":[{"embeddable":true,"href":"https:\/\/ecoshop.ee\/en\/wp-json\/wp\/v2\/media\/320283"}],"wp:attachment":[{"href":"https:\/\/ecoshop.ee\/en\/wp-json\/wp\/v2\/media?parent=320294"}],"wp:term":[{"taxonomy":"product_brand","embeddable":true,"href":"https:\/\/ecoshop.ee\/en\/wp-json\/wp\/v2\/product_brand?post=320294"},{"taxonomy":"product_cat","embeddable":true,"href":"https:\/\/ecoshop.ee\/en\/wp-json\/wp\/v2\/product_cat?post=320294"},{"taxonomy":"product_tag","embeddable":true,"href":"https:\/\/ecoshop.ee\/en\/wp-json\/wp\/v2\/product_tag?post=320294"}],"curies":[{"name":"wp","href":"https:\/\/api.w.org\/{rel}","templated":true}]}}