{"id":320307,"date":"2026-02-27T10:23:31","date_gmt":"2026-02-27T07:23:31","guid":{"rendered":"https:\/\/ecoshop.ee\/maaratlemata\/sahtlitega-kapp-flam-110x40x80-cm-mannipuit\/"},"modified":"2026-05-12T09:22:11","modified_gmt":"2026-05-12T06:22:11","slug":"cabinet-with-drawers-flam-110x40x80-cm-mannipuit","status":"publish","type":"product","link":"https:\/\/ecoshop.ee\/en\/kummutid\/sahtlitega-kapp-flam-110x40x80-cm-mannipuit\/","title":{"rendered":"Cabinet with drawers &quot;Flam&quot;, 110 x 40 x 80 Cm, Pine wood"},"content":{"rendered":"<p>A beautiful chest of drawers exudes elegant charm and forms a focal point for your interior design.<\/p>\n<\/p>\n<ul>\n<li>Pine wood: Pine wood is a beautiful natural material. Pine wood has straight grains and knots that give the material a rustic look. Pine wood has straight grains and knots that give the material a rustic look. A chest of drawers made of sturdy pine wood is durable and strong.<\/li>\n<li>Plenty of storage space: the storage cabinet has 4 drawers and 1 open compartment, allowing you to keep things organized.<\/li>\n<li>Sturdy top: The sturdy top is a great place for potted plants, picture frames, and other decorative items.<\/li>\n<li>Easy-to-clean surface: The chest of drawers is easy to clean with a damp cloth.<\/li>\n<\/ul>\n<p>Warning.<\/p>\n<ul>\n<li>To prevent falling over, the product must be used with the wall bracket supplied.<\/li>\n<\/ul>\n<ul>\n<li>Color: black and brown<\/li>\n<li>Material: pine wood with oak finish, artificial wood<\/li>\n<li>Dimensions: 110 x 40 x 80 cm (W x D x H)<\/li>\n<li>6 with plastic handles<\/li>\n<li>With 4 drawers and 1 open compartment<\/li>\n<li>With wooden legs<\/li>\n<li>Series: FLAM<\/li>\n<li>Assembly required: yes<\/li>\n<li>Legal Documents:\n<p><span>For more information on how to prevent furniture falling over, see. <span style=\"text-decoration: underline\"><strong><a title=\"https:\/\/bit.ly\/3hTNl1i\" href=\"https:\/\/bit.ly\/3hTNl1i\" target=\"_blank\">from here<\/a><\/strong><\/span><\/span><\/p>\n<\/li>\n<\/ul>","protected":false},"excerpt":{"rendered":"<p>Ilus kummut \u00f5hkab elegantset sarmi ja moodustab teie sisekujundusele keskpunkti. M\u00e4nnipuit: m\u00e4nnipuit on ilus looduslik materjal. M\u00e4nnipuidul on sirged kiud ja oksakohad&hellip;<\/p>","protected":false},"featured_media":320296,"comment_status":"open","ping_status":"closed","template":"","meta":{"wprm-recipe-roundup-name":"","wprm-recipe-roundup-description":""},"product_brand":[],"product_cat":[800],"product_tag":[567,801,547,554,540],"class_list":{"0":"post-320307","1":"product","2":"type-product","3":"status-publish","4":"has-post-thumbnail","6":"product_cat-kummutid","7":"product_tag-kapid-ja-hoiustamine","8":"product_tag-kummutid","9":"product_tag-moobel","10":"product_tag-ouemoobli-komplektid","11":"product_tag-parcel","12":"pa_brand-vidaxl","14":"first","15":"instock","16":"taxable","17":"shipping-taxable","18":"purchasable","19":"product-type-simple"},"supplier_id":null,"supplier_sku":"","barcode":null,"atum_controlled":false,"out_stock_date":null,"out_stock_threshold":null,"inheritable":false,"inbound_stock":null,"stock_on_hold":null,"sold_today":null,"sales_last_days":null,"reserved_stock":null,"customer_returns":null,"warehouse_damage":null,"lost_in_post":null,"other_logs":null,"out_stock_days":null,"lost_sales":null,"has_location":null,"update_date":"2026-05-12T06:22:12","atum_locations":[],"atum_stock_status":"instock","restock_status":false,"low_stock_amount":"","sales_update_date":null,"calc_backorders":null,"aioseo_notices":[],"_links":{"self":[{"href":"https:\/\/ecoshop.ee\/en\/wp-json\/wp\/v2\/product\/320307","targetHints":{"allow":["GET"]}}],"collection":[{"href":"https:\/\/ecoshop.ee\/en\/wp-json\/wp\/v2\/product"}],"about":[{"href":"https:\/\/ecoshop.ee\/en\/wp-json\/wp\/v2\/types\/product"}],"replies":[{"embeddable":true,"href":"https:\/\/ecoshop.ee\/en\/wp-json\/wp\/v2\/comments?post=320307"}],"version-history":[{"count":0,"href":"https:\/\/ecoshop.ee\/en\/wp-json\/wp\/v2\/product\/320307\/revisions"}],"wp:featuredmedia":[{"embeddable":true,"href":"https:\/\/ecoshop.ee\/en\/wp-json\/wp\/v2\/media\/320296"}],"wp:attachment":[{"href":"https:\/\/ecoshop.ee\/en\/wp-json\/wp\/v2\/media?parent=320307"}],"wp:term":[{"taxonomy":"product_brand","embeddable":true,"href":"https:\/\/ecoshop.ee\/en\/wp-json\/wp\/v2\/product_brand?post=320307"},{"taxonomy":"product_cat","embeddable":true,"href":"https:\/\/ecoshop.ee\/en\/wp-json\/wp\/v2\/product_cat?post=320307"},{"taxonomy":"product_tag","embeddable":true,"href":"https:\/\/ecoshop.ee\/en\/wp-json\/wp\/v2\/product_tag?post=320307"}],"curies":[{"name":"wp","href":"https:\/\/api.w.org\/{rel}","templated":true}]}}