{"id":320590,"date":"2026-02-27T10:31:07","date_gmt":"2026-02-27T07:31:07","guid":{"rendered":"https:\/\/ecoshop.ee\/maaratlemata\/panipaigaga-tool-toekas-tiikpuu\/"},"modified":"2026-05-11T03:26:35","modified_gmt":"2026-05-11T00:26:35","slug":"sturdy-teak-chair-with-storage","status":"publish","type":"product","link":"https:\/\/ecoshop.ee\/en\/kompaktsed-toolid-ja-taburetid\/panipaigaga-tool-toekas-tiikpuu\/","title":{"rendered":"Storage Chair, Sturdy Teak"},"content":{"rendered":"<p>This durable chair will add a timeless touch to your home decor. The rustic mosaic design will definitely give it a bold look!<\/p>\n<\/p>\n<p>The compact chair can also be used as a bedside table, where you can store books, magazines and other necessities. The integrated storage keeps your things organized and within reach. It also has a stable surface on which you can place drinks, vases, fruit bowls and other decorations. Made of extremely durable teak hardwood, the furniture has been air-dried, kiln-dried and then finely sanded to achieve a very smooth finish. Teak is known for its exceptional strength and weather resistance, and is the best choice if you want to buy a piece of furniture that will last a long time.<\/p>\n<\/p>\n<p>Important note: The colour and wood grain vary from piece to piece, making each piece of furniture unique and slightly different from the next. The colour of the item delivered is random.<\/p>\n<ul>\n<li>Color: natural wood<\/li>\n<li>Material: strong teak wood<\/li>\n<li>Dimensions: 40 x 40 x 45 cm (L x W x H)<\/li>\n<li>With a covered storage compartment<\/li>\n<\/ul>","protected":false},"excerpt":{"rendered":"<p>Vastupidav tool muudab teie kodukaunistuse ajatuks. Maal\u00e4hedane mosaiikkujundus annab sellele kindlasti julge v\u00e4limuse! Kompaktset tooli saab kasutada ka \u00f6\u00f6kapina, kus saate hoida&hellip;<\/p>","protected":false},"featured_media":320578,"comment_status":"open","ping_status":"closed","template":"","meta":{"wprm-recipe-roundup-name":"","wprm-recipe-roundup-description":""},"product_brand":[],"product_cat":[877],"product_tag":[878,547,554,540,728],"class_list":{"0":"post-320590","1":"product","2":"type-product","3":"status-publish","4":"has-post-thumbnail","6":"product_cat-kompaktsed-toolid-ja-taburetid","7":"product_tag-kokkupandavad-toolid-ja-taburetid","8":"product_tag-moobel","9":"product_tag-ouemoobli-komplektid","10":"product_tag-parcel","11":"product_tag-toolid","12":"pa_brand-vidaxl","14":"first","15":"instock","16":"taxable","17":"shipping-taxable","18":"purchasable","19":"product-type-simple"},"supplier_id":null,"supplier_sku":"","barcode":null,"atum_controlled":false,"out_stock_date":null,"out_stock_threshold":null,"inheritable":false,"inbound_stock":null,"stock_on_hold":null,"sold_today":null,"sales_last_days":null,"reserved_stock":null,"customer_returns":null,"warehouse_damage":null,"lost_in_post":null,"other_logs":null,"out_stock_days":null,"lost_sales":null,"has_location":null,"update_date":"2026-05-11T00:26:36","atum_locations":[],"atum_stock_status":"instock","restock_status":false,"low_stock_amount":"","sales_update_date":null,"calc_backorders":null,"aioseo_notices":[],"_links":{"self":[{"href":"https:\/\/ecoshop.ee\/en\/wp-json\/wp\/v2\/product\/320590","targetHints":{"allow":["GET"]}}],"collection":[{"href":"https:\/\/ecoshop.ee\/en\/wp-json\/wp\/v2\/product"}],"about":[{"href":"https:\/\/ecoshop.ee\/en\/wp-json\/wp\/v2\/types\/product"}],"replies":[{"embeddable":true,"href":"https:\/\/ecoshop.ee\/en\/wp-json\/wp\/v2\/comments?post=320590"}],"version-history":[{"count":0,"href":"https:\/\/ecoshop.ee\/en\/wp-json\/wp\/v2\/product\/320590\/revisions"}],"wp:featuredmedia":[{"embeddable":true,"href":"https:\/\/ecoshop.ee\/en\/wp-json\/wp\/v2\/media\/320578"}],"wp:attachment":[{"href":"https:\/\/ecoshop.ee\/en\/wp-json\/wp\/v2\/media?parent=320590"}],"wp:term":[{"taxonomy":"product_brand","embeddable":true,"href":"https:\/\/ecoshop.ee\/en\/wp-json\/wp\/v2\/product_brand?post=320590"},{"taxonomy":"product_cat","embeddable":true,"href":"https:\/\/ecoshop.ee\/en\/wp-json\/wp\/v2\/product_cat?post=320590"},{"taxonomy":"product_tag","embeddable":true,"href":"https:\/\/ecoshop.ee\/en\/wp-json\/wp\/v2\/product_tag?post=320590"}],"curies":[{"name":"wp","href":"https:\/\/api.w.org\/{rel}","templated":true}]}}