{"id":320602,"date":"2026-02-27T10:31:18","date_gmt":"2026-02-27T07:31:18","guid":{"rendered":"https:\/\/ecoshop.ee\/maaratlemata\/taburet-tiikpuu\/"},"modified":"2026-05-12T09:22:13","modified_gmt":"2026-05-12T06:22:13","slug":"teak-stool","status":"publish","type":"product","link":"https:\/\/ecoshop.ee\/en\/kompaktsed-toolid-ja-taburetid\/taburet-tiikpuu\/","title":{"rendered":"Stool Teak"},"content":{"rendered":"<p>A durable stool will make your interior timeless.<\/p>\n<\/p>\n<p>The compact stool can be used for many purposes, such as washing up in the bathroom, storing books or magazines in the living room, or as a striking bedside table in the bedroom. It also has a stable surface on which you can place drinks, vases, fruit bowls and other decorations. Made of extremely durable teak, the stool has been air-dried, kiln-dried and then finely sanded to achieve a very smooth finish. Teak is known for its exceptional strength and weather resistance. Teak is the best choice if you want to buy a piece of furniture that will last a long time. Every step of the process is carried out with the utmost care.<\/p>\n<\/p>\n<p>Important note: The colour and wood grain vary from piece to piece, making each piece of furniture unique and slightly different from the next. The colour of the item delivered is random.<\/p>\n<ul>\n<li>Material: strong teak wood<\/li>\n<li>Dimensions: 50 x 30 x 50 cm (L x W x H)<\/li>\n<li>Seat height from the ground: 47.5 cm<\/li>\n<li>Seat thickness: 3.5 cm<\/li>\n<li>Completely handmade<\/li>\n<\/ul>","protected":false},"excerpt":{"rendered":"<p>Vastupidav taburet muudab teie sisustuse ajatuks. Kompaktset tooli saab kasutada mitmel otstarbel, n\u00e4iteks vannitoas pesemiseks, elutoas raamatute v\u00f5i ajakirjade hoidmiseks v\u00f5i magamistoas&hellip;<\/p>","protected":false},"featured_media":320591,"comment_status":"open","ping_status":"closed","template":"","meta":{"wprm-recipe-roundup-name":"","wprm-recipe-roundup-description":""},"product_brand":[],"product_cat":[877],"product_tag":[878,547,554,540,728],"class_list":{"0":"post-320602","1":"product","2":"type-product","3":"status-publish","4":"has-post-thumbnail","6":"product_cat-kompaktsed-toolid-ja-taburetid","7":"product_tag-kokkupandavad-toolid-ja-taburetid","8":"product_tag-moobel","9":"product_tag-ouemoobli-komplektid","10":"product_tag-parcel","11":"product_tag-toolid","12":"pa_brand-vidaxl","14":"first","15":"instock","16":"taxable","17":"shipping-taxable","18":"purchasable","19":"product-type-simple"},"supplier_id":null,"supplier_sku":"","barcode":null,"atum_controlled":false,"out_stock_date":null,"out_stock_threshold":null,"inheritable":false,"inbound_stock":null,"stock_on_hold":null,"sold_today":null,"sales_last_days":null,"reserved_stock":null,"customer_returns":null,"warehouse_damage":null,"lost_in_post":null,"other_logs":null,"out_stock_days":null,"lost_sales":null,"has_location":null,"update_date":"2026-05-12T06:22:14","atum_locations":[],"atum_stock_status":"instock","restock_status":false,"low_stock_amount":"","sales_update_date":null,"calc_backorders":null,"aioseo_notices":[],"_links":{"self":[{"href":"https:\/\/ecoshop.ee\/en\/wp-json\/wp\/v2\/product\/320602","targetHints":{"allow":["GET"]}}],"collection":[{"href":"https:\/\/ecoshop.ee\/en\/wp-json\/wp\/v2\/product"}],"about":[{"href":"https:\/\/ecoshop.ee\/en\/wp-json\/wp\/v2\/types\/product"}],"replies":[{"embeddable":true,"href":"https:\/\/ecoshop.ee\/en\/wp-json\/wp\/v2\/comments?post=320602"}],"version-history":[{"count":0,"href":"https:\/\/ecoshop.ee\/en\/wp-json\/wp\/v2\/product\/320602\/revisions"}],"wp:featuredmedia":[{"embeddable":true,"href":"https:\/\/ecoshop.ee\/en\/wp-json\/wp\/v2\/media\/320591"}],"wp:attachment":[{"href":"https:\/\/ecoshop.ee\/en\/wp-json\/wp\/v2\/media?parent=320602"}],"wp:term":[{"taxonomy":"product_brand","embeddable":true,"href":"https:\/\/ecoshop.ee\/en\/wp-json\/wp\/v2\/product_brand?post=320602"},{"taxonomy":"product_cat","embeddable":true,"href":"https:\/\/ecoshop.ee\/en\/wp-json\/wp\/v2\/product_cat?post=320602"},{"taxonomy":"product_tag","embeddable":true,"href":"https:\/\/ecoshop.ee\/en\/wp-json\/wp\/v2\/product_tag?post=320602"}],"curies":[{"name":"wp","href":"https:\/\/api.w.org\/{rel}","templated":true}]}}