{"id":320644,"date":"2026-02-27T10:32:02","date_gmt":"2026-02-27T07:32:02","guid":{"rendered":"https:\/\/ecoshop.ee\/maaratlemata\/taburet-tiikpuu-3\/"},"modified":"2026-05-15T04:09:30","modified_gmt":"2026-05-15T01:09:30","slug":"teak-stool-3","status":"publish","type":"product","link":"https:\/\/ecoshop.ee\/en\/kompaktsed-toolid-ja-taburetid\/taburet-tiikpuu-3\/","title":{"rendered":"Stool Teak"},"content":{"rendered":"<p>This unique stool made of solid teak wood creates a rustic charm and is a real eye-catcher. The stool can also be used as a footstool, side table, etc.<\/p>\n<\/p>\n<p>The stool is completely handmade and the masterful workmanship adds a great retro and natural style to it. It also has four stable legs.<\/p>\n<\/p>\n<p>Important note: As wood is a natural product, the colour, grain and shape of each piece of furniture will vary, making each stool unique and different; the item delivered will be random.<\/p>\n<ul>\n<li>Color: brown<\/li>\n<li>Material: strong teak wood <\/li>\n<li>Dimensions: 30 x 30 x 40 cm (L x W x H)<\/li>\n<li>With four stable legs<\/li>\n<li>Completely handmade<\/li>\n<\/ul>","protected":false},"excerpt":{"rendered":"<p>Tugevast tiigipuust valmistatud unikaalne taburet loob maal\u00e4hedase v\u00f5lu ja on t\u00f5eline pilgup\u00fc\u00fcdja. Taburetti saab kasutada ka jalatoe, k\u00fclglauana jms. Taburet on t\u00e4ielikult&hellip;<\/p>","protected":false},"featured_media":320633,"comment_status":"open","ping_status":"closed","template":"","meta":{"wprm-recipe-roundup-name":"","wprm-recipe-roundup-description":""},"product_brand":[],"product_cat":[877],"product_tag":[878,547,554,540,728],"class_list":{"0":"post-320644","1":"product","2":"type-product","3":"status-publish","4":"has-post-thumbnail","6":"product_cat-kompaktsed-toolid-ja-taburetid","7":"product_tag-kokkupandavad-toolid-ja-taburetid","8":"product_tag-moobel","9":"product_tag-ouemoobli-komplektid","10":"product_tag-parcel","11":"product_tag-toolid","12":"pa_brand-vidaxl","14":"first","15":"instock","16":"taxable","17":"shipping-taxable","18":"purchasable","19":"product-type-simple"},"supplier_id":null,"supplier_sku":"","barcode":null,"atum_controlled":false,"out_stock_date":null,"out_stock_threshold":null,"inheritable":false,"inbound_stock":null,"stock_on_hold":null,"sold_today":null,"sales_last_days":null,"reserved_stock":null,"customer_returns":null,"warehouse_damage":null,"lost_in_post":null,"other_logs":null,"out_stock_days":null,"lost_sales":null,"has_location":null,"update_date":"2026-05-15T01:09:30","atum_locations":[],"atum_stock_status":"instock","restock_status":false,"low_stock_amount":"","sales_update_date":null,"calc_backorders":null,"aioseo_notices":[],"_links":{"self":[{"href":"https:\/\/ecoshop.ee\/en\/wp-json\/wp\/v2\/product\/320644","targetHints":{"allow":["GET"]}}],"collection":[{"href":"https:\/\/ecoshop.ee\/en\/wp-json\/wp\/v2\/product"}],"about":[{"href":"https:\/\/ecoshop.ee\/en\/wp-json\/wp\/v2\/types\/product"}],"replies":[{"embeddable":true,"href":"https:\/\/ecoshop.ee\/en\/wp-json\/wp\/v2\/comments?post=320644"}],"version-history":[{"count":0,"href":"https:\/\/ecoshop.ee\/en\/wp-json\/wp\/v2\/product\/320644\/revisions"}],"wp:featuredmedia":[{"embeddable":true,"href":"https:\/\/ecoshop.ee\/en\/wp-json\/wp\/v2\/media\/320633"}],"wp:attachment":[{"href":"https:\/\/ecoshop.ee\/en\/wp-json\/wp\/v2\/media?parent=320644"}],"wp:term":[{"taxonomy":"product_brand","embeddable":true,"href":"https:\/\/ecoshop.ee\/en\/wp-json\/wp\/v2\/product_brand?post=320644"},{"taxonomy":"product_cat","embeddable":true,"href":"https:\/\/ecoshop.ee\/en\/wp-json\/wp\/v2\/product_cat?post=320644"},{"taxonomy":"product_tag","embeddable":true,"href":"https:\/\/ecoshop.ee\/en\/wp-json\/wp\/v2\/product_tag?post=320644"}],"curies":[{"name":"wp","href":"https:\/\/api.w.org\/{rel}","templated":true}]}}