{"id":320921,"date":"2026-02-27T10:40:40","date_gmt":"2026-02-27T07:40:40","guid":{"rendered":"https:\/\/ecoshop.ee\/maaratlemata\/aialaud-40x40x40-cm-akaatsiapuit\/"},"modified":"2026-05-12T21:34:42","modified_gmt":"2026-05-12T18:34:42","slug":"garden-table-40x40x40-cm-acacia-wood","status":"publish","type":"product","link":"https:\/\/ecoshop.ee\/en\/ouelauad\/aialaud-40x40x40-cm-akaatsiapuit\/","title":{"rendered":"Garden table, 40 x 40 x 40 cm, acacia wood"},"content":{"rendered":"<p>The wooden garden table is perfect for outdoor use and is designed to be the focal point of your garden, terrace or patio.<\/p>\n<\/p>\n<ul>\n<li>Sturdy acacia wood: The garden table is made of acacia wood. Acacia wood is a beautiful natural material. It has straight grains and knots that give the material a rustic look.<\/li>\n<li>Sturdy tabletop: The garden table&#039;s grid tabletop is designed for easy water drainage and also provides excellent support for storing drinks, snacks, fruit baskets, and favorite decorations.<\/li>\n<li>Wide use: The simple and timeless design of the patio table is suitable for balconies, gardens, terraces, etc.<\/li>\n<\/ul>\n<p>Good to know:<\/p>\n<ul>\n<li>To keep your outdoor furniture looking beautiful, we recommend protecting it with a waterproof cover.<\/li>\n<\/ul>\n<ul>\n<li>Material: sturdy acacia wood with an oil finish<\/li>\n<li>Dimensions: 40 x 40 x 40 cm (L x W x H)<\/li>\n<li>Assembly required: yes<\/li>\n<\/ul>","protected":false},"excerpt":{"rendered":"<p>Puidust aialaud sobib suurep\u00e4raselt kasutamiseks v\u00e4ljas ja on m\u00f5eldud teie aia, terrassi v\u00f5i sise\u00f5ue keskpunktiks. Toekas akaatsiapuit: aialaud on valmistatud akaatsiapuidust. Akaatsiapuit&hellip;<\/p>","protected":false},"featured_media":320914,"comment_status":"open","ping_status":"closed","template":"","meta":{"wprm-recipe-roundup-name":"","wprm-recipe-roundup-description":""},"product_brand":[],"product_cat":[932],"product_tag":[547,933,553,554,540],"class_list":{"0":"post-320921","1":"product","2":"type-product","3":"status-publish","4":"has-post-thumbnail","6":"product_cat-ouelauad","7":"product_tag-moobel","8":"product_tag-ouelauad","9":"product_tag-ouemoobel","10":"product_tag-ouemoobli-komplektid","11":"product_tag-parcel","12":"pa_brand-vidaxl","14":"first","15":"instock","16":"taxable","17":"shipping-taxable","18":"purchasable","19":"product-type-simple"},"supplier_id":null,"supplier_sku":"","barcode":null,"atum_controlled":false,"out_stock_date":null,"out_stock_threshold":null,"inheritable":false,"inbound_stock":null,"stock_on_hold":0,"sold_today":0,"sales_last_days":0,"reserved_stock":null,"customer_returns":null,"warehouse_damage":null,"lost_in_post":null,"other_logs":null,"out_stock_days":0,"lost_sales":0,"has_location":null,"update_date":"2026-05-12T18:34:43","atum_locations":[],"atum_stock_status":"instock","restock_status":false,"low_stock_amount":"","sales_update_date":"2026-03-07T01:12:34","calc_backorders":null,"aioseo_notices":[],"_links":{"self":[{"href":"https:\/\/ecoshop.ee\/en\/wp-json\/wp\/v2\/product\/320921","targetHints":{"allow":["GET"]}}],"collection":[{"href":"https:\/\/ecoshop.ee\/en\/wp-json\/wp\/v2\/product"}],"about":[{"href":"https:\/\/ecoshop.ee\/en\/wp-json\/wp\/v2\/types\/product"}],"replies":[{"embeddable":true,"href":"https:\/\/ecoshop.ee\/en\/wp-json\/wp\/v2\/comments?post=320921"}],"version-history":[{"count":0,"href":"https:\/\/ecoshop.ee\/en\/wp-json\/wp\/v2\/product\/320921\/revisions"}],"wp:featuredmedia":[{"embeddable":true,"href":"https:\/\/ecoshop.ee\/en\/wp-json\/wp\/v2\/media\/320914"}],"wp:attachment":[{"href":"https:\/\/ecoshop.ee\/en\/wp-json\/wp\/v2\/media?parent=320921"}],"wp:term":[{"taxonomy":"product_brand","embeddable":true,"href":"https:\/\/ecoshop.ee\/en\/wp-json\/wp\/v2\/product_brand?post=320921"},{"taxonomy":"product_cat","embeddable":true,"href":"https:\/\/ecoshop.ee\/en\/wp-json\/wp\/v2\/product_cat?post=320921"},{"taxonomy":"product_tag","embeddable":true,"href":"https:\/\/ecoshop.ee\/en\/wp-json\/wp\/v2\/product_tag?post=320921"}],"curies":[{"name":"wp","href":"https:\/\/api.w.org\/{rel}","templated":true}]}}