{"id":320965,"date":"2026-02-27T10:41:57","date_gmt":"2026-02-27T07:41:57","guid":{"rendered":"https:\/\/ecoshop.ee\/maaratlemata\/aialaud-antratsiithall-55-x-40-x-37-cm-teras\/"},"modified":"2026-05-11T21:28:27","modified_gmt":"2026-05-11T18:28:27","slug":"garden-table-anthracite-gray-55-x-40-x-37-cm-steel","status":"publish","type":"product","link":"https:\/\/ecoshop.ee\/en\/ouelauad\/aialaud-antratsiithall-55-x-40-x-37-cm-teras\/","title":{"rendered":"Garden table, Anthracite gray, 55 x 40 x 37 Cm, Steel"},"content":{"rendered":"<p>A stylish garden table is a great choice for you and your family to spend leisure time.<\/p>\n<\/p>\n<ul>\n<li>Strong frame: The steel frame makes the coffee table durable and stable for daily outdoor use.<\/li>\n<li>Stable tabletop: The stable top is ideal for storing drinks, food and decorative items.<\/li>\n<li>Modular design: The patio table is flexible and easy to move, and can be combined with other modular pieces to create a personalized layout in your garden!<\/li>\n<\/ul>\n<p>Note.<\/p>\n<ul>\n<li>To keep your outdoor furniture looking beautiful, we recommend protecting it with a waterproof cover.<\/li>\n<\/ul>\n<ul>\n<li>Color: anthracite gray<\/li>\n<li>Material: powder-coated steel, DPC<\/li>\n<li>Dimensions: 55 x 40 x 37 cm (W x D x H)<\/li>\n<li>Assembly required: yes<\/li>\n<\/ul>","protected":false},"excerpt":{"rendered":"<p>Stiilne aialaud on suurep\u00e4rane valik teile ja teie perele vaba aja veetmiseks. Tugev raam: terasraam muudab kohvilaua igap\u00e4evaseks v\u00e4listingimustes kasutamiseks vastupidavaks ja&hellip;<\/p>","protected":false},"featured_media":320959,"comment_status":"open","ping_status":"closed","template":"","meta":{"wprm-recipe-roundup-name":"","wprm-recipe-roundup-description":""},"product_brand":[],"product_cat":[932],"product_tag":[561,547,933,553,540],"class_list":{"0":"post-320965","1":"product","2":"type-product","3":"status-publish","4":"has-post-thumbnail","6":"product_cat-ouelauad","7":"product_tag-antratsiithall","8":"product_tag-moobel","9":"product_tag-ouelauad","10":"product_tag-ouemoobel","11":"product_tag-parcel","12":"pa_brand-vidaxl","14":"first","15":"instock","16":"taxable","17":"shipping-taxable","18":"purchasable","19":"product-type-simple"},"supplier_id":null,"supplier_sku":"","barcode":null,"atum_controlled":false,"out_stock_date":null,"out_stock_threshold":null,"inheritable":false,"inbound_stock":null,"stock_on_hold":0,"sold_today":0,"sales_last_days":0,"reserved_stock":null,"customer_returns":null,"warehouse_damage":null,"lost_in_post":null,"other_logs":null,"out_stock_days":0,"lost_sales":0,"has_location":null,"update_date":"2026-05-11T18:28:27","atum_locations":[],"atum_stock_status":"instock","restock_status":false,"low_stock_amount":"","sales_update_date":"2026-03-05T01:07:41","calc_backorders":null,"aioseo_notices":[],"_links":{"self":[{"href":"https:\/\/ecoshop.ee\/en\/wp-json\/wp\/v2\/product\/320965","targetHints":{"allow":["GET"]}}],"collection":[{"href":"https:\/\/ecoshop.ee\/en\/wp-json\/wp\/v2\/product"}],"about":[{"href":"https:\/\/ecoshop.ee\/en\/wp-json\/wp\/v2\/types\/product"}],"replies":[{"embeddable":true,"href":"https:\/\/ecoshop.ee\/en\/wp-json\/wp\/v2\/comments?post=320965"}],"version-history":[{"count":0,"href":"https:\/\/ecoshop.ee\/en\/wp-json\/wp\/v2\/product\/320965\/revisions"}],"wp:featuredmedia":[{"embeddable":true,"href":"https:\/\/ecoshop.ee\/en\/wp-json\/wp\/v2\/media\/320959"}],"wp:attachment":[{"href":"https:\/\/ecoshop.ee\/en\/wp-json\/wp\/v2\/media?parent=320965"}],"wp:term":[{"taxonomy":"product_brand","embeddable":true,"href":"https:\/\/ecoshop.ee\/en\/wp-json\/wp\/v2\/product_brand?post=320965"},{"taxonomy":"product_cat","embeddable":true,"href":"https:\/\/ecoshop.ee\/en\/wp-json\/wp\/v2\/product_cat?post=320965"},{"taxonomy":"product_tag","embeddable":true,"href":"https:\/\/ecoshop.ee\/en\/wp-json\/wp\/v2\/product_tag?post=320965"}],"curies":[{"name":"wp","href":"https:\/\/api.w.org\/{rel}","templated":true}]}}