{"id":320985,"date":"2026-02-27T10:42:22","date_gmt":"2026-02-27T07:42:22","guid":{"rendered":"https:\/\/ecoshop.ee\/maaratlemata\/aialaud-120-x-70-x-74-cm-akaatsiapuit\/"},"modified":"2026-04-25T16:29:36","modified_gmt":"2026-04-25T13:29:36","slug":"garden-table-120-x-70-x-74-cm-acacia-wood","status":"publish","type":"product","link":"https:\/\/ecoshop.ee\/en\/ouelauad\/aialaud-120-x-70-x-74-cm-akaatsiapuit\/","title":{"rendered":"Garden Table, 120 x 70 x 74 Cm, Acacia Wood"},"content":{"rendered":"<p>The oval dining table exudes rustic charm and is a great addition to your yard.<\/p>\n<\/p>\n<p>The dining table is made of high-quality acacia wood, a tropical hardwood, which is weather-resistant and highly durable. Thanks to the oil finish, the table is easy to clean with a damp cloth. The table can be folded to save space when stored.<\/p>\n<\/p>\n<p>The table is easy to assemble.<\/p>\n<ul>\n<li>Oval dining table<\/li>\n<li>Color: brown<\/li>\n<li>Material: sturdy (sanded) acacia wood with an oil finish <\/li>\n<li>Dimensions: 120 x 70 x 74 cm (L x W x H)<\/li>\n<li>Foldable<\/li>\n<\/ul>","protected":false},"excerpt":{"rendered":"<p>Ovaalne s\u00f6\u00f6gilaud \u00f5hkab maal\u00e4hedast sarmi ja on suurep\u00e4rane t\u00e4iendus teie \u00f5uele. S\u00f6\u00f6gilaud on valmistatud kvaliteetsest akaatsiapuidust, troopilisest lehtpuust, mis on ilmastikukindel ja&hellip;<\/p>","protected":false},"featured_media":320977,"comment_status":"open","ping_status":"closed","template":"","meta":{"wprm-recipe-roundup-name":"","wprm-recipe-roundup-description":""},"product_brand":[],"product_cat":[932],"product_tag":[547,933,553,554,540],"class_list":{"0":"post-320985","1":"product","2":"type-product","3":"status-publish","4":"has-post-thumbnail","6":"product_cat-ouelauad","7":"product_tag-moobel","8":"product_tag-ouelauad","9":"product_tag-ouemoobel","10":"product_tag-ouemoobli-komplektid","11":"product_tag-parcel","12":"pa_brand-vidaxl","14":"first","15":"instock","16":"taxable","17":"shipping-taxable","18":"purchasable","19":"product-type-simple"},"supplier_id":null,"supplier_sku":"","barcode":null,"atum_controlled":false,"out_stock_date":null,"out_stock_threshold":null,"inheritable":false,"inbound_stock":null,"stock_on_hold":null,"sold_today":null,"sales_last_days":null,"reserved_stock":null,"customer_returns":null,"warehouse_damage":null,"lost_in_post":null,"other_logs":null,"out_stock_days":null,"lost_sales":null,"has_location":null,"update_date":"2026-04-25T13:29:36","atum_locations":[],"atum_stock_status":"instock","restock_status":false,"low_stock_amount":"","sales_update_date":null,"calc_backorders":null,"aioseo_notices":[],"_links":{"self":[{"href":"https:\/\/ecoshop.ee\/en\/wp-json\/wp\/v2\/product\/320985","targetHints":{"allow":["GET"]}}],"collection":[{"href":"https:\/\/ecoshop.ee\/en\/wp-json\/wp\/v2\/product"}],"about":[{"href":"https:\/\/ecoshop.ee\/en\/wp-json\/wp\/v2\/types\/product"}],"replies":[{"embeddable":true,"href":"https:\/\/ecoshop.ee\/en\/wp-json\/wp\/v2\/comments?post=320985"}],"version-history":[{"count":0,"href":"https:\/\/ecoshop.ee\/en\/wp-json\/wp\/v2\/product\/320985\/revisions"}],"wp:featuredmedia":[{"embeddable":true,"href":"https:\/\/ecoshop.ee\/en\/wp-json\/wp\/v2\/media\/320977"}],"wp:attachment":[{"href":"https:\/\/ecoshop.ee\/en\/wp-json\/wp\/v2\/media?parent=320985"}],"wp:term":[{"taxonomy":"product_brand","embeddable":true,"href":"https:\/\/ecoshop.ee\/en\/wp-json\/wp\/v2\/product_brand?post=320985"},{"taxonomy":"product_cat","embeddable":true,"href":"https:\/\/ecoshop.ee\/en\/wp-json\/wp\/v2\/product_cat?post=320985"},{"taxonomy":"product_tag","embeddable":true,"href":"https:\/\/ecoshop.ee\/en\/wp-json\/wp\/v2\/product_tag?post=320985"}],"curies":[{"name":"wp","href":"https:\/\/api.w.org\/{rel}","templated":true}]}}