{"id":320993,"date":"2026-02-27T10:42:33","date_gmt":"2026-02-27T07:42:33","guid":{"rendered":"https:\/\/ecoshop.ee\/maaratlemata\/aialaud-85-x-57-x-29-cm-akaatsiapuit\/"},"modified":"2026-05-12T09:22:16","modified_gmt":"2026-05-12T06:22:16","slug":"garden-table-85-x-57-x-29-cm-acacia-wood","status":"publish","type":"product","link":"https:\/\/ecoshop.ee\/en\/ouelauad\/aialaud-85-x-57-x-29-cm-akaatsiapuit\/","title":{"rendered":"Garden Table, 85 x 57 x 29 Cm, Acacia Wood"},"content":{"rendered":"<p>Are you looking for something more sophisticated and attractive for your garden? This wooden garden dining table is your best choice!<\/p>\n<\/p>\n<p>Made of acacia wood, this coffee table is strong and stable and suitable for your patio, garden or any outdoor or indoor space. Thanks to the oil finish, it is easy to clean with a damp cloth. The sturdy top is suitable for placing snacks, fruit baskets, decorative items and other essentials.<\/p>\n<\/p>\n<p>Note: To extend the life of your garden furniture, we recommend protecting it with a waterproof cover.<\/p>\n<ul>\n<li>Material: sturdy acacia wood with an oil finish<\/li>\n<li>Dimensions: 85 x 57 x 29 cm (L x W x H)<\/li>\n<li>Suitable for both indoors and outdoors<\/li>\n<li>Assembly required: yes<\/li>\n<\/ul>","protected":false},"excerpt":{"rendered":"<p>Kas otsite oma aeda midagi erudeeritumat ja k\u00f6itvamat? See puidust aia s\u00f6\u00f6gilaud on teie parim valik! Akaatsiapuidust valmistatud kohvilaud on tugev ja&hellip;<\/p>","protected":false},"featured_media":320987,"comment_status":"open","ping_status":"closed","template":"","meta":{"wprm-recipe-roundup-name":"","wprm-recipe-roundup-description":""},"product_brand":[],"product_cat":[932],"product_tag":[547,933,553,554,540],"class_list":{"0":"post-320993","1":"product","2":"type-product","3":"status-publish","4":"has-post-thumbnail","6":"product_cat-ouelauad","7":"product_tag-moobel","8":"product_tag-ouelauad","9":"product_tag-ouemoobel","10":"product_tag-ouemoobli-komplektid","11":"product_tag-parcel","12":"pa_brand-vidaxl","14":"first","15":"instock","16":"taxable","17":"shipping-taxable","18":"purchasable","19":"product-type-simple"},"supplier_id":null,"supplier_sku":"","barcode":null,"atum_controlled":false,"out_stock_date":null,"out_stock_threshold":null,"inheritable":false,"inbound_stock":null,"stock_on_hold":null,"sold_today":null,"sales_last_days":null,"reserved_stock":null,"customer_returns":null,"warehouse_damage":null,"lost_in_post":null,"other_logs":null,"out_stock_days":null,"lost_sales":null,"has_location":null,"update_date":"2026-05-12T06:22:16","atum_locations":[],"atum_stock_status":"instock","restock_status":false,"low_stock_amount":"","sales_update_date":null,"calc_backorders":null,"aioseo_notices":[],"_links":{"self":[{"href":"https:\/\/ecoshop.ee\/en\/wp-json\/wp\/v2\/product\/320993","targetHints":{"allow":["GET"]}}],"collection":[{"href":"https:\/\/ecoshop.ee\/en\/wp-json\/wp\/v2\/product"}],"about":[{"href":"https:\/\/ecoshop.ee\/en\/wp-json\/wp\/v2\/types\/product"}],"replies":[{"embeddable":true,"href":"https:\/\/ecoshop.ee\/en\/wp-json\/wp\/v2\/comments?post=320993"}],"version-history":[{"count":0,"href":"https:\/\/ecoshop.ee\/en\/wp-json\/wp\/v2\/product\/320993\/revisions"}],"wp:featuredmedia":[{"embeddable":true,"href":"https:\/\/ecoshop.ee\/en\/wp-json\/wp\/v2\/media\/320987"}],"wp:attachment":[{"href":"https:\/\/ecoshop.ee\/en\/wp-json\/wp\/v2\/media?parent=320993"}],"wp:term":[{"taxonomy":"product_brand","embeddable":true,"href":"https:\/\/ecoshop.ee\/en\/wp-json\/wp\/v2\/product_brand?post=320993"},{"taxonomy":"product_cat","embeddable":true,"href":"https:\/\/ecoshop.ee\/en\/wp-json\/wp\/v2\/product_cat?post=320993"},{"taxonomy":"product_tag","embeddable":true,"href":"https:\/\/ecoshop.ee\/en\/wp-json\/wp\/v2\/product_tag?post=320993"}],"curies":[{"name":"wp","href":"https:\/\/api.w.org\/{rel}","templated":true}]}}