{"id":321454,"date":"2026-02-27T10:55:07","date_gmt":"2026-02-27T07:55:07","guid":{"rendered":"https:\/\/ecoshop.ee\/maaratlemata\/seinale-kinnitatav-ratikuriiul-35-x-20-x-35-cm-tiikpuu\/"},"modified":"2026-05-11T21:28:30","modified_gmt":"2026-05-11T18:28:30","slug":"wall-mounted-rack-35-x-20-x-35-cm-teak","status":"publish","type":"product","link":"https:\/\/ecoshop.ee\/en\/kateratiku-nagid\/seinale-kinnitatav-ratikuriiul-35-x-20-x-35-cm-tiikpuu\/","title":{"rendered":"Wall-Mounted Towel Rack, 35 x 20 x 35 Cm, Teak"},"content":{"rendered":"<p>With a colonial yet rustic style, this wall-mounted towel rack is a timeless accessory for your bathroom design.<\/p>\n<\/p>\n<p>The towel rack is made of teak with a natural finish, making it quite stable and easy to maintain. The wooden towel rack has an open shelf at the back, so in addition to hanging towels, it offers enough space to store cosmetics, toothpaste, shampoos, etc.<\/p>\n<ul>\n<li>Material: sturdy teak with a natural finish<\/li>\n<li>Dimensions: 35 x 20 x 35 cm (W x D x H)<\/li>\n<li>Wall-mounted<\/li>\n<li>With shelf<\/li>\n<\/ul>","protected":false},"excerpt":{"rendered":"<p>Koloniaalse, samas maal\u00e4hedase stiiliga seinale kinnitatav r\u00e4tikuriiul on teie vannitoa kujundusele ajatu aksessuaar. R\u00e4tikuhoidik on valmistatud naturaalse viimistlusega tiikpuust, muutes selle \u00fcpris&hellip;<\/p>","protected":false},"featured_media":321448,"comment_status":"open","ping_status":"closed","template":"","meta":{"wprm-recipe-roundup-name":"","wprm-recipe-roundup-description":""},"product_brand":[],"product_cat":[4617],"product_tag":[1035,536,554,540,1034],"class_list":{"0":"post-321454","1":"product","2":"type-product","3":"status-publish","4":"has-post-thumbnail","6":"product_cat-kateratiku-nagid","7":"product_tag-kateratiku-nagid","8":"product_tag-kodu-ja-aed","9":"product_tag-ouemoobli-komplektid","10":"product_tag-parcel","11":"product_tag-vannitoa-tarvikud","12":"pa_brand-vidaxl","14":"first","15":"instock","16":"taxable","17":"shipping-taxable","18":"purchasable","19":"product-type-simple"},"supplier_id":null,"supplier_sku":"","barcode":null,"atum_controlled":false,"out_stock_date":null,"out_stock_threshold":null,"inheritable":false,"inbound_stock":null,"stock_on_hold":0,"sold_today":0,"sales_last_days":0,"reserved_stock":null,"customer_returns":null,"warehouse_damage":null,"lost_in_post":null,"other_logs":null,"out_stock_days":0,"lost_sales":0,"has_location":null,"update_date":"2026-05-11T18:28:30","atum_locations":[],"atum_stock_status":"instock","restock_status":false,"low_stock_amount":"","sales_update_date":"2026-03-05T01:07:13","calc_backorders":null,"aioseo_notices":[],"_links":{"self":[{"href":"https:\/\/ecoshop.ee\/en\/wp-json\/wp\/v2\/product\/321454","targetHints":{"allow":["GET"]}}],"collection":[{"href":"https:\/\/ecoshop.ee\/en\/wp-json\/wp\/v2\/product"}],"about":[{"href":"https:\/\/ecoshop.ee\/en\/wp-json\/wp\/v2\/types\/product"}],"replies":[{"embeddable":true,"href":"https:\/\/ecoshop.ee\/en\/wp-json\/wp\/v2\/comments?post=321454"}],"version-history":[{"count":0,"href":"https:\/\/ecoshop.ee\/en\/wp-json\/wp\/v2\/product\/321454\/revisions"}],"wp:featuredmedia":[{"embeddable":true,"href":"https:\/\/ecoshop.ee\/en\/wp-json\/wp\/v2\/media\/321448"}],"wp:attachment":[{"href":"https:\/\/ecoshop.ee\/en\/wp-json\/wp\/v2\/media?parent=321454"}],"wp:term":[{"taxonomy":"product_brand","embeddable":true,"href":"https:\/\/ecoshop.ee\/en\/wp-json\/wp\/v2\/product_brand?post=321454"},{"taxonomy":"product_cat","embeddable":true,"href":"https:\/\/ecoshop.ee\/en\/wp-json\/wp\/v2\/product_cat?post=321454"},{"taxonomy":"product_tag","embeddable":true,"href":"https:\/\/ecoshop.ee\/en\/wp-json\/wp\/v2\/product_tag?post=321454"}],"curies":[{"name":"wp","href":"https:\/\/api.w.org\/{rel}","templated":true}]}}