{"id":321641,"date":"2026-02-27T10:59:55","date_gmt":"2026-02-27T07:59:55","guid":{"rendered":"https:\/\/ecoshop.ee\/maaratlemata\/pesukorv-45-x-45-x-65-cm-pahkel\/"},"modified":"2026-05-12T15:25:01","modified_gmt":"2026-05-12T12:25:01","slug":"laundry-basket-45-x-45-x-65-cm-ankle","status":"publish","type":"product","link":"https:\/\/ecoshop.ee\/en\/pesukorvid\/pesukorv-45-x-45-x-65-cm-pahkel\/","title":{"rendered":"Laundry Basket, 45 x 45 x 65 Cm, Walnut"},"content":{"rendered":"<p>A wooden laundry basket offers a convenient solution for storing dirty laundry and organizing your home.<\/p>\n<\/p>\n<ul>\n<li>Walnut wood: Walnut wood is a dense and durable wood that is very wear-resistant and known for its distinctive color and beautiful patterns.<\/li>\n<li>Plenty of storage space: The laundry basket offers enough space to store laundry.<\/li>\n<li>Removable inner bag: The laundry bag can be easily removed and items can be easily put into the washing machine if necessary.<\/li>\n<li>Practical design: The laundry basket lid prevents unpleasant odors and protects laundry from dust, while providing privacy.<\/li>\n<li>Excellent air circulation: The laundry basket is designed with slats that ensure optimal air circulation.<\/li>\n<\/ul>\n<p>Note.<\/p>\n<ul>\n<li>Each product comes with assembly instructions for easy assembly.<\/li>\n<\/ul>\n<p>Warning.<\/p>\n<ul>\n<li>To prevent falling over, the product must be used with the wall bracket supplied.<\/li>\n<\/ul>\n<ul>\n<li>Material: oil-finished walnut wood, artificial wood, fabric (50% cotton, 50% polyester)<\/li>\n<li>Dimensions: 45x 45 x 65 cm (L x W x H)<\/li>\n<li>Legal Documents:\n<p><span>For more information on how to prevent furniture falling over, see. <span style=\"text-decoration: underline\"><strong><a title=\"https:\/\/bit.ly\/3hTNl1i\" href=\"https:\/\/bit.ly\/3hTNl1i\" target=\"_blank\">from here<\/a><\/strong><\/span><\/span><\/p>\n<\/li>\n<\/ul>","protected":false},"excerpt":{"rendered":"<p>Puidust pesukorv pakub mugavat lahendust musta pesu hoiustamiseks ja kodus korrastamiseks. P\u00e4hklipuit: p\u00e4hklipuit on tihke ja vastupidav puit, mis on v\u00e4ga kulumiskindel&hellip;<\/p>","protected":false},"featured_media":321631,"comment_status":"open","ping_status":"closed","template":"","meta":{"wprm-recipe-roundup-name":"","wprm-recipe-roundup-description":""},"product_brand":[],"product_cat":[2458],"product_tag":[536,995,554,540,1068,1067],"class_list":{"0":"post-321641","1":"product","2":"type-product","3":"status-publish","4":"has-post-thumbnail","6":"product_cat-pesukorvid","7":"product_tag-kodu-ja-aed","8":"product_tag-majapidamistarbed","9":"product_tag-ouemoobli-komplektid","10":"product_tag-parcel","11":"product_tag-pesukastid","12":"product_tag-pesutarvikud","13":"pa_brand-vidaxl","15":"first","16":"instock","17":"taxable","18":"shipping-taxable","19":"purchasable","20":"product-type-simple"},"supplier_id":null,"supplier_sku":"","barcode":null,"atum_controlled":false,"out_stock_date":null,"out_stock_threshold":null,"inheritable":false,"inbound_stock":null,"stock_on_hold":null,"sold_today":null,"sales_last_days":null,"reserved_stock":null,"customer_returns":null,"warehouse_damage":null,"lost_in_post":null,"other_logs":null,"out_stock_days":null,"lost_sales":null,"has_location":null,"update_date":"2026-05-12T12:25:02","atum_locations":[],"atum_stock_status":"instock","restock_status":false,"low_stock_amount":"","sales_update_date":null,"calc_backorders":null,"aioseo_notices":[],"_links":{"self":[{"href":"https:\/\/ecoshop.ee\/en\/wp-json\/wp\/v2\/product\/321641","targetHints":{"allow":["GET"]}}],"collection":[{"href":"https:\/\/ecoshop.ee\/en\/wp-json\/wp\/v2\/product"}],"about":[{"href":"https:\/\/ecoshop.ee\/en\/wp-json\/wp\/v2\/types\/product"}],"replies":[{"embeddable":true,"href":"https:\/\/ecoshop.ee\/en\/wp-json\/wp\/v2\/comments?post=321641"}],"version-history":[{"count":0,"href":"https:\/\/ecoshop.ee\/en\/wp-json\/wp\/v2\/product\/321641\/revisions"}],"wp:featuredmedia":[{"embeddable":true,"href":"https:\/\/ecoshop.ee\/en\/wp-json\/wp\/v2\/media\/321631"}],"wp:attachment":[{"href":"https:\/\/ecoshop.ee\/en\/wp-json\/wp\/v2\/media?parent=321641"}],"wp:term":[{"taxonomy":"product_brand","embeddable":true,"href":"https:\/\/ecoshop.ee\/en\/wp-json\/wp\/v2\/product_brand?post=321641"},{"taxonomy":"product_cat","embeddable":true,"href":"https:\/\/ecoshop.ee\/en\/wp-json\/wp\/v2\/product_cat?post=321641"},{"taxonomy":"product_tag","embeddable":true,"href":"https:\/\/ecoshop.ee\/en\/wp-json\/wp\/v2\/product_tag?post=321641"}],"curies":[{"name":"wp","href":"https:\/\/api.w.org\/{rel}","templated":true}]}}