{"id":321758,"date":"2026-02-27T11:02:52","date_gmt":"2026-02-27T08:02:52","guid":{"rendered":"https:\/\/ecoshop.ee\/maaratlemata\/hoiukastid-2-tk-tootlemata-mangopuit\/"},"modified":"2026-05-12T22:32:49","modified_gmt":"2026-05-12T19:32:49","slug":"storage-boxes-2-pcs-raw-mango-wood","status":"publish","type":"product","link":"https:\/\/ecoshop.ee\/en\/hoiukirstud\/hoiukastid-2-tk-tootlemata-mangopuit\/","title":{"rendered":"Storage Boxes, 2 Pieces, Untreated Mango Wood"},"content":{"rendered":"<p>This set of two untreated mango wood storage boxes will make a timeless addition to your home, providing ample storage space and helping you keep things organized. <\/p>\n<\/p>\n<p>The storage chest is entirely handmade from real wood, which means that every piece of furniture is unique and slightly different from the next. The untreated mango wood is strong, durable and beautiful.<\/p>\n<\/p>\n<p>Please note: The color of each piece of furniture varies, making each storage box unique; the item delivered is random.<\/p>\n<ul>\n<li>Material: untreated mango wood <\/li>\n<li>1. Box size: 70 x 35 x 35 cm (L x W x H)<\/li>\n<li>2. Drawer size: 58 x 28 x 28 cm (L x W x H)<\/li>\n<li>Completely handmade<\/li>\n<li>Solid wood with wax finish<\/li>\n<\/ul>","protected":false},"excerpt":{"rendered":"<p>Kahest t\u00f6\u00f6tlemata mangopuidust hoiulaekast koosnev komplekt on teie kodule ajatu kaunistus, pakub k\u00fcllaldaselt hoiuruumi ja aitab asju korrastatult hoida. Hoiulaegas on ehtsast&hellip;<\/p>","protected":false},"featured_media":321746,"comment_status":"open","ping_status":"closed","template":"","meta":{"wprm-recipe-roundup-name":"","wprm-recipe-roundup-description":""},"product_brand":[],"product_cat":[578],"product_tag":[579,567,547,554,540],"class_list":{"0":"post-321758","1":"product","2":"type-product","3":"status-publish","4":"has-post-thumbnail","6":"product_cat-hoiukirstud","7":"product_tag-hoiukirstud","8":"product_tag-kapid-ja-hoiustamine","9":"product_tag-moobel","10":"product_tag-ouemoobli-komplektid","11":"product_tag-parcel","12":"pa_brand-vidaxl","14":"first","15":"instock","16":"taxable","17":"shipping-taxable","18":"purchasable","19":"product-type-simple"},"supplier_id":null,"supplier_sku":"","barcode":null,"atum_controlled":false,"out_stock_date":null,"out_stock_threshold":null,"inheritable":false,"inbound_stock":null,"stock_on_hold":null,"sold_today":null,"sales_last_days":null,"reserved_stock":null,"customer_returns":null,"warehouse_damage":null,"lost_in_post":null,"other_logs":null,"out_stock_days":null,"lost_sales":null,"has_location":null,"update_date":"2026-05-12T19:32:49","atum_locations":[],"atum_stock_status":"instock","restock_status":false,"low_stock_amount":"","sales_update_date":null,"calc_backorders":null,"aioseo_notices":[],"_links":{"self":[{"href":"https:\/\/ecoshop.ee\/en\/wp-json\/wp\/v2\/product\/321758","targetHints":{"allow":["GET"]}}],"collection":[{"href":"https:\/\/ecoshop.ee\/en\/wp-json\/wp\/v2\/product"}],"about":[{"href":"https:\/\/ecoshop.ee\/en\/wp-json\/wp\/v2\/types\/product"}],"replies":[{"embeddable":true,"href":"https:\/\/ecoshop.ee\/en\/wp-json\/wp\/v2\/comments?post=321758"}],"version-history":[{"count":0,"href":"https:\/\/ecoshop.ee\/en\/wp-json\/wp\/v2\/product\/321758\/revisions"}],"wp:featuredmedia":[{"embeddable":true,"href":"https:\/\/ecoshop.ee\/en\/wp-json\/wp\/v2\/media\/321746"}],"wp:attachment":[{"href":"https:\/\/ecoshop.ee\/en\/wp-json\/wp\/v2\/media?parent=321758"}],"wp:term":[{"taxonomy":"product_brand","embeddable":true,"href":"https:\/\/ecoshop.ee\/en\/wp-json\/wp\/v2\/product_brand?post=321758"},{"taxonomy":"product_cat","embeddable":true,"href":"https:\/\/ecoshop.ee\/en\/wp-json\/wp\/v2\/product_cat?post=321758"},{"taxonomy":"product_tag","embeddable":true,"href":"https:\/\/ecoshop.ee\/en\/wp-json\/wp\/v2\/product_tag?post=321758"}],"curies":[{"name":"wp","href":"https:\/\/api.w.org\/{rel}","templated":true}]}}