{"id":321767,"date":"2026-02-27T11:03:03","date_gmt":"2026-02-27T08:03:03","guid":{"rendered":"https:\/\/ecoshop.ee\/maaratlemata\/mehhiko-corona-stiilis-hoiukirst-91-x-495-x-47-cm-mannipuit\/"},"modified":"2026-05-15T09:23:25","modified_gmt":"2026-05-15T06:23:25","slug":"mexican-corona-style-storage-chest-91-x-495-x-47-cm-manni-wood","status":"publish","type":"product","link":"https:\/\/ecoshop.ee\/en\/hoiukirstud\/mehhiko-corona-stiilis-hoiukirst-91-x-495-x-47-cm-mannipuit\/","title":{"rendered":"Mexican &quot;Corona&quot; Style Storage Chest, 91 x 49.5 x 47 Cm Pine Wood"},"content":{"rendered":"<p>This Corona-style wooden storage chest exudes Mexican charm and will make your living room, bedroom, or guest room look timeless while keeping the room tidy.<\/p>\n<\/p>\n<p>The spacious chest can be used to store blankets, pillows, children&#039;s toys and other accessories. The rustic storage chest is made of high-quality pine wood, which makes it durable. The sturdy wooden chest requires minimal maintenance, and the beautiful wood grains give it a rustic charm.<\/p>\n<\/p>\n<p>The storage box also has sturdy black metal details that add durability and retro style. The chest has comfortable handles and can be locked. You can even use it as a coffee table or side table.<\/p>\n<ul>\n<li>Color: brown<\/li>\n<li>Material: waxed pine wood<\/li>\n<li>Dimensions 91 x 49.5 x 47 cm (W x D x H)<\/li>\n<li>In keeping with the Mexican \u201cCorona\u201d furniture style<\/li>\n<li>Easy to assemble<\/li>\n<\/ul>","protected":false},"excerpt":{"rendered":"<p>Corona stiilis puidust hoiukirst \u00f5hkab Mehhiko sarmi ning muudab teie elutoa, magamistoa v\u00f5i k\u00fclalistetoa ajatuks, hoides toa korras. Mahukat kirstu saab kasutada&hellip;<\/p>","protected":false},"featured_media":321759,"comment_status":"open","ping_status":"closed","template":"","meta":{"wprm-recipe-roundup-name":"","wprm-recipe-roundup-description":""},"product_brand":[],"product_cat":[578],"product_tag":[579,567,547,554,540],"class_list":{"0":"post-321767","1":"product","2":"type-product","3":"status-publish","4":"has-post-thumbnail","6":"product_cat-hoiukirstud","7":"product_tag-hoiukirstud","8":"product_tag-kapid-ja-hoiustamine","9":"product_tag-moobel","10":"product_tag-ouemoobli-komplektid","11":"product_tag-parcel","12":"pa_brand-vidaxl","14":"first","15":"instock","16":"taxable","17":"shipping-taxable","18":"purchasable","19":"product-type-simple"},"supplier_id":null,"supplier_sku":"","barcode":null,"atum_controlled":false,"out_stock_date":null,"out_stock_threshold":null,"inheritable":false,"inbound_stock":null,"stock_on_hold":0,"sold_today":1,"sales_last_days":1,"reserved_stock":null,"customer_returns":null,"warehouse_damage":null,"lost_in_post":null,"other_logs":null,"out_stock_days":0,"lost_sales":0,"has_location":null,"update_date":"2026-05-15T06:23:26","atum_locations":[],"atum_stock_status":"instock","restock_status":false,"low_stock_amount":"","sales_update_date":"2026-04-10T16:26:09","calc_backorders":null,"aioseo_notices":[],"_links":{"self":[{"href":"https:\/\/ecoshop.ee\/en\/wp-json\/wp\/v2\/product\/321767","targetHints":{"allow":["GET"]}}],"collection":[{"href":"https:\/\/ecoshop.ee\/en\/wp-json\/wp\/v2\/product"}],"about":[{"href":"https:\/\/ecoshop.ee\/en\/wp-json\/wp\/v2\/types\/product"}],"replies":[{"embeddable":true,"href":"https:\/\/ecoshop.ee\/en\/wp-json\/wp\/v2\/comments?post=321767"}],"version-history":[{"count":0,"href":"https:\/\/ecoshop.ee\/en\/wp-json\/wp\/v2\/product\/321767\/revisions"}],"wp:featuredmedia":[{"embeddable":true,"href":"https:\/\/ecoshop.ee\/en\/wp-json\/wp\/v2\/media\/321759"}],"wp:attachment":[{"href":"https:\/\/ecoshop.ee\/en\/wp-json\/wp\/v2\/media?parent=321767"}],"wp:term":[{"taxonomy":"product_brand","embeddable":true,"href":"https:\/\/ecoshop.ee\/en\/wp-json\/wp\/v2\/product_brand?post=321767"},{"taxonomy":"product_cat","embeddable":true,"href":"https:\/\/ecoshop.ee\/en\/wp-json\/wp\/v2\/product_cat?post=321767"},{"taxonomy":"product_tag","embeddable":true,"href":"https:\/\/ecoshop.ee\/en\/wp-json\/wp\/v2\/product_tag?post=321767"}],"curies":[{"name":"wp","href":"https:\/\/api.w.org\/{rel}","templated":true}]}}