{"id":323014,"date":"2026-02-27T11:34:59","date_gmt":"2026-02-27T08:34:59","guid":{"rendered":"https:\/\/ecoshop.ee\/maaratlemata\/telerikapp-120-x-30-x-40-cm-mangopuit\/"},"modified":"2026-05-08T09:24:09","modified_gmt":"2026-05-08T06:24:09","slug":"tv-cabinet-120-x-30-x-40-cm-mango-wood","status":"publish","type":"product","link":"https:\/\/ecoshop.ee\/en\/telerialused\/telerikapp-120-x-30-x-40-cm-mangopuit\/","title":{"rendered":"TV cabinet, 120 x 30 x 40 Cm, Mango wood"},"content":{"rendered":"<p>This industrial-style wooden TV cabinet is the perfect choice for your living space.<\/p>\n<\/p>\n<p>The stereo cabinet is made of mango wood, a tropical hardwood that is strong enough to bear weight. It is wear-resistant, stable and durable. The door is made of natural jute and the iron base adds extra stability. The media cabinet has two doors and two compartments, which provide plenty of storage space.<\/p>\n<\/p>\n<p>Important note: The colour and wood grain of each piece of furniture vary, making each piece unique; the appearance of the item delivered is random.<\/p>\n<ul>\n<li>Material: Mango wood with black finish, powder-coated iron with black finish, jute<\/li>\n<li>Dimensions: 120 x 30 x 40 cm (W x D x H)<\/li>\n<li>Assembly required: no<\/li>\n<\/ul>","protected":false},"excerpt":{"rendered":"<p>T\u00f6\u00f6stusliku stiiliga puidust telerikapp on t\u00e4iuslik valik teie eluruumi. Stereokapp on valmistatud mangopuidust, troopilisest lehtpuust, mis on piisavalt tugev raskuse kandmiseks. See&hellip;<\/p>","protected":false},"featured_media":323003,"comment_status":"open","ping_status":"closed","template":"","meta":{"wprm-recipe-roundup-name":"","wprm-recipe-roundup-description":""},"product_brand":[],"product_cat":[660],"product_tag":[547,544,540,661],"class_list":{"0":"post-323014","1":"product","2":"type-product","3":"status-publish","4":"has-post-thumbnail","6":"product_cat-telerialused","7":"product_tag-moobel","8":"product_tag-must","9":"product_tag-parcel","10":"product_tag-telerialused","11":"pa_brand-vidaxl","13":"first","14":"instock","15":"taxable","16":"shipping-taxable","17":"purchasable","18":"product-type-simple"},"supplier_id":null,"supplier_sku":"","barcode":null,"atum_controlled":false,"out_stock_date":null,"out_stock_threshold":null,"inheritable":false,"inbound_stock":null,"stock_on_hold":0,"sold_today":0,"sales_last_days":0,"reserved_stock":null,"customer_returns":null,"warehouse_damage":null,"lost_in_post":null,"other_logs":null,"out_stock_days":0,"lost_sales":0,"has_location":null,"update_date":"2026-05-08T06:24:09","atum_locations":[],"atum_stock_status":"instock","restock_status":false,"low_stock_amount":"","sales_update_date":"2026-03-05T01:07:11","calc_backorders":null,"aioseo_notices":[],"_links":{"self":[{"href":"https:\/\/ecoshop.ee\/en\/wp-json\/wp\/v2\/product\/323014","targetHints":{"allow":["GET"]}}],"collection":[{"href":"https:\/\/ecoshop.ee\/en\/wp-json\/wp\/v2\/product"}],"about":[{"href":"https:\/\/ecoshop.ee\/en\/wp-json\/wp\/v2\/types\/product"}],"replies":[{"embeddable":true,"href":"https:\/\/ecoshop.ee\/en\/wp-json\/wp\/v2\/comments?post=323014"}],"version-history":[{"count":0,"href":"https:\/\/ecoshop.ee\/en\/wp-json\/wp\/v2\/product\/323014\/revisions"}],"wp:featuredmedia":[{"embeddable":true,"href":"https:\/\/ecoshop.ee\/en\/wp-json\/wp\/v2\/media\/323003"}],"wp:attachment":[{"href":"https:\/\/ecoshop.ee\/en\/wp-json\/wp\/v2\/media?parent=323014"}],"wp:term":[{"taxonomy":"product_brand","embeddable":true,"href":"https:\/\/ecoshop.ee\/en\/wp-json\/wp\/v2\/product_brand?post=323014"},{"taxonomy":"product_cat","embeddable":true,"href":"https:\/\/ecoshop.ee\/en\/wp-json\/wp\/v2\/product_cat?post=323014"},{"taxonomy":"product_tag","embeddable":true,"href":"https:\/\/ecoshop.ee\/en\/wp-json\/wp\/v2\/product_tag?post=323014"}],"curies":[{"name":"wp","href":"https:\/\/api.w.org\/{rel}","templated":true}]}}