{"id":323045,"date":"2026-02-27T11:35:34","date_gmt":"2026-02-27T08:35:34","guid":{"rendered":"https:\/\/ecoshop.ee\/maaratlemata\/telerikapp-90-x-30-x-40-cm-tootlemata-mangopuit\/"},"modified":"2026-04-06T16:41:06","modified_gmt":"2026-04-06T13:41:06","slug":"tv-cabinet-90-x-30-x-40-cm-untreated-mango-wood","status":"publish","type":"product","link":"https:\/\/ecoshop.ee\/en\/telerialused\/telerikapp-90-x-30-x-40-cm-tootlemata-mangopuit\/","title":{"rendered":"TV cabinet, 90 x 30 x 40 Cm, Untreated mango wood"},"content":{"rendered":"<p>This industrial-style wooden TV cabinet is the perfect choice for your living space.<\/p>\n<\/p>\n<p>The stereo cabinet is made of untreated mango wood, a tropical hardwood that is strong enough to bear weight. It is resistant to wear and tear over time, stable and durable. The powder-coated iron frame adds extra stability. The media cabinet has a hand-carved patterned door and a compartment that offers plenty of storage space. The sturdy top can be used to store decorative items such as photo frames, potted plants, vases, etc.<\/p>\n<\/p>\n<p>Important note: The colour and wood grain of each piece of furniture vary, making each piece unique; the appearance of the item delivered is random.<\/p>\n<ul>\n<li>Material: Raw mango wood with a natural finish, iron with a powder-coated finish, MDF<\/li>\n<li>Dimensions: 90 x 30 x 40 cm (W x D x H)<\/li>\n<li>The door has a hand-carved pattern<\/li>\n<li>Assembly required: no<\/li>\n<\/ul>","protected":false},"excerpt":{"rendered":"<p>T\u00f6\u00f6stusliku stiiliga puidust telerikapp on t\u00e4iuslik valik teie eluruumi. Stereokapp on valmistatud t\u00f6\u00f6tlemata mangopuidust, troopilisest lehtpuust, mis on piisavalt tugev raskuse kandmiseks.&hellip;<\/p>","protected":false},"featured_media":323035,"comment_status":"open","ping_status":"closed","template":"","meta":{"wprm-recipe-roundup-name":"","wprm-recipe-roundup-description":""},"product_brand":[],"product_cat":[660],"product_tag":[547,554,540,661],"class_list":{"0":"post-323045","1":"product","2":"type-product","3":"status-publish","4":"has-post-thumbnail","6":"product_cat-telerialused","7":"product_tag-moobel","8":"product_tag-ouemoobli-komplektid","9":"product_tag-parcel","10":"product_tag-telerialused","11":"pa_brand-vidaxl","13":"first","14":"instock","15":"taxable","16":"shipping-taxable","17":"purchasable","18":"product-type-simple"},"supplier_id":null,"supplier_sku":"","barcode":null,"atum_controlled":false,"out_stock_date":null,"out_stock_threshold":null,"inheritable":false,"inbound_stock":null,"stock_on_hold":null,"sold_today":null,"sales_last_days":null,"reserved_stock":null,"customer_returns":null,"warehouse_damage":null,"lost_in_post":null,"other_logs":null,"out_stock_days":null,"lost_sales":null,"has_location":null,"update_date":"2026-04-06T13:41:07","atum_locations":[],"atum_stock_status":"instock","restock_status":false,"low_stock_amount":"","sales_update_date":null,"calc_backorders":null,"aioseo_notices":[],"_links":{"self":[{"href":"https:\/\/ecoshop.ee\/en\/wp-json\/wp\/v2\/product\/323045","targetHints":{"allow":["GET"]}}],"collection":[{"href":"https:\/\/ecoshop.ee\/en\/wp-json\/wp\/v2\/product"}],"about":[{"href":"https:\/\/ecoshop.ee\/en\/wp-json\/wp\/v2\/types\/product"}],"replies":[{"embeddable":true,"href":"https:\/\/ecoshop.ee\/en\/wp-json\/wp\/v2\/comments?post=323045"}],"version-history":[{"count":0,"href":"https:\/\/ecoshop.ee\/en\/wp-json\/wp\/v2\/product\/323045\/revisions"}],"wp:featuredmedia":[{"embeddable":true,"href":"https:\/\/ecoshop.ee\/en\/wp-json\/wp\/v2\/media\/323035"}],"wp:attachment":[{"href":"https:\/\/ecoshop.ee\/en\/wp-json\/wp\/v2\/media?parent=323045"}],"wp:term":[{"taxonomy":"product_brand","embeddable":true,"href":"https:\/\/ecoshop.ee\/en\/wp-json\/wp\/v2\/product_brand?post=323045"},{"taxonomy":"product_cat","embeddable":true,"href":"https:\/\/ecoshop.ee\/en\/wp-json\/wp\/v2\/product_cat?post=323045"},{"taxonomy":"product_tag","embeddable":true,"href":"https:\/\/ecoshop.ee\/en\/wp-json\/wp\/v2\/product_tag?post=323045"}],"curies":[{"name":"wp","href":"https:\/\/api.w.org\/{rel}","templated":true}]}}