{"id":323090,"date":"2026-02-27T11:36:33","date_gmt":"2026-02-27T08:36:33","guid":{"rendered":"https:\/\/ecoshop.ee\/maaratlemata\/vannitoakapp-betoonhall-65-x-33-x-60-cm-tehispuit\/"},"modified":"2026-05-10T03:24:49","modified_gmt":"2026-05-10T00:24:49","slug":"bathroom-cabinet-concrete-gray-65-x-33-x-60-cm-artificial-wood","status":"publish","type":"product","link":"https:\/\/ecoshop.ee\/en\/vannitoamoobli-komplektid\/vannitoakapp-betoonhall-65-x-33-x-60-cm-tehispuit\/","title":{"rendered":"Bathroom Cabinet, Concrete Grey, 65 x 33 x 60 Cm, Artificial Wood"},"content":{"rendered":"<p>A bathroom cabinet is a great addition to your bathroom, giving it a clean and prominent look!<\/p>\n<ul>\n<li>Durable material: The artificial wood is of exceptional quality and has a smooth surface, and is also strong, stable and moisture-resistant.<\/li>\n<li>Spacious storage: The bathroom furniture has 1 large drawer and 2 drawers, providing various storage spaces for storing items in your bathroom.<\/li>\n<li>Iron legs: Iron legs add industrial style to the interior and ensure the stability of the bathroom cabinet.<\/li>\n<\/ul>\n<p>Warning.<\/p>\n<ul>\n<li>To prevent it from falling over, the product must be used with a wall mount (not included).<\/li>\n<\/ul>\n<ul>\n<li>Color: concrete gray<\/li>\n<li>Material: artificial wood, iron<\/li>\n<li>Overall dimensions: 65 x 33 x 60 cm (W x D x H)<\/li>\n<li>Leg height: 10 cm<\/li>\n<li>Assembly required: yes<\/li>\n<li>Legal Documents:\n<p><span>For more information on how to prevent furniture falling over, see. <span style=\"text-decoration: underline\"><strong><a title=\"https:\/\/bit.ly\/3hTNl1i\" href=\"https:\/\/bit.ly\/3hTNl1i\" target=\"_blank\">from here<\/a><\/strong><\/span><\/span><\/p>\n<\/li>\n<\/ul>","protected":false},"excerpt":{"rendered":"<p>Vannitoakapp on suurep\u00e4rane t\u00e4iendus teie vannituppa, andes sellele puhta ja silmapaistva v\u00e4limuse! Vastupidav materjal: tehispuit on erakordse kvaliteediga ja sileda pinnaga ning&hellip;<\/p>","protected":false},"featured_media":323078,"comment_status":"open","ping_status":"closed","template":"","meta":{"wprm-recipe-roundup-name":"","wprm-recipe-roundup-description":""},"product_brand":[],"product_cat":[1056],"product_tag":[550,642,567,643,547,540],"class_list":{"0":"post-323090","1":"product","2":"type-product","3":"status-publish","4":"has-post-thumbnail","6":"product_cat-vannitoamoobli-komplektid","7":"product_tag-hall","8":"product_tag-jumestuslauad","9":"product_tag-kapid-ja-hoiustamine","10":"product_tag-kummutid-vannituppa","11":"product_tag-moobel","12":"product_tag-parcel","13":"pa_brand-vidaxl","15":"first","16":"instock","17":"taxable","18":"shipping-taxable","19":"purchasable","20":"product-type-simple"},"supplier_id":null,"supplier_sku":"","barcode":null,"atum_controlled":false,"out_stock_date":null,"out_stock_threshold":null,"inheritable":false,"inbound_stock":null,"stock_on_hold":null,"sold_today":null,"sales_last_days":null,"reserved_stock":null,"customer_returns":null,"warehouse_damage":null,"lost_in_post":null,"other_logs":null,"out_stock_days":null,"lost_sales":null,"has_location":null,"update_date":"2026-05-10T00:24:50","atum_locations":[],"atum_stock_status":"instock","restock_status":false,"low_stock_amount":"","sales_update_date":null,"calc_backorders":null,"aioseo_notices":[],"_links":{"self":[{"href":"https:\/\/ecoshop.ee\/en\/wp-json\/wp\/v2\/product\/323090","targetHints":{"allow":["GET"]}}],"collection":[{"href":"https:\/\/ecoshop.ee\/en\/wp-json\/wp\/v2\/product"}],"about":[{"href":"https:\/\/ecoshop.ee\/en\/wp-json\/wp\/v2\/types\/product"}],"replies":[{"embeddable":true,"href":"https:\/\/ecoshop.ee\/en\/wp-json\/wp\/v2\/comments?post=323090"}],"version-history":[{"count":0,"href":"https:\/\/ecoshop.ee\/en\/wp-json\/wp\/v2\/product\/323090\/revisions"}],"wp:featuredmedia":[{"embeddable":true,"href":"https:\/\/ecoshop.ee\/en\/wp-json\/wp\/v2\/media\/323078"}],"wp:attachment":[{"href":"https:\/\/ecoshop.ee\/en\/wp-json\/wp\/v2\/media?parent=323090"}],"wp:term":[{"taxonomy":"product_brand","embeddable":true,"href":"https:\/\/ecoshop.ee\/en\/wp-json\/wp\/v2\/product_brand?post=323090"},{"taxonomy":"product_cat","embeddable":true,"href":"https:\/\/ecoshop.ee\/en\/wp-json\/wp\/v2\/product_cat?post=323090"},{"taxonomy":"product_tag","embeddable":true,"href":"https:\/\/ecoshop.ee\/en\/wp-json\/wp\/v2\/product_tag?post=323090"}],"curies":[{"name":"wp","href":"https:\/\/api.w.org\/{rel}","templated":true}]}}