{"id":323160,"date":"2026-02-27T11:37:55","date_gmt":"2026-02-27T08:37:55","guid":{"rendered":"https:\/\/ecoshop.ee\/maaratlemata\/vannitoakapp-40-x-27-x-190-cm-raud-ja-akaatsiapuit\/"},"modified":"2026-05-01T03:30:52","modified_gmt":"2026-05-01T00:30:52","slug":"bathroom-cabinet-40-x-27-x-190-cm-iron-and-acacia-wood","status":"publish","type":"product","link":"https:\/\/ecoshop.ee\/en\/vannitoamoobli-komplektid\/vannitoakapp-40-x-27-x-190-cm-raud-ja-akaatsiapuit\/","title":{"rendered":"Bathroom Cabinet, 40 x 27 x 190 Cm, Iron and Acacia Wood"},"content":{"rendered":"<p>A bathroom cabinet is a great addition to your bathroom, giving it a clean and striking look!<\/p>\n<\/p>\n<ul>\n<li>Durable material: Iron is a strong and hard material. It is a firm favorite in industrial and furniture construction. <\/li>\n<li>Acacia wood: Sturdy acacia wood is a beautiful natural material. Acacia wood is a tropical hardwood that is dense, strong and durable.<\/li>\n<li>Plenty of storage space: The bathroom cabinet offers enough storage space for toiletries and bathroom products such as soap, shampoo, toothpaste, etc.<\/li>\n<li>Comfortable handle: The metal handle allows you to easily open the bathroom storage cabinet.<\/li>\n<\/ul>\n<p>Warning.<\/p>\n<ul>\n<li>To prevent it from falling over, the product must be used with a wall mount (not included).<\/li>\n<\/ul>\n<ul>\n<li>Material: sturdy acacia wood with a natural finish and powder-coated iron<\/li>\n<li>Dimensions: 40 x 30 x 190 cm (L x W x H) <\/li>\n<li>Assembly required: yes<\/li>\n<li>Legal Documents:\n<p><span>For more information on how to prevent furniture falling over, see. <span style=\"text-decoration: underline\"><strong><a title=\"https:\/\/bit.ly\/3hTNl1i\" href=\"https:\/\/bit.ly\/3hTNl1i\" target=\"_blank\">from here<\/a><\/strong><\/span><\/span><\/p>\n<\/li>\n<\/ul>","protected":false},"excerpt":{"rendered":"<p>Vannitoakapp on suurep\u00e4rane lisa teie vannitoale, andes sellele puhta ja silmapaistva v\u00e4limuse! Vastupidav materjal: raud on tugev ja k\u00f5va materjal. See on&hellip;<\/p>","protected":false},"featured_media":323148,"comment_status":"open","ping_status":"closed","template":"","meta":{"wprm-recipe-roundup-name":"","wprm-recipe-roundup-description":""},"product_brand":[],"product_cat":[1056],"product_tag":[642,567,643,547,554,540],"class_list":{"0":"post-323160","1":"product","2":"type-product","3":"status-publish","4":"has-post-thumbnail","6":"product_cat-vannitoamoobli-komplektid","7":"product_tag-jumestuslauad","8":"product_tag-kapid-ja-hoiustamine","9":"product_tag-kummutid-vannituppa","10":"product_tag-moobel","11":"product_tag-ouemoobli-komplektid","12":"product_tag-parcel","13":"pa_brand-vidaxl","15":"first","16":"instock","17":"taxable","18":"shipping-taxable","19":"purchasable","20":"product-type-simple"},"supplier_id":null,"supplier_sku":"","barcode":null,"atum_controlled":false,"out_stock_date":null,"out_stock_threshold":null,"inheritable":false,"inbound_stock":null,"stock_on_hold":null,"sold_today":null,"sales_last_days":null,"reserved_stock":null,"customer_returns":null,"warehouse_damage":null,"lost_in_post":null,"other_logs":null,"out_stock_days":null,"lost_sales":null,"has_location":null,"update_date":"2026-05-01T00:30:53","atum_locations":[],"atum_stock_status":"instock","restock_status":false,"low_stock_amount":"","sales_update_date":null,"calc_backorders":null,"aioseo_notices":[],"_links":{"self":[{"href":"https:\/\/ecoshop.ee\/en\/wp-json\/wp\/v2\/product\/323160","targetHints":{"allow":["GET"]}}],"collection":[{"href":"https:\/\/ecoshop.ee\/en\/wp-json\/wp\/v2\/product"}],"about":[{"href":"https:\/\/ecoshop.ee\/en\/wp-json\/wp\/v2\/types\/product"}],"replies":[{"embeddable":true,"href":"https:\/\/ecoshop.ee\/en\/wp-json\/wp\/v2\/comments?post=323160"}],"version-history":[{"count":0,"href":"https:\/\/ecoshop.ee\/en\/wp-json\/wp\/v2\/product\/323160\/revisions"}],"wp:featuredmedia":[{"embeddable":true,"href":"https:\/\/ecoshop.ee\/en\/wp-json\/wp\/v2\/media\/323148"}],"wp:attachment":[{"href":"https:\/\/ecoshop.ee\/en\/wp-json\/wp\/v2\/media?parent=323160"}],"wp:term":[{"taxonomy":"product_brand","embeddable":true,"href":"https:\/\/ecoshop.ee\/en\/wp-json\/wp\/v2\/product_brand?post=323160"},{"taxonomy":"product_cat","embeddable":true,"href":"https:\/\/ecoshop.ee\/en\/wp-json\/wp\/v2\/product_cat?post=323160"},{"taxonomy":"product_tag","embeddable":true,"href":"https:\/\/ecoshop.ee\/en\/wp-json\/wp\/v2\/product_tag?post=323160"}],"curies":[{"name":"wp","href":"https:\/\/api.w.org\/{rel}","templated":true}]}}