{"id":323263,"date":"2026-02-27T11:40:22","date_gmt":"2026-02-27T08:40:22","guid":{"rendered":"https:\/\/ecoshop.ee\/maaratlemata\/valamukapp-tugevast-pahklipuidust-66-x-29-x-61-cm\/"},"modified":"2026-04-28T03:24:45","modified_gmt":"2026-04-28T00:24:45","slug":"sink-cabinet-made-of-solid-walnut-wood-66-x-29-x-61-cm","status":"publish","type":"product","link":"https:\/\/ecoshop.ee\/en\/vannitoamoobli-komplektid\/valamukapp-tugevast-pahklipuidust-66-x-29-x-61-cm\/","title":{"rendered":"Sink Cabinet Made of Solid Walnut Wood 66 x 29 x 61 Cm"},"content":{"rendered":"<p>The walnut and plywood sink cabinet is an eye-catching addition to your bathroom.<\/p>\n<\/p>\n<p>The sink cabinet has two doors with grilles that ensure good ventilation and add an elegant charm. The wooden storage cabinet is stable, durable and adds a natural style to your home.<\/p>\n<\/p>\n<p>The bathroom cabinet fits perfectly with your sink and has plenty of storage space. The cabinet is easy to assemble.<\/p>\n<\/p>\n<p>Note: Wood is a natural material, so colors may vary; the item delivered is random.<\/p>\n<ul>\n<li>Material: solid walnut wood and plywood<\/li>\n<li>Dimensions: 66 x 29 x 61 cm (L x W x H)<\/li>\n<li>Max load capacity (total): 20 kg<\/li>\n<li>Warning: To prevent tipping over, the product must be used with the included wall mount.<\/li>\n<li>Legal Documents:\n<p><span>For more information on how to prevent furniture falling over, see. <span style=\"text-decoration: underline\"><strong><a title=\"https:\/\/bit.ly\/3hTNl1i\" href=\"https:\/\/bit.ly\/3hTNl1i\" target=\"_blank\">from here<\/a><\/strong><\/span><\/span><\/p>\n<\/li>\n<\/ul>","protected":false},"excerpt":{"rendered":"<p>P\u00e4hklipuidust ja vineerist valamukapp on pilkup\u00fc\u00fcdev lisa teie vannituppa. Valamukapil on kaks v\u00f5redega ust, mis tagavad hea ventilatsiooni ja lisavad elegantset sarmi.&hellip;<\/p>","protected":false},"featured_media":323256,"comment_status":"open","ping_status":"closed","template":"","meta":{"wprm-recipe-roundup-name":"","wprm-recipe-roundup-description":""},"product_brand":[],"product_cat":[1056],"product_tag":[596,642,567,643,547,540],"class_list":{"0":"post-323263","1":"product","2":"type-product","3":"status-publish","4":"has-post-thumbnail","6":"product_cat-vannitoamoobli-komplektid","7":"product_tag-beez","8":"product_tag-jumestuslauad","9":"product_tag-kapid-ja-hoiustamine","10":"product_tag-kummutid-vannituppa","11":"product_tag-moobel","12":"product_tag-parcel","13":"pa_brand-vidaxl","15":"first","16":"instock","17":"taxable","18":"shipping-taxable","19":"purchasable","20":"product-type-simple"},"supplier_id":null,"supplier_sku":"","barcode":null,"atum_controlled":false,"out_stock_date":null,"out_stock_threshold":null,"inheritable":false,"inbound_stock":null,"stock_on_hold":null,"sold_today":null,"sales_last_days":null,"reserved_stock":null,"customer_returns":null,"warehouse_damage":null,"lost_in_post":null,"other_logs":null,"out_stock_days":null,"lost_sales":null,"has_location":null,"update_date":"2026-04-28T00:24:45","atum_locations":[],"atum_stock_status":"instock","restock_status":false,"low_stock_amount":"","sales_update_date":null,"calc_backorders":null,"aioseo_notices":[],"_links":{"self":[{"href":"https:\/\/ecoshop.ee\/en\/wp-json\/wp\/v2\/product\/323263","targetHints":{"allow":["GET"]}}],"collection":[{"href":"https:\/\/ecoshop.ee\/en\/wp-json\/wp\/v2\/product"}],"about":[{"href":"https:\/\/ecoshop.ee\/en\/wp-json\/wp\/v2\/types\/product"}],"replies":[{"embeddable":true,"href":"https:\/\/ecoshop.ee\/en\/wp-json\/wp\/v2\/comments?post=323263"}],"version-history":[{"count":0,"href":"https:\/\/ecoshop.ee\/en\/wp-json\/wp\/v2\/product\/323263\/revisions"}],"wp:featuredmedia":[{"embeddable":true,"href":"https:\/\/ecoshop.ee\/en\/wp-json\/wp\/v2\/media\/323256"}],"wp:attachment":[{"href":"https:\/\/ecoshop.ee\/en\/wp-json\/wp\/v2\/media?parent=323263"}],"wp:term":[{"taxonomy":"product_brand","embeddable":true,"href":"https:\/\/ecoshop.ee\/en\/wp-json\/wp\/v2\/product_brand?post=323263"},{"taxonomy":"product_cat","embeddable":true,"href":"https:\/\/ecoshop.ee\/en\/wp-json\/wp\/v2\/product_cat?post=323263"},{"taxonomy":"product_tag","embeddable":true,"href":"https:\/\/ecoshop.ee\/en\/wp-json\/wp\/v2\/product_tag?post=323263"}],"curies":[{"name":"wp","href":"https:\/\/api.w.org\/{rel}","templated":true}]}}