{"id":323686,"date":"2026-02-27T11:49:41","date_gmt":"2026-02-27T08:49:41","guid":{"rendered":"https:\/\/ecoshop.ee\/maaratlemata\/2-osaline-vannitoamoobli-komplekt-akaatsia\/"},"modified":"2026-05-15T09:23:32","modified_gmt":"2026-05-15T06:23:32","slug":"2-piece-bathroom-furniture-set-acacia","status":"publish","type":"product","link":"https:\/\/ecoshop.ee\/en\/vannitoamoobli-komplektid\/2-osaline-vannitoamoobli-komplekt-akaatsia\/","title":{"rendered":"2-Piece Bathroom Furniture Set, Acacia"},"content":{"rendered":"<p>This handy bathroom furniture set is a great addition to your bathroom, giving it a clean and striking look!<\/p>\n<\/p>\n<ul>\n<li>Sturdy acacia wood: The cabinet is made of acacia wood combined with artificial wood. Acacia wood is a beautiful natural material. Acacia wood is a tropical hardwood that is dense, strong and durable.<\/li>\n<li>Plenty of storage space: The bathroom cabinet offers enough storage space to store items.<\/li>\n<li>Stable legs: Iron legs ensure the strength and stability of the bathroom cabinet.<\/li>\n<li>Practical design: the upper part of the cabinet is ideal for placing a sink.<\/li>\n<li>Clear image: The glass mirror bench ensures a clear image. So you can enjoy a beautiful and natural reflection when standing in front of the mirror.<\/li>\n<\/ul>\n<p>Warning.<\/p>\n<ul>\n<li>To prevent falling over, the product must be used with the wall bracket supplied.<\/li>\n<\/ul>\n<p>Good to know:<\/p>\n<ul>\n<li>Sink not included.<\/li>\n<li>Wall screws and dowels not included. We recommend the use of screws and dowels suitable for walls. If you are not sure, consult a professional. Follow each step of the instructions carefully.<\/li>\n<li>The colorused and wood grain of each item vary, making each item unique. The color of the item delivered is random, ensuring the exclusivity and uniqueness of the product.<\/li>\n<\/ul>\n<ul>\n<li><strong>Cabinet:<\/strong><\/li>\n<li>Material: acacia wood with natural finish, artificial wood<\/li>\n<li>Leg material: iron<\/li>\n<li>Dimensions: 62 x 33 x 58 cm (L x W x H)<\/li>\n<li>Leg height: 10 cm<\/li>\n<li><strong>Mirror:<\/strong><\/li>\n<li>Material: acacia wood with natural finish, artificial wood, glass<\/li>\n<li>Dimensions: 70 x 50 x 2.5 cm (L x W x D)<\/li>\n<li>Assembly required: yes<\/li>\n<li><strong>The package includes:<\/strong><\/li>\n<li>1 x sink cabinet<\/li>\n<li>1 x mirror<\/li>\n<li>Legal Documents:\n<p><span>For more information on how to prevent furniture falling over, see. <span style=\"text-decoration: underline\"><strong><a title=\"https:\/\/bit.ly\/3hTNl1i\" href=\"https:\/\/bit.ly\/3hTNl1i\" target=\"_blank\">from here<\/a><\/strong><\/span><\/span><\/p>\n<\/li>\n<\/ul>","protected":false},"excerpt":{"rendered":"<p>K\u00e4ep\u00e4rane vannitoa m\u00f6\u00f6blikomplekt on suurep\u00e4rane lisa teie vannituppa, andes sellele puhta ja silmapaistva v\u00e4limuse! Toekas akaatsiapuit: kapp on valmistatud tehispuiduga kombineeritud akaatsiapuidust.Akaatsiapuit&hellip;<\/p>","protected":false},"featured_media":323674,"comment_status":"open","ping_status":"closed","template":"","meta":{"wprm-recipe-roundup-name":"","wprm-recipe-roundup-description":""},"product_brand":[],"product_cat":[1056],"product_tag":[547,1024,554,540,1057],"class_list":{"0":"post-323686","1":"product","2":"type-product","3":"status-publish","4":"has-post-thumbnail","6":"product_cat-vannitoamoobli-komplektid","7":"product_tag-moobel","8":"product_tag-mooblikomplektid","9":"product_tag-ouemoobli-komplektid","10":"product_tag-parcel","11":"product_tag-vannitoamoobli-komplektid","12":"pa_brand-vidaxl","14":"first","15":"instock","16":"taxable","17":"shipping-taxable","18":"purchasable","19":"product-type-simple"},"supplier_id":null,"supplier_sku":"","barcode":null,"atum_controlled":false,"out_stock_date":null,"out_stock_threshold":null,"inheritable":false,"inbound_stock":null,"stock_on_hold":null,"sold_today":null,"sales_last_days":null,"reserved_stock":null,"customer_returns":null,"warehouse_damage":null,"lost_in_post":null,"other_logs":null,"out_stock_days":null,"lost_sales":null,"has_location":null,"update_date":"2026-05-15T06:23:33","atum_locations":[],"atum_stock_status":"instock","restock_status":false,"low_stock_amount":"","sales_update_date":null,"calc_backorders":null,"aioseo_notices":[],"_links":{"self":[{"href":"https:\/\/ecoshop.ee\/en\/wp-json\/wp\/v2\/product\/323686","targetHints":{"allow":["GET"]}}],"collection":[{"href":"https:\/\/ecoshop.ee\/en\/wp-json\/wp\/v2\/product"}],"about":[{"href":"https:\/\/ecoshop.ee\/en\/wp-json\/wp\/v2\/types\/product"}],"replies":[{"embeddable":true,"href":"https:\/\/ecoshop.ee\/en\/wp-json\/wp\/v2\/comments?post=323686"}],"version-history":[{"count":0,"href":"https:\/\/ecoshop.ee\/en\/wp-json\/wp\/v2\/product\/323686\/revisions"}],"wp:featuredmedia":[{"embeddable":true,"href":"https:\/\/ecoshop.ee\/en\/wp-json\/wp\/v2\/media\/323674"}],"wp:attachment":[{"href":"https:\/\/ecoshop.ee\/en\/wp-json\/wp\/v2\/media?parent=323686"}],"wp:term":[{"taxonomy":"product_brand","embeddable":true,"href":"https:\/\/ecoshop.ee\/en\/wp-json\/wp\/v2\/product_brand?post=323686"},{"taxonomy":"product_cat","embeddable":true,"href":"https:\/\/ecoshop.ee\/en\/wp-json\/wp\/v2\/product_cat?post=323686"},{"taxonomy":"product_tag","embeddable":true,"href":"https:\/\/ecoshop.ee\/en\/wp-json\/wp\/v2\/product_tag?post=323686"}],"curies":[{"name":"wp","href":"https:\/\/api.w.org\/{rel}","templated":true}]}}