{"id":323782,"date":"2026-02-27T11:52:14","date_gmt":"2026-02-27T08:52:14","guid":{"rendered":"https:\/\/ecoshop.ee\/maaratlemata\/konsoollaud-110-x-30-x-75-cm-tootlemata-mangopuit-ja-raud\/"},"modified":"2026-05-13T03:24:05","modified_gmt":"2026-05-13T00:24:05","slug":"console-table-110-x-30-x-75-cm-raw-mango-wood-and-iron","status":"publish","type":"product","link":"https:\/\/ecoshop.ee\/en\/lisalauad\/konsoollaud-110-x-30-x-75-cm-tootlemata-mangopuit-ja-raud\/","title":{"rendered":"Console Table, 110 x 30 x 75 Cm, Raw Mango Wood and Iron"},"content":{"rendered":"<p>A wooden console table is a practical and decorative addition to your home&#039;s interior design.<\/p>\n<\/p>\n<ul>\n<li>Strong and stable: Mango wood is a strong, tropical hardwood that makes for sturdy furniture. The beautiful wood grains make each piece of furniture unique and slightly different from the next.<\/li>\n<li>Stable and strong surface: The surface of the hallway table is perfect for storing decorative items, picture frames and potted plants.<\/li>\n<li>Iron legs: Iron legs add a calm style and provide stability.<\/li>\n<\/ul>\n<p>Good to know:<\/p>\n<ul>\n<li>The colorused and wood grain of each item vary, making each item unique. The color of the item delivered is random, ensuring the exclusivity and uniqueness of the product.<\/li>\n<\/ul>\n<ul>\n<li>Material: untreated mango wood, iron<\/li>\n<li>Dimensions: 110 x 30 x 75 cm (L x W x H)<\/li>\n<li>Maximum load capacity: 75 kg<\/li>\n<li>Assembly required: yes<\/li>\n<\/ul>","protected":false},"excerpt":{"rendered":"<p>Puidust konsoollaud on teie kodu sisekujundusele praktiline ja dekoratiivne t\u00e4iendus. Tugev ja stabiilne: mangopuit on tugev, troopiline lehtpuu, millest saab tugeva m\u00f6\u00f6bli.&hellip;<\/p>","protected":false},"featured_media":323772,"comment_status":"open","ping_status":"closed","template":"","meta":{"wprm-recipe-roundup-name":"","wprm-recipe-roundup-description":""},"product_brand":[],"product_cat":[808],"product_tag":[636,809,547,554,540,791],"class_list":{"0":"post-323782","1":"product","2":"type-product","3":"status-publish","4":"has-post-thumbnail","6":"product_cat-lisalauad","7":"product_tag-lauad","8":"product_tag-lisalauad","9":"product_tag-moobel","10":"product_tag-ouemoobli-komplektid","11":"product_tag-parcel","12":"product_tag-vaiksed-lauad","13":"pa_brand-vidaxl","15":"first","16":"instock","17":"taxable","18":"shipping-taxable","19":"purchasable","20":"product-type-simple"},"supplier_id":null,"supplier_sku":"","barcode":null,"atum_controlled":false,"out_stock_date":null,"out_stock_threshold":null,"inheritable":false,"inbound_stock":null,"stock_on_hold":null,"sold_today":null,"sales_last_days":null,"reserved_stock":null,"customer_returns":null,"warehouse_damage":null,"lost_in_post":null,"other_logs":null,"out_stock_days":null,"lost_sales":null,"has_location":null,"update_date":"2026-05-13T00:24:05","atum_locations":[],"atum_stock_status":"instock","restock_status":false,"low_stock_amount":"","sales_update_date":null,"calc_backorders":null,"aioseo_notices":[],"_links":{"self":[{"href":"https:\/\/ecoshop.ee\/en\/wp-json\/wp\/v2\/product\/323782","targetHints":{"allow":["GET"]}}],"collection":[{"href":"https:\/\/ecoshop.ee\/en\/wp-json\/wp\/v2\/product"}],"about":[{"href":"https:\/\/ecoshop.ee\/en\/wp-json\/wp\/v2\/types\/product"}],"replies":[{"embeddable":true,"href":"https:\/\/ecoshop.ee\/en\/wp-json\/wp\/v2\/comments?post=323782"}],"version-history":[{"count":0,"href":"https:\/\/ecoshop.ee\/en\/wp-json\/wp\/v2\/product\/323782\/revisions"}],"wp:featuredmedia":[{"embeddable":true,"href":"https:\/\/ecoshop.ee\/en\/wp-json\/wp\/v2\/media\/323772"}],"wp:attachment":[{"href":"https:\/\/ecoshop.ee\/en\/wp-json\/wp\/v2\/media?parent=323782"}],"wp:term":[{"taxonomy":"product_brand","embeddable":true,"href":"https:\/\/ecoshop.ee\/en\/wp-json\/wp\/v2\/product_brand?post=323782"},{"taxonomy":"product_cat","embeddable":true,"href":"https:\/\/ecoshop.ee\/en\/wp-json\/wp\/v2\/product_cat?post=323782"},{"taxonomy":"product_tag","embeddable":true,"href":"https:\/\/ecoshop.ee\/en\/wp-json\/wp\/v2\/product_tag?post=323782"}],"curies":[{"name":"wp","href":"https:\/\/api.w.org\/{rel}","templated":true}]}}