{"id":323886,"date":"2026-02-27T11:54:24","date_gmt":"2026-02-27T08:54:24","guid":{"rendered":"https:\/\/ecoshop.ee\/maaratlemata\/kulglaud-corona-50-x-50-x-50-cm-mannipuit\/"},"modified":"2026-05-12T15:25:12","modified_gmt":"2026-05-12T12:25:12","slug":"running-board-corona-50-x-50-x-50-cm-manni-wood","status":"publish","type":"product","link":"https:\/\/ecoshop.ee\/en\/lisalauad\/kulglaud-corona-50-x-50-x-50-cm-mannipuit\/","title":{"rendered":"Side table &quot;Corona&quot;, 50 x 50 x 50 Cm, Pine wood"},"content":{"rendered":"<p>A wooden side table is a practical and decorative addition to your home&#039;s interior design.<\/p>\n<\/p>\n<ul>\n<li>Pine wood: Pine wood is a beautiful natural material. Pine wood has straight grains and knots that give the material a rustic look. <\/li>\n<li>Plenty of storage space: The table has a convenient drawer that allows you to keep important things close at hand.<\/li>\n<li>Stable and strong top: The top of the coffee table is perfect for storing decorative items, picture frames and potted plants.<\/li>\n<li>Metal Handle: The lamp table is equipped with a metal ring handle, which makes it easy to open and close the drawer while adding beauty.<\/li>\n<\/ul>\n<p style=\"font-size: 13.12px\">Warning.<\/p>\n<ul style=\"font-size: 13.12px\">\n<li>To prevent falling over, the product must be used with the wall bracket supplied.<\/li>\n<\/ul>\n<ul>\n<li>Material: pine with honey-grey wax finish, artificial wood, metal<\/li>\n<li>Dimensions: 50 x 50 x 50 cm (W x D x H)<\/li>\n<li>Maximum load capacity: 75 kg<\/li>\n<li>Series: Corona<\/li>\n<li>Assembly required: yes<\/li>\n<li>Legal Documents:\n<p><span>For more information on how to prevent furniture falling over, see. <span style=\"text-decoration: underline\"><strong><a title=\"https:\/\/bit.ly\/3hTNl1i\" href=\"https:\/\/bit.ly\/3hTNl1i\" target=\"_blank\">from here<\/a><\/strong><\/span><\/span><\/p>\n<\/li>\n<\/ul>","protected":false},"excerpt":{"rendered":"<p>Puidust k\u00fclglaud on teie kodu sisekujundusele praktiline ja dekoratiivne t\u00e4iendus. M\u00e4nnipuit: m\u00e4nnipuit on ilus looduslik materjal. M\u00e4nnipuidul on sirged kiud ja oksakohad&hellip;<\/p>","protected":false},"featured_media":323876,"comment_status":"open","ping_status":"closed","template":"","meta":{"wprm-recipe-roundup-name":"","wprm-recipe-roundup-description":""},"product_brand":[],"product_cat":[808],"product_tag":[636,809,547,554,540,791],"class_list":{"0":"post-323886","1":"product","2":"type-product","3":"status-publish","4":"has-post-thumbnail","6":"product_cat-lisalauad","7":"product_tag-lauad","8":"product_tag-lisalauad","9":"product_tag-moobel","10":"product_tag-ouemoobli-komplektid","11":"product_tag-parcel","12":"product_tag-vaiksed-lauad","13":"pa_brand-vidaxl","15":"first","16":"instock","17":"taxable","18":"shipping-taxable","19":"purchasable","20":"product-type-simple"},"supplier_id":null,"supplier_sku":"","barcode":null,"atum_controlled":false,"out_stock_date":null,"out_stock_threshold":null,"inheritable":false,"inbound_stock":null,"stock_on_hold":null,"sold_today":null,"sales_last_days":null,"reserved_stock":null,"customer_returns":null,"warehouse_damage":null,"lost_in_post":null,"other_logs":null,"out_stock_days":null,"lost_sales":null,"has_location":null,"update_date":"2026-05-12T12:25:13","atum_locations":[],"atum_stock_status":"instock","restock_status":false,"low_stock_amount":"","sales_update_date":null,"calc_backorders":null,"aioseo_notices":[],"_links":{"self":[{"href":"https:\/\/ecoshop.ee\/en\/wp-json\/wp\/v2\/product\/323886","targetHints":{"allow":["GET"]}}],"collection":[{"href":"https:\/\/ecoshop.ee\/en\/wp-json\/wp\/v2\/product"}],"about":[{"href":"https:\/\/ecoshop.ee\/en\/wp-json\/wp\/v2\/types\/product"}],"replies":[{"embeddable":true,"href":"https:\/\/ecoshop.ee\/en\/wp-json\/wp\/v2\/comments?post=323886"}],"version-history":[{"count":0,"href":"https:\/\/ecoshop.ee\/en\/wp-json\/wp\/v2\/product\/323886\/revisions"}],"wp:featuredmedia":[{"embeddable":true,"href":"https:\/\/ecoshop.ee\/en\/wp-json\/wp\/v2\/media\/323876"}],"wp:attachment":[{"href":"https:\/\/ecoshop.ee\/en\/wp-json\/wp\/v2\/media?parent=323886"}],"wp:term":[{"taxonomy":"product_brand","embeddable":true,"href":"https:\/\/ecoshop.ee\/en\/wp-json\/wp\/v2\/product_brand?post=323886"},{"taxonomy":"product_cat","embeddable":true,"href":"https:\/\/ecoshop.ee\/en\/wp-json\/wp\/v2\/product_cat?post=323886"},{"taxonomy":"product_tag","embeddable":true,"href":"https:\/\/ecoshop.ee\/en\/wp-json\/wp\/v2\/product_tag?post=323886"}],"curies":[{"name":"wp","href":"https:\/\/api.w.org\/{rel}","templated":true}]}}