{"id":324147,"date":"2026-02-27T12:01:18","date_gmt":"2026-02-27T09:01:18","guid":{"rendered":"https:\/\/ecoshop.ee\/maaratlemata\/soogilaud-180-x-90-x-76-cm-mangopuit\/"},"modified":"2026-04-13T16:33:37","modified_gmt":"2026-04-13T13:33:37","slug":"coffee-table-180-x-90-x-76-cm-mango-wood","status":"publish","type":"product","link":"https:\/\/ecoshop.ee\/en\/koogi-ja-soogitoa-lauad\/soogilaud-180-x-90-x-76-cm-mangopuit\/","title":{"rendered":"Dining table, 180 x 90 x 76 cm, mango wood"},"content":{"rendered":"<p>The stylish dining table has an industrial, rugged look and will make a striking addition to your kitchen or dining room.<\/p>\n<\/p>\n<p>The dining table is made of solid mango wood, which is stable, durable and beautiful. The masterful workmanship adds to its great retro style. The dining table is entirely handmade and sanded and varnished with the utmost care. The steel legs complement its industrial look, and the steel frame ensures a durable construction.<\/p>\n<\/p>\n<p>Easy to assemble. Important note: Mango wood has natural grain, so each dining table is unique and slightly different from the next; the item will be delivered randomly.<\/p>\n<ul>\n<li>Material: mango wood + steel legs<\/li>\n<li>Dimensions: 180 x 90 x 76 cm (L x W x H)<\/li>\n<li>Sanded and varnished<\/li>\n<\/ul>","protected":false},"excerpt":{"rendered":"<p>Stiilne s\u00f6\u00f6gilaud on industriaalse rohmaka v\u00e4limusega ja teie k\u00f6\u00f6gile v\u00f5i s\u00f6\u00f6gitoale silmapaistvaks lisaks. S\u00f6\u00f6gilaud on valmistatud toekast mangopuidust, mis on stabiilne, vastupidav&hellip;<\/p>","protected":false},"featured_media":324135,"comment_status":"open","ping_status":"closed","template":"","meta":{"wprm-recipe-roundup-name":"","wprm-recipe-roundup-description":""},"product_brand":[],"product_cat":[811],"product_tag":[812,636,547,554,540],"class_list":{"0":"post-324147","1":"product","2":"type-product","3":"status-publish","4":"has-post-thumbnail","6":"product_cat-koogi-ja-soogitoa-lauad","7":"product_tag-koogi-ja-soogitoa-lauad","8":"product_tag-lauad","9":"product_tag-moobel","10":"product_tag-ouemoobli-komplektid","11":"product_tag-parcel","12":"pa_brand-vidaxl","14":"first","15":"instock","16":"taxable","17":"shipping-taxable","18":"purchasable","19":"product-type-simple"},"supplier_id":null,"supplier_sku":"","barcode":null,"atum_controlled":false,"out_stock_date":null,"out_stock_threshold":null,"inheritable":false,"inbound_stock":null,"stock_on_hold":null,"sold_today":null,"sales_last_days":null,"reserved_stock":null,"customer_returns":null,"warehouse_damage":null,"lost_in_post":null,"other_logs":null,"out_stock_days":null,"lost_sales":null,"has_location":null,"update_date":"2026-04-13T13:33:37","atum_locations":[],"atum_stock_status":"instock","restock_status":false,"low_stock_amount":"","sales_update_date":null,"calc_backorders":null,"aioseo_notices":[],"_links":{"self":[{"href":"https:\/\/ecoshop.ee\/en\/wp-json\/wp\/v2\/product\/324147","targetHints":{"allow":["GET"]}}],"collection":[{"href":"https:\/\/ecoshop.ee\/en\/wp-json\/wp\/v2\/product"}],"about":[{"href":"https:\/\/ecoshop.ee\/en\/wp-json\/wp\/v2\/types\/product"}],"replies":[{"embeddable":true,"href":"https:\/\/ecoshop.ee\/en\/wp-json\/wp\/v2\/comments?post=324147"}],"version-history":[{"count":0,"href":"https:\/\/ecoshop.ee\/en\/wp-json\/wp\/v2\/product\/324147\/revisions"}],"wp:featuredmedia":[{"embeddable":true,"href":"https:\/\/ecoshop.ee\/en\/wp-json\/wp\/v2\/media\/324135"}],"wp:attachment":[{"href":"https:\/\/ecoshop.ee\/en\/wp-json\/wp\/v2\/media?parent=324147"}],"wp:term":[{"taxonomy":"product_brand","embeddable":true,"href":"https:\/\/ecoshop.ee\/en\/wp-json\/wp\/v2\/product_brand?post=324147"},{"taxonomy":"product_cat","embeddable":true,"href":"https:\/\/ecoshop.ee\/en\/wp-json\/wp\/v2\/product_cat?post=324147"},{"taxonomy":"product_tag","embeddable":true,"href":"https:\/\/ecoshop.ee\/en\/wp-json\/wp\/v2\/product_tag?post=324147"}],"curies":[{"name":"wp","href":"https:\/\/api.w.org\/{rel}","templated":true}]}}