{"id":324178,"date":"2026-02-27T12:01:50","date_gmt":"2026-02-27T09:01:50","guid":{"rendered":"https:\/\/ecoshop.ee\/maaratlemata\/soogilaud-110-x-60-x-76-cm-toekas-mangopuit\/"},"modified":"2026-04-24T03:27:37","modified_gmt":"2026-04-24T00:27:37","slug":"dining-table-110-x-60-x-76-cm-sturdy-mango-wood","status":"publish","type":"product","link":"https:\/\/ecoshop.ee\/en\/koogi-ja-soogitoa-lauad\/soogilaud-110-x-60-x-76-cm-toekas-mangopuit\/","title":{"rendered":"Dining Table, 110 x 60 x 76 Cm, Sturdy Mango Wood"},"content":{"rendered":"<p>This unique industrial-style dining table will make a striking addition to your kitchen or dining room.<\/p>\n<\/p>\n<p>Made of solid mango wood, this dining table is stable, durable and beautiful. The masterful craftsmanship adds a grand retro style to the table. The sturdy, powder-coated steel legs add strength to the table.<\/p>\n<\/p>\n<p>Important note: The wood grain pattern of each piece of furniture varies, making each piece unique. The color of the item will be random, ensuring the exclusivity and uniqueness of the product.<\/p>\n<ul>\n<li>Material: sturdy mango wood, powder-coated iron<\/li>\n<li>Dimensions: 110 x 60 x 76 cm (L x W x H)<\/li>\n<li>Sanded, painted and varnished<\/li>\n<li>Assembly required: yes<\/li>\n<\/ul>","protected":false},"excerpt":{"rendered":"<p>V\u00f5rratu industriaalse stiiliga s\u00f6\u00f6gilaud on teie k\u00f6\u00f6gile v\u00f5i s\u00f6\u00f6gitoale silmapaistev lisa. Toekast mangopuidust valmistatud s\u00f6\u00f6gilaud on stabiilne, vastupidav ja kaunis. Meisterlik valmistusviis&hellip;<\/p>","protected":false},"featured_media":324166,"comment_status":"open","ping_status":"closed","template":"","meta":{"wprm-recipe-roundup-name":"","wprm-recipe-roundup-description":""},"product_brand":[],"product_cat":[811],"product_tag":[812,636,547,554,540],"class_list":{"0":"post-324178","1":"product","2":"type-product","3":"status-publish","4":"has-post-thumbnail","6":"product_cat-koogi-ja-soogitoa-lauad","7":"product_tag-koogi-ja-soogitoa-lauad","8":"product_tag-lauad","9":"product_tag-moobel","10":"product_tag-ouemoobli-komplektid","11":"product_tag-parcel","12":"pa_brand-vidaxl","14":"first","15":"instock","16":"taxable","17":"shipping-taxable","18":"purchasable","19":"product-type-simple"},"supplier_id":null,"supplier_sku":"","barcode":null,"atum_controlled":false,"out_stock_date":null,"out_stock_threshold":null,"inheritable":false,"inbound_stock":null,"stock_on_hold":null,"sold_today":null,"sales_last_days":null,"reserved_stock":null,"customer_returns":null,"warehouse_damage":null,"lost_in_post":null,"other_logs":null,"out_stock_days":null,"lost_sales":null,"has_location":null,"update_date":"2026-04-24T00:27:38","atum_locations":[],"atum_stock_status":"instock","restock_status":false,"low_stock_amount":"","sales_update_date":null,"calc_backorders":null,"aioseo_notices":[],"_links":{"self":[{"href":"https:\/\/ecoshop.ee\/en\/wp-json\/wp\/v2\/product\/324178","targetHints":{"allow":["GET"]}}],"collection":[{"href":"https:\/\/ecoshop.ee\/en\/wp-json\/wp\/v2\/product"}],"about":[{"href":"https:\/\/ecoshop.ee\/en\/wp-json\/wp\/v2\/types\/product"}],"replies":[{"embeddable":true,"href":"https:\/\/ecoshop.ee\/en\/wp-json\/wp\/v2\/comments?post=324178"}],"version-history":[{"count":0,"href":"https:\/\/ecoshop.ee\/en\/wp-json\/wp\/v2\/product\/324178\/revisions"}],"wp:featuredmedia":[{"embeddable":true,"href":"https:\/\/ecoshop.ee\/en\/wp-json\/wp\/v2\/media\/324166"}],"wp:attachment":[{"href":"https:\/\/ecoshop.ee\/en\/wp-json\/wp\/v2\/media?parent=324178"}],"wp:term":[{"taxonomy":"product_brand","embeddable":true,"href":"https:\/\/ecoshop.ee\/en\/wp-json\/wp\/v2\/product_brand?post=324178"},{"taxonomy":"product_cat","embeddable":true,"href":"https:\/\/ecoshop.ee\/en\/wp-json\/wp\/v2\/product_cat?post=324178"},{"taxonomy":"product_tag","embeddable":true,"href":"https:\/\/ecoshop.ee\/en\/wp-json\/wp\/v2\/product_tag?post=324178"}],"curies":[{"name":"wp","href":"https:\/\/api.w.org\/{rel}","templated":true}]}}