{"id":325296,"date":"2026-02-27T13:06:47","date_gmt":"2026-02-27T10:06:47","guid":{"rendered":"https:\/\/ecoshop.ee\/maaratlemata\/riidekapp-corona-1515-x-52-x-170-cm-mannipuit\/"},"modified":"2026-05-15T21:28:36","modified_gmt":"2026-05-15T18:28:36","slug":"wardrobe-corona-1515-x-52-x-170-cm-mannipuit","status":"publish","type":"product","link":"https:\/\/ecoshop.ee\/en\/riidekapid\/riidekapp-corona-1515-x-52-x-170-cm-mannipuit\/","title":{"rendered":"Wardrobe &quot;Corona&quot;, 151.5 x 52 x 170 Cm, Pine Wood"},"content":{"rendered":"<p>The classic wooden wardrobe has plenty of space to store clothes, shoes, and accessories in an organized manner.<\/p>\n<\/p>\n<ul>\n<li>Pine wood: Pine wood is a beautiful natural material. Pine wood has straight grain and knots that give the material a rustic look. Pine wood has straight grain and knots that give the material a rustic look. Made of sturdy pine wood, the storage cabinet is durable and strong.<\/li>\n<li>Plenty of storage space: the cabinet has a hanging rail for hanging clothes and several shelves and drawers for additional storage space.<\/li>\n<li>Metal Handles: The wardrobe has metal ring handles that make it easy to open and close the drawer and door while adding beauty.<\/li>\n<\/ul>\n<p>Warning.<\/p>\n<ul>\n<li>To prevent falling over, the product must be used with the wall bracket supplied.<\/li>\n<\/ul>\n<ul>\n<li>Material: pine with honey-grey wax finish, artificial wood, metal<\/li>\n<li>Dimensions: 151.5 x 52 x 170 cm (W x D x H)<\/li>\n<li>Series: Corona<\/li>\n<li>Assembly required: yes<\/li>\n<li>Legal Documents:\n<p><span>For more information on how to prevent furniture falling over, see. <span style=\"text-decoration: underline\"><strong><a title=\"https:\/\/bit.ly\/3hTNl1i\" href=\"https:\/\/bit.ly\/3hTNl1i\" target=\"_blank\">from here<\/a><\/strong><\/span><\/span><\/p>\n<\/li>\n<\/ul>","protected":false},"excerpt":{"rendered":"<p>Klassikalises puidust riidekapis on k\u00fcllaldaselt ruumi riiete, jalan\u00f5ude ja aksessuaaride korrastatult hoidmiseks. M\u00e4nnipuit: m\u00e4nnipuit on ilus looduslik materjal. M\u00e4nnipuidul on sirged kiud&hellip;<\/p>","protected":false},"featured_media":325286,"comment_status":"open","ping_status":"closed","template":"","meta":{"wprm-recipe-roundup-name":"","wprm-recipe-roundup-description":""},"product_brand":[],"product_cat":[1896],"product_tag":[567,1859,547,554,540],"class_list":{"0":"post-325296","1":"product","2":"type-product","3":"status-publish","4":"has-post-thumbnail","6":"product_cat-riidekapid","7":"product_tag-kapid-ja-hoiustamine","8":"product_tag-kapid-ja-riidekapid","9":"product_tag-moobel","10":"product_tag-ouemoobli-komplektid","11":"product_tag-parcel","12":"pa_brand-vidaxl","14":"first","15":"instock","16":"taxable","17":"shipping-taxable","18":"purchasable","19":"product-type-simple"},"supplier_id":null,"supplier_sku":"","barcode":null,"atum_controlled":false,"out_stock_date":null,"out_stock_threshold":null,"inheritable":false,"inbound_stock":null,"stock_on_hold":null,"sold_today":null,"sales_last_days":null,"reserved_stock":null,"customer_returns":null,"warehouse_damage":null,"lost_in_post":null,"other_logs":null,"out_stock_days":null,"lost_sales":null,"has_location":null,"update_date":"2026-05-15T18:28:36","atum_locations":[],"atum_stock_status":"instock","restock_status":false,"low_stock_amount":"","sales_update_date":null,"calc_backorders":null,"aioseo_notices":[],"_links":{"self":[{"href":"https:\/\/ecoshop.ee\/en\/wp-json\/wp\/v2\/product\/325296","targetHints":{"allow":["GET"]}}],"collection":[{"href":"https:\/\/ecoshop.ee\/en\/wp-json\/wp\/v2\/product"}],"about":[{"href":"https:\/\/ecoshop.ee\/en\/wp-json\/wp\/v2\/types\/product"}],"replies":[{"embeddable":true,"href":"https:\/\/ecoshop.ee\/en\/wp-json\/wp\/v2\/comments?post=325296"}],"version-history":[{"count":0,"href":"https:\/\/ecoshop.ee\/en\/wp-json\/wp\/v2\/product\/325296\/revisions"}],"wp:featuredmedia":[{"embeddable":true,"href":"https:\/\/ecoshop.ee\/en\/wp-json\/wp\/v2\/media\/325286"}],"wp:attachment":[{"href":"https:\/\/ecoshop.ee\/en\/wp-json\/wp\/v2\/media?parent=325296"}],"wp:term":[{"taxonomy":"product_brand","embeddable":true,"href":"https:\/\/ecoshop.ee\/en\/wp-json\/wp\/v2\/product_brand?post=325296"},{"taxonomy":"product_cat","embeddable":true,"href":"https:\/\/ecoshop.ee\/en\/wp-json\/wp\/v2\/product_cat?post=325296"},{"taxonomy":"product_tag","embeddable":true,"href":"https:\/\/ecoshop.ee\/en\/wp-json\/wp\/v2\/product_tag?post=325296"}],"curies":[{"name":"wp","href":"https:\/\/api.w.org\/{rel}","templated":true}]}}