{"id":325417,"date":"2026-02-27T13:09:29","date_gmt":"2026-02-27T10:09:29","guid":{"rendered":"https:\/\/ecoshop.ee\/maaratlemata\/teleskoopne-garderoobisusteem-torude-ja-riiuliga-alumiinium\/"},"modified":"2026-05-14T18:08:51","modified_gmt":"2026-05-14T15:08:51","slug":"telescopic-wardrobe-system-with-tubes-and-shelf-aluminum","status":"publish","type":"product","link":"https:\/\/ecoshop.ee\/en\/riidekapid\/teleskoopne-garderoobisusteem-torude-ja-riiuliga-alumiinium\/","title":{"rendered":"Telescopic Wardrobe System with Tubes and Shelf, Aluminum"},"content":{"rendered":"<p>Our telescopic clothes rack has a simple design to save space in your bedroom or other room.<\/p>\n<\/p>\n<p>The telescopic wardrobe system is made of aluminum, which makes it strong and sturdy. The storage shelf is adjustable for different spaces thanks to the telescopic system and adjustable height. This is a unique way to organize your closet.<\/p>\n<\/p>\n<p>Organize your clothes and keep your room tidy with our telescopic closet organization system!<\/p>\n<ul>\n<li>Color: silver and black<\/li>\n<li>Material: aluminum and plastic<\/li>\n<li>Dimensions: 65 x 40 x 250-300 cm (W x D x H)<\/li>\n<li>Shelf depth: 24 cm<\/li>\n<li>Adjustable height up to 3 m<\/li>\n<li>Net weight: 2.02 kg<\/li>\n<li>Load capacity: 15 kg<\/li>\n<li>1 adjustable shelf, 2 upper tubes for clothes and 1 lower tube for six pairs of shoes<\/li>\n<li>Assembly required: yes<\/li>\n<\/ul>","protected":false},"excerpt":{"rendered":"<p>Meie teleskoopne riiderest on lihtsa disainiga, et s\u00e4\u00e4sta magamistoas v\u00f5i muus ruumis ruumi. Teleskoopne garderoobis\u00fcsteem on valmistatud alumiiniumist, mis muudab selle tugevaks&hellip;<\/p>","protected":false},"featured_media":325406,"comment_status":"open","ping_status":"closed","template":"","meta":{"wprm-recipe-roundup-name":"","wprm-recipe-roundup-description":""},"product_brand":[],"product_cat":[1896],"product_tag":[1885,567,1859,547,540],"class_list":{"0":"post-325417","1":"product","2":"type-product","3":"status-publish","4":"has-post-thumbnail","6":"product_cat-riidekapid","7":"product_tag-hobedane","8":"product_tag-kapid-ja-hoiustamine","9":"product_tag-kapid-ja-riidekapid","10":"product_tag-moobel","11":"product_tag-parcel","12":"pa_brand-vidaxl","14":"first","15":"instock","16":"taxable","17":"shipping-taxable","18":"purchasable","19":"product-type-simple"},"supplier_id":null,"supplier_sku":"","barcode":null,"atum_controlled":false,"out_stock_date":null,"out_stock_threshold":null,"inheritable":false,"inbound_stock":null,"stock_on_hold":null,"sold_today":null,"sales_last_days":null,"reserved_stock":null,"customer_returns":null,"warehouse_damage":null,"lost_in_post":null,"other_logs":null,"out_stock_days":null,"lost_sales":null,"has_location":null,"update_date":"2026-05-14T15:08:52","atum_locations":[],"atum_stock_status":"instock","restock_status":false,"low_stock_amount":"","sales_update_date":null,"calc_backorders":null,"aioseo_notices":[],"_links":{"self":[{"href":"https:\/\/ecoshop.ee\/en\/wp-json\/wp\/v2\/product\/325417","targetHints":{"allow":["GET"]}}],"collection":[{"href":"https:\/\/ecoshop.ee\/en\/wp-json\/wp\/v2\/product"}],"about":[{"href":"https:\/\/ecoshop.ee\/en\/wp-json\/wp\/v2\/types\/product"}],"replies":[{"embeddable":true,"href":"https:\/\/ecoshop.ee\/en\/wp-json\/wp\/v2\/comments?post=325417"}],"version-history":[{"count":0,"href":"https:\/\/ecoshop.ee\/en\/wp-json\/wp\/v2\/product\/325417\/revisions"}],"wp:featuredmedia":[{"embeddable":true,"href":"https:\/\/ecoshop.ee\/en\/wp-json\/wp\/v2\/media\/325406"}],"wp:attachment":[{"href":"https:\/\/ecoshop.ee\/en\/wp-json\/wp\/v2\/media?parent=325417"}],"wp:term":[{"taxonomy":"product_brand","embeddable":true,"href":"https:\/\/ecoshop.ee\/en\/wp-json\/wp\/v2\/product_brand?post=325417"},{"taxonomy":"product_cat","embeddable":true,"href":"https:\/\/ecoshop.ee\/en\/wp-json\/wp\/v2\/product_cat?post=325417"},{"taxonomy":"product_tag","embeddable":true,"href":"https:\/\/ecoshop.ee\/en\/wp-json\/wp\/v2\/product_tag?post=325417"}],"curies":[{"name":"wp","href":"https:\/\/api.w.org\/{rel}","templated":true}]}}