{"id":325755,"date":"2026-02-27T13:18:17","date_gmt":"2026-02-27T10:18:17","guid":{"rendered":"https:\/\/ecoshop.ee\/maaratlemata\/jalapink-kangapolsterdusega-73-x-43-x-42-cm-tumehall\/"},"modified":"2026-05-11T21:28:45","modified_gmt":"2026-05-11T18:28:45","slug":"footstool-with-fabric-upholstery-73-x-43-x-42-cm-dark-grey","status":"publish","type":"product","link":"https:\/\/ecoshop.ee\/en\/tumbad\/jalapink-kangapolsterdusega-73-x-43-x-42-cm-tumehall\/","title":{"rendered":"Footstool, Fabric Upholstered, 73 x 43 x 42 Cm, Dark Grey"},"content":{"rendered":"<p>A fabric-upholstered ottoman is a great addition to your home.<\/p>\n<\/p>\n<p>The footstool is extremely durable and comfortable with sturdy rubberwood legs and high-quality polyester fabric upholstery. The thickly padded seat makes the footrest very comfortable. The product is easy to assemble.<\/p>\n<ul>\n<li>Color: dark gray<\/li>\n<li>Material: fabric upholstery + rubber wood<\/li>\n<li>Dimensions: 73 x 43 x 42 cm (W x D x H)<\/li>\n<li>Seat cushion thickness: 8 cm<\/li>\n<li>Easy to assemble<\/li>\n<li>Fabric: Polyester: 100%<\/li>\n<\/ul>","protected":false},"excerpt":{"rendered":"<p>Kangapolstriga tumba on teie kodule suurep\u00e4rane lisa. Toekast kaut\u0161ukipuidust jalgade ja kvaliteetse pol\u00fcesterkangaga polsterdatud jalapink on \u00fclimalt vastupidav ja mugav. Tihke polsterdusega&hellip;<\/p>","protected":false},"featured_media":325749,"comment_status":"open","ping_status":"closed","template":"","meta":{"wprm-recipe-roundup-name":"","wprm-recipe-roundup-description":""},"product_brand":[],"product_cat":[1973],"product_tag":[550,547,540,1974],"class_list":{"0":"post-325755","1":"product","2":"type-product","3":"status-publish","4":"has-post-thumbnail","6":"product_cat-tumbad","7":"product_tag-hall","8":"product_tag-moobel","9":"product_tag-parcel","10":"product_tag-tumbad","11":"pa_brand-vidaxl","13":"first","14":"instock","15":"taxable","16":"shipping-taxable","17":"purchasable","18":"product-type-simple"},"supplier_id":null,"supplier_sku":"","barcode":null,"atum_controlled":false,"out_stock_date":null,"out_stock_threshold":null,"inheritable":false,"inbound_stock":null,"stock_on_hold":null,"sold_today":null,"sales_last_days":null,"reserved_stock":null,"customer_returns":null,"warehouse_damage":null,"lost_in_post":null,"other_logs":null,"out_stock_days":null,"lost_sales":null,"has_location":null,"update_date":"2026-05-11T18:28:46","atum_locations":[],"atum_stock_status":"instock","restock_status":false,"low_stock_amount":"","sales_update_date":null,"calc_backorders":null,"aioseo_notices":[],"_links":{"self":[{"href":"https:\/\/ecoshop.ee\/en\/wp-json\/wp\/v2\/product\/325755","targetHints":{"allow":["GET"]}}],"collection":[{"href":"https:\/\/ecoshop.ee\/en\/wp-json\/wp\/v2\/product"}],"about":[{"href":"https:\/\/ecoshop.ee\/en\/wp-json\/wp\/v2\/types\/product"}],"replies":[{"embeddable":true,"href":"https:\/\/ecoshop.ee\/en\/wp-json\/wp\/v2\/comments?post=325755"}],"version-history":[{"count":0,"href":"https:\/\/ecoshop.ee\/en\/wp-json\/wp\/v2\/product\/325755\/revisions"}],"wp:featuredmedia":[{"embeddable":true,"href":"https:\/\/ecoshop.ee\/en\/wp-json\/wp\/v2\/media\/325749"}],"wp:attachment":[{"href":"https:\/\/ecoshop.ee\/en\/wp-json\/wp\/v2\/media?parent=325755"}],"wp:term":[{"taxonomy":"product_brand","embeddable":true,"href":"https:\/\/ecoshop.ee\/en\/wp-json\/wp\/v2\/product_brand?post=325755"},{"taxonomy":"product_cat","embeddable":true,"href":"https:\/\/ecoshop.ee\/en\/wp-json\/wp\/v2\/product_cat?post=325755"},{"taxonomy":"product_tag","embeddable":true,"href":"https:\/\/ecoshop.ee\/en\/wp-json\/wp\/v2\/product_tag?post=325755"}],"curies":[{"name":"wp","href":"https:\/\/api.w.org\/{rel}","templated":true}]}}