{"id":326455,"date":"2026-02-27T14:03:14","date_gmt":"2026-02-27T11:03:14","guid":{"rendered":"https:\/\/ecoshop.ee\/maaratlemata\/kirjutuslaud-panama-112-x-45-x-75-cm-mannipuit\/"},"modified":"2026-05-12T15:25:28","modified_gmt":"2026-05-12T12:25:28","slug":"desk-panama-112-x-45-x-75-cm-mannipuit","status":"publish","type":"product","link":"https:\/\/ecoshop.ee\/en\/kirjutuslauad\/kirjutuslaud-panama-112-x-45-x-75-cm-mannipuit\/","title":{"rendered":"Desk &quot;Panama&quot;, 112 x 45 x 75 Cm, Pine Wood"},"content":{"rendered":"<p>Add an elegant touch to your study or work space with this wooden desk!<\/p>\n<\/p>\n<ul>\n<li>Pine wood: Pine wood is a beautiful natural material. Pine wood has straight grains and knots that give the material a rustic look.<\/li>\n<li>Enough storage space: The office desk with 3 drawers and compartments offers enough space to keep study materials such as books, documents or other necessary items within reach.<\/li>\n<li>Easy to maintain: Thanks to its smooth surface, the study table is easy to clean with a damp cloth and requires less maintenance.<\/li>\n<li>Widely used: The office desk is suitable for a small office, dorm room, house with limited space, or even if you just want a desk that takes up little space!<\/li>\n<\/ul>\n<p> Warning.<\/p>\n<ul>\n<li>To prevent falling over, the product must be used with the wall bracket supplied.<\/li>\n<\/ul>\n<ul>\n<li>Material: pine wood with a honey-colored wax finish, artificial wood<\/li>\n<li>Dimensions: 112 x 45 x 75 cm (W x D x H)<\/li>\n<li>Series: Panama<\/li>\n<li>Assembly required: yes<\/li>\n<li>Legal Documents:\n<p><span>For more information on how to prevent furniture falling over, see. <span style=\"text-decoration: underline\"><strong><a title=\"https:\/\/bit.ly\/3hTNl1i\" href=\"https:\/\/bit.ly\/3hTNl1i\" target=\"_blank\">from here<\/a><\/strong><\/span><\/span><\/p>\n<\/li>\n<\/ul>","protected":false},"excerpt":{"rendered":"<p>Lisage selle puidust kirjutuslauaga \u00f5ppe- v\u00f5i t\u00f6\u00f6ruumi elegantset h\u00f5ngu! M\u00e4nnipuit: m\u00e4nnipuit on ilus looduslik materjal. M\u00e4nnipuidul on sirged kiud ja oksakohad annavad&hellip;<\/p>","protected":false},"featured_media":326445,"comment_status":"open","ping_status":"closed","template":"","meta":{"wprm-recipe-roundup-name":"","wprm-recipe-roundup-description":""},"product_brand":[],"product_cat":[2163],"product_tag":[2165,2164,547,554,540],"class_list":{"0":"post-326455","1":"product","2":"type-product","3":"status-publish","4":"has-post-thumbnail","6":"product_cat-kirjutuslauad","7":"product_tag-kirjutuslauad","8":"product_tag-kontorimoobel","9":"product_tag-moobel","10":"product_tag-ouemoobli-komplektid","11":"product_tag-parcel","12":"pa_brand-vidaxl","14":"first","15":"instock","16":"taxable","17":"shipping-taxable","18":"purchasable","19":"product-type-simple"},"supplier_id":null,"supplier_sku":"","barcode":null,"atum_controlled":false,"out_stock_date":null,"out_stock_threshold":null,"inheritable":false,"inbound_stock":null,"stock_on_hold":0,"sold_today":0,"sales_last_days":0,"reserved_stock":null,"customer_returns":null,"warehouse_damage":null,"lost_in_post":null,"other_logs":null,"out_stock_days":0,"lost_sales":0,"has_location":null,"update_date":"2026-05-12T12:25:28","atum_locations":[],"atum_stock_status":"instock","restock_status":false,"low_stock_amount":"","sales_update_date":"2026-03-05T01:12:13","calc_backorders":null,"aioseo_notices":[],"_links":{"self":[{"href":"https:\/\/ecoshop.ee\/en\/wp-json\/wp\/v2\/product\/326455","targetHints":{"allow":["GET"]}}],"collection":[{"href":"https:\/\/ecoshop.ee\/en\/wp-json\/wp\/v2\/product"}],"about":[{"href":"https:\/\/ecoshop.ee\/en\/wp-json\/wp\/v2\/types\/product"}],"replies":[{"embeddable":true,"href":"https:\/\/ecoshop.ee\/en\/wp-json\/wp\/v2\/comments?post=326455"}],"version-history":[{"count":0,"href":"https:\/\/ecoshop.ee\/en\/wp-json\/wp\/v2\/product\/326455\/revisions"}],"wp:featuredmedia":[{"embeddable":true,"href":"https:\/\/ecoshop.ee\/en\/wp-json\/wp\/v2\/media\/326445"}],"wp:attachment":[{"href":"https:\/\/ecoshop.ee\/en\/wp-json\/wp\/v2\/media?parent=326455"}],"wp:term":[{"taxonomy":"product_brand","embeddable":true,"href":"https:\/\/ecoshop.ee\/en\/wp-json\/wp\/v2\/product_brand?post=326455"},{"taxonomy":"product_cat","embeddable":true,"href":"https:\/\/ecoshop.ee\/en\/wp-json\/wp\/v2\/product_cat?post=326455"},{"taxonomy":"product_tag","embeddable":true,"href":"https:\/\/ecoshop.ee\/en\/wp-json\/wp\/v2\/product_tag?post=326455"}],"curies":[{"name":"wp","href":"https:\/\/api.w.org\/{rel}","templated":true}]}}