{"id":326501,"date":"2026-02-27T14:04:07","date_gmt":"2026-02-27T11:04:07","guid":{"rendered":"https:\/\/ecoshop.ee\/maaratlemata\/tualettlaud-corona-110-x-47-x-75-cm-mannipuit\/"},"modified":"2026-05-16T15:26:50","modified_gmt":"2026-05-16T12:26:50","slug":"dressing-table-corona-110-x-47-x-75-cm-manni-wood","status":"publish","type":"product","link":"https:\/\/ecoshop.ee\/en\/kirjutuslauad\/tualettlaud-corona-110-x-47-x-75-cm-mannipuit\/","title":{"rendered":"Dressing table &quot;Corona&quot;, 110 x 47 x 75 Cm, Pine wood"},"content":{"rendered":"<p>A simple wooden dressing table is a perfect choice for the bedroom.<\/p>\n<\/p>\n<ul>\n<li>Pine wood: Pine wood is a beautiful natural material. Pine wood has straight grains and knots that give the material a rustic look.<\/li>\n<li>Plenty of storage space: The 3-drawer makeup table offers enough space for easy access to your cosmetics, jewelry, and other daily accessories.<\/li>\n<li>Metal Handles: The makeup table is equipped with metal ring handles that make it easy to open and close the drawers while adding beauty.<\/li>\n<li>Wide use: The dressing table can also be used as a desk in the study or as an office desk in the office.<\/li>\n<\/ul>\n<p>Warning.<\/p>\n<ul>\n<li>To prevent falling over, the product must be used with the wall bracket supplied.<\/li>\n<\/ul>\n<ul>\n<li>Material: pine with honey-grey wax finish, artificial wood, metal<\/li>\n<li>Dimensions: 110 x 47 x 75 cm (W x D x H)<\/li>\n<li>Series: Corona<\/li>\n<li>Assembly required: yes<\/li>\n<\/ul>","protected":false},"excerpt":{"rendered":"<p>Lihtne puidust jumestuslaud on t\u00e4iuslik valik magamistuppa. M\u00e4nnipuit: m\u00e4nnipuit on ilus looduslik materjal. M\u00e4nnipuidul on sirged kiud ja oksakohad annavad materjalile maal\u00e4hedase&hellip;<\/p>","protected":false},"featured_media":326491,"comment_status":"open","ping_status":"closed","template":"","meta":{"wprm-recipe-roundup-name":"","wprm-recipe-roundup-description":""},"product_brand":[],"product_cat":[2163],"product_tag":[2165,2164,547,554,540],"class_list":{"0":"post-326501","1":"product","2":"type-product","3":"status-publish","4":"has-post-thumbnail","6":"product_cat-kirjutuslauad","7":"product_tag-kirjutuslauad","8":"product_tag-kontorimoobel","9":"product_tag-moobel","10":"product_tag-ouemoobli-komplektid","11":"product_tag-parcel","12":"pa_brand-vidaxl","14":"first","15":"instock","16":"taxable","17":"shipping-taxable","18":"purchasable","19":"product-type-simple"},"supplier_id":null,"supplier_sku":"","barcode":null,"atum_controlled":false,"out_stock_date":null,"out_stock_threshold":null,"inheritable":false,"inbound_stock":null,"stock_on_hold":null,"sold_today":null,"sales_last_days":null,"reserved_stock":null,"customer_returns":null,"warehouse_damage":null,"lost_in_post":null,"other_logs":null,"out_stock_days":null,"lost_sales":null,"has_location":null,"update_date":"2026-05-16T12:26:51","atum_locations":[],"atum_stock_status":"instock","restock_status":false,"low_stock_amount":"","sales_update_date":null,"calc_backorders":null,"aioseo_notices":[],"_links":{"self":[{"href":"https:\/\/ecoshop.ee\/en\/wp-json\/wp\/v2\/product\/326501","targetHints":{"allow":["GET"]}}],"collection":[{"href":"https:\/\/ecoshop.ee\/en\/wp-json\/wp\/v2\/product"}],"about":[{"href":"https:\/\/ecoshop.ee\/en\/wp-json\/wp\/v2\/types\/product"}],"replies":[{"embeddable":true,"href":"https:\/\/ecoshop.ee\/en\/wp-json\/wp\/v2\/comments?post=326501"}],"version-history":[{"count":0,"href":"https:\/\/ecoshop.ee\/en\/wp-json\/wp\/v2\/product\/326501\/revisions"}],"wp:featuredmedia":[{"embeddable":true,"href":"https:\/\/ecoshop.ee\/en\/wp-json\/wp\/v2\/media\/326491"}],"wp:attachment":[{"href":"https:\/\/ecoshop.ee\/en\/wp-json\/wp\/v2\/media?parent=326501"}],"wp:term":[{"taxonomy":"product_brand","embeddable":true,"href":"https:\/\/ecoshop.ee\/en\/wp-json\/wp\/v2\/product_brand?post=326501"},{"taxonomy":"product_cat","embeddable":true,"href":"https:\/\/ecoshop.ee\/en\/wp-json\/wp\/v2\/product_cat?post=326501"},{"taxonomy":"product_tag","embeddable":true,"href":"https:\/\/ecoshop.ee\/en\/wp-json\/wp\/v2\/product_tag?post=326501"}],"curies":[{"name":"wp","href":"https:\/\/api.w.org\/{rel}","templated":true}]}}