{"id":326750,"date":"2026-02-27T14:09:36","date_gmt":"2026-02-27T11:09:36","guid":{"rendered":"https:\/\/ecoshop.ee\/maaratlemata\/kontorilaud-mangopuidust-110-x-50-x-76-cm\/"},"modified":"2026-04-19T15:25:27","modified_gmt":"2026-04-19T12:25:27","slug":"office-desk-made-of-mango-wood-110-x-50-x-76-cm","status":"publish","type":"product","link":"https:\/\/ecoshop.ee\/en\/kirjutuslauad\/kontorilaud-mangopuidust-110-x-50-x-76-cm\/","title":{"rendered":"Office desk made of mango wood 110 x 50 x 76 cm"},"content":{"rendered":"<p>Made of solid mango wood and featuring a sturdy steel frame, this industrial-style office desk will complement your home with a timeless design.<\/p>\n<\/p>\n<p>The table has a stable and safe surface where you can place drinks, decorative items or a laptop. It has double shelves on both sides, with enough space for storing small to medium-sized items such as keys, notebooks, books, etc.<\/p>\n<\/p>\n<p>The office desk can also be used as a computer desk, writing desk, or reading table, as it fits perfectly into your home and is very practical.<\/p>\n<ul>\n<li>Material: mango wood and steel<\/li>\n<li>Dimensions: 110 x 50 x 76 cm (L x W x H)<\/li>\n<li>Completely handmade<\/li>\n<li>Sanded, painted and varnished<\/li>\n<li>With four shelves<\/li>\n<\/ul>","protected":false},"excerpt":{"rendered":"<p>Tugevast mangopuidust valmistatud tugeva terasraamiga t\u00f6\u00f6stustlikus stiilis kontorilaud t\u00e4iendab teie kodu ajatu disainiga. Laud on stabiilse ja ohutu pinnaga, kuhu saate paigutada&hellip;<\/p>","protected":false},"featured_media":326742,"comment_status":"open","ping_status":"closed","template":"","meta":{"wprm-recipe-roundup-name":"","wprm-recipe-roundup-description":""},"product_brand":[],"product_cat":[2163],"product_tag":[2165,2164,547,554,540],"class_list":{"0":"post-326750","1":"product","2":"type-product","3":"status-publish","4":"has-post-thumbnail","6":"product_cat-kirjutuslauad","7":"product_tag-kirjutuslauad","8":"product_tag-kontorimoobel","9":"product_tag-moobel","10":"product_tag-ouemoobli-komplektid","11":"product_tag-parcel","12":"pa_brand-vidaxl","14":"first","15":"instock","16":"taxable","17":"shipping-taxable","18":"purchasable","19":"product-type-simple"},"supplier_id":null,"supplier_sku":"","barcode":null,"atum_controlled":false,"out_stock_date":null,"out_stock_threshold":null,"inheritable":false,"inbound_stock":null,"stock_on_hold":null,"sold_today":null,"sales_last_days":null,"reserved_stock":null,"customer_returns":null,"warehouse_damage":null,"lost_in_post":null,"other_logs":null,"out_stock_days":null,"lost_sales":null,"has_location":null,"update_date":"2026-04-19T12:25:28","atum_locations":[],"atum_stock_status":"instock","restock_status":false,"low_stock_amount":"","sales_update_date":null,"calc_backorders":null,"aioseo_notices":[],"_links":{"self":[{"href":"https:\/\/ecoshop.ee\/en\/wp-json\/wp\/v2\/product\/326750","targetHints":{"allow":["GET"]}}],"collection":[{"href":"https:\/\/ecoshop.ee\/en\/wp-json\/wp\/v2\/product"}],"about":[{"href":"https:\/\/ecoshop.ee\/en\/wp-json\/wp\/v2\/types\/product"}],"replies":[{"embeddable":true,"href":"https:\/\/ecoshop.ee\/en\/wp-json\/wp\/v2\/comments?post=326750"}],"version-history":[{"count":0,"href":"https:\/\/ecoshop.ee\/en\/wp-json\/wp\/v2\/product\/326750\/revisions"}],"wp:featuredmedia":[{"embeddable":true,"href":"https:\/\/ecoshop.ee\/en\/wp-json\/wp\/v2\/media\/326742"}],"wp:attachment":[{"href":"https:\/\/ecoshop.ee\/en\/wp-json\/wp\/v2\/media?parent=326750"}],"wp:term":[{"taxonomy":"product_brand","embeddable":true,"href":"https:\/\/ecoshop.ee\/en\/wp-json\/wp\/v2\/product_brand?post=326750"},{"taxonomy":"product_cat","embeddable":true,"href":"https:\/\/ecoshop.ee\/en\/wp-json\/wp\/v2\/product_cat?post=326750"},{"taxonomy":"product_tag","embeddable":true,"href":"https:\/\/ecoshop.ee\/en\/wp-json\/wp\/v2\/product_tag?post=326750"}],"curies":[{"name":"wp","href":"https:\/\/api.w.org\/{rel}","templated":true}]}}