{"id":327508,"date":"2026-02-27T14:29:55","date_gmt":"2026-02-27T11:29:55","guid":{"rendered":"https:\/\/ecoshop.ee\/maaratlemata\/piknikupink-lastele-895-x-845-x-48-cm-polupropuleen\/"},"modified":"2026-04-19T15:25:51","modified_gmt":"2026-04-19T12:25:51","slug":"picnic-bench-for-children-895-x-845-x-48-cm-polypropylene","status":"publish","type":"product","link":"https:\/\/ecoshop.ee\/en\/beebide-ja-mudilaste-moobel\/piknikupink-lastele-895-x-845-x-48-cm-polupropuleen\/","title":{"rendered":"Picnic Bench for Children, 89.5 x 84.5 x 48 Cm, Polypropylene"},"content":{"rendered":"<p>The trendy picnic table is perfect for your children to have a picnic or play games outdoors.<\/p>\n<\/p>\n<ul>\n<li>Durable material: The picnic table is made of PP. Polypropylene (PP) is a popular plastic that is lightweight, durable and impact resistant.<\/li>\n<li>Integrated design: The integrated design of the picnic bench and table allows it to be easily carried from room to room and into the garden.<\/li>\n<li>Versatile Uses: The outdoor table is the perfect place for kids to start their arts and crafts projects, chat with friends, have a picnic, and play games.<\/li>\n<\/ul>\n<p>Good to know:<\/p>\n<ul>\n<li>To make assembly as easy as possible, each product comes with an instruction manual.<\/li>\n<\/ul>\n<ul>\n<li>Color: blue and green<\/li>\n<li>Material: PP (100% polypropylene)<\/li>\n<li>Overall dimensions: 89.5 x 84.5 x 48 cm (W x D x H)<\/li>\n<li>Bench dimensions: 74 x 17.5 cm (L x W)<\/li>\n<li>Table dimensions: 71 x 48.5 cm (L x W)<\/li>\n<li>Max load capacity: 30 kg<\/li>\n<li>UV-resistant<\/li>\n<li>Suitable for up to 4 children from 1.5 years of age<\/li>\n<li>WARNING: For domestic use only.<\/li>\n<li>WARNING: Use only under the direct supervision of an adult.<\/li>\n<\/ul>","protected":false},"excerpt":{"rendered":"<p>Trendikas piknikulaud sobib h\u00e4sti teie lastele pikniku pidamiseks v\u00f5i \u00f5ues m\u00e4ngude m\u00e4ngimiseks. Vastupidav materjal: piknikulaud on valmistatud PP-st. Pol\u00fcprop\u00fcleen (PP) on populaarne&hellip;<\/p>","protected":false},"featured_media":327500,"comment_status":"open","ping_status":"closed","template":"","meta":{"wprm-recipe-roundup-name":"","wprm-recipe-roundup-description":""},"product_brand":[],"product_cat":[2370],"product_tag":[2371,2340,547,540,820],"class_list":{"0":"post-327508","1":"product","2":"type-product","3":"status-publish","4":"has-post-thumbnail","6":"product_cat-beebide-ja-mudilaste-moobel","7":"product_tag-beebide-ja-mudilaste-moobel","8":"product_tag-laste-ja-vaikelaste-moobel","9":"product_tag-moobel","10":"product_tag-parcel","11":"product_tag-sinine","12":"pa_brand-vidaxl","14":"first","15":"instock","16":"taxable","17":"shipping-taxable","18":"purchasable","19":"product-type-simple"},"supplier_id":null,"supplier_sku":"","barcode":null,"atum_controlled":false,"out_stock_date":null,"out_stock_threshold":null,"inheritable":false,"inbound_stock":null,"stock_on_hold":null,"sold_today":null,"sales_last_days":null,"reserved_stock":null,"customer_returns":null,"warehouse_damage":null,"lost_in_post":null,"other_logs":null,"out_stock_days":null,"lost_sales":null,"has_location":null,"update_date":"2026-04-19T12:25:52","atum_locations":[],"atum_stock_status":"instock","restock_status":false,"low_stock_amount":"","sales_update_date":null,"calc_backorders":null,"aioseo_notices":[],"_links":{"self":[{"href":"https:\/\/ecoshop.ee\/en\/wp-json\/wp\/v2\/product\/327508","targetHints":{"allow":["GET"]}}],"collection":[{"href":"https:\/\/ecoshop.ee\/en\/wp-json\/wp\/v2\/product"}],"about":[{"href":"https:\/\/ecoshop.ee\/en\/wp-json\/wp\/v2\/types\/product"}],"replies":[{"embeddable":true,"href":"https:\/\/ecoshop.ee\/en\/wp-json\/wp\/v2\/comments?post=327508"}],"version-history":[{"count":0,"href":"https:\/\/ecoshop.ee\/en\/wp-json\/wp\/v2\/product\/327508\/revisions"}],"wp:featuredmedia":[{"embeddable":true,"href":"https:\/\/ecoshop.ee\/en\/wp-json\/wp\/v2\/media\/327500"}],"wp:attachment":[{"href":"https:\/\/ecoshop.ee\/en\/wp-json\/wp\/v2\/media?parent=327508"}],"wp:term":[{"taxonomy":"product_brand","embeddable":true,"href":"https:\/\/ecoshop.ee\/en\/wp-json\/wp\/v2\/product_brand?post=327508"},{"taxonomy":"product_cat","embeddable":true,"href":"https:\/\/ecoshop.ee\/en\/wp-json\/wp\/v2\/product_cat?post=327508"},{"taxonomy":"product_tag","embeddable":true,"href":"https:\/\/ecoshop.ee\/en\/wp-json\/wp\/v2\/product_tag?post=327508"}],"curies":[{"name":"wp","href":"https:\/\/api.w.org\/{rel}","templated":true}]}}