{"id":327522,"date":"2026-02-27T14:30:07","date_gmt":"2026-02-27T11:30:07","guid":{"rendered":"https:\/\/ecoshop.ee\/maaratlemata\/kolmeosaline-laste-kriiditahvliga-laud-ja-toolid-must-ja-valge\/"},"modified":"2026-05-15T09:23:57","modified_gmt":"2026-05-15T06:23:57","slug":"three-piece-childrens-chalkboard-table-and-chairs-black-and-white","status":"publish","type":"product","link":"https:\/\/ecoshop.ee\/en\/beebide-ja-mudilaste-moobel\/kolmeosaline-laste-kriiditahvliga-laud-ja-toolid-must-ja-valge\/","title":{"rendered":"Three-Piece Children&#039;s Chalkboard Table and Chairs Black and White"},"content":{"rendered":"<p>A special children&#039;s table and 2 chair set gives children their own play area and workspace!<\/p>\n<\/p>\n<p>With a sturdy MDF and pinewood construction and a paint finish, the table and 2 chairs are sure to be a great place for up to two children to play, enjoy snacks or read! The chalkboard tabletop allows children to draw. There is also additional storage space under the tabletop. The simple look and child-friendly size are a useful addition to any playroom, bedroom or living room!<\/p>\n<\/p>\n<p>The table and chair set is easy to assemble.<\/p>\n<ul>\n<li>Color: black and white<\/li>\n<li>Material: MDF + pine wood<\/li>\n<li>Dimensions: 90 x 60 x 51 cm (L x W x H)<\/li>\n<li>Chair dimensions: 28 x 25.5 x 55 cm (W x D x H)<\/li>\n<li>Smooth surface for easy cleaning<\/li>\n<li>Chalkboard tabletop<\/li>\n<li>Table with storage space<\/li>\n<li>Maximum load capacity: 50 kg<\/li>\n<li>Recommended age: 6-12 years<\/li>\n<li>The set includes 1 table and 2 chairs. <\/li>\n<\/ul>","protected":false},"excerpt":{"rendered":"<p>Spetsiaalne lastelaua ja 2 tooli komplekt annab lastele nende enda m\u00e4ngukoha ja t\u00f6\u00f6ruumi! Tugeva MDFi ja m\u00e4nnipuidust konstruktsiooniga ning v\u00e4rvikihiga laud ja&hellip;<\/p>","protected":false},"featured_media":327510,"comment_status":"open","ping_status":"closed","template":"","meta":{"wprm-recipe-roundup-name":"","wprm-recipe-roundup-description":""},"product_brand":[],"product_cat":[2370],"product_tag":[2371,2340,547,540,539],"class_list":{"0":"post-327522","1":"product","2":"type-product","3":"status-publish","4":"has-post-thumbnail","6":"product_cat-beebide-ja-mudilaste-moobel","7":"product_tag-beebide-ja-mudilaste-moobel","8":"product_tag-laste-ja-vaikelaste-moobel","9":"product_tag-moobel","10":"product_tag-parcel","11":"product_tag-voodilinad","12":"pa_brand-vidaxl","14":"first","15":"instock","16":"taxable","17":"shipping-taxable","18":"purchasable","19":"product-type-simple"},"supplier_id":null,"supplier_sku":"","barcode":null,"atum_controlled":false,"out_stock_date":null,"out_stock_threshold":null,"inheritable":false,"inbound_stock":null,"stock_on_hold":null,"sold_today":null,"sales_last_days":null,"reserved_stock":null,"customer_returns":null,"warehouse_damage":null,"lost_in_post":null,"other_logs":null,"out_stock_days":null,"lost_sales":null,"has_location":null,"update_date":"2026-05-15T06:23:58","atum_locations":[],"atum_stock_status":"instock","restock_status":false,"low_stock_amount":"","sales_update_date":null,"calc_backorders":null,"aioseo_notices":[],"_links":{"self":[{"href":"https:\/\/ecoshop.ee\/en\/wp-json\/wp\/v2\/product\/327522","targetHints":{"allow":["GET"]}}],"collection":[{"href":"https:\/\/ecoshop.ee\/en\/wp-json\/wp\/v2\/product"}],"about":[{"href":"https:\/\/ecoshop.ee\/en\/wp-json\/wp\/v2\/types\/product"}],"replies":[{"embeddable":true,"href":"https:\/\/ecoshop.ee\/en\/wp-json\/wp\/v2\/comments?post=327522"}],"version-history":[{"count":0,"href":"https:\/\/ecoshop.ee\/en\/wp-json\/wp\/v2\/product\/327522\/revisions"}],"wp:featuredmedia":[{"embeddable":true,"href":"https:\/\/ecoshop.ee\/en\/wp-json\/wp\/v2\/media\/327510"}],"wp:attachment":[{"href":"https:\/\/ecoshop.ee\/en\/wp-json\/wp\/v2\/media?parent=327522"}],"wp:term":[{"taxonomy":"product_brand","embeddable":true,"href":"https:\/\/ecoshop.ee\/en\/wp-json\/wp\/v2\/product_brand?post=327522"},{"taxonomy":"product_cat","embeddable":true,"href":"https:\/\/ecoshop.ee\/en\/wp-json\/wp\/v2\/product_cat?post=327522"},{"taxonomy":"product_tag","embeddable":true,"href":"https:\/\/ecoshop.ee\/en\/wp-json\/wp\/v2\/product_tag?post=327522"}],"curies":[{"name":"wp","href":"https:\/\/api.w.org\/{rel}","templated":true}]}}