{"id":327587,"date":"2026-02-27T14:32:03","date_gmt":"2026-02-27T11:32:03","guid":{"rendered":"https:\/\/ecoshop.ee\/maaratlemata\/ratastega-taimealused-2-tk-karastatud-klaas-kandiline\/"},"modified":"2026-05-12T21:35:22","modified_gmt":"2026-05-12T18:35:22","slug":"plant-stands-with-wheels-2-pcs-tempered-glass-square","status":"publish","type":"product","link":"https:\/\/ecoshop.ee\/en\/taimekastid\/ratastega-taimealused-2-tk-karastatud-klaas-kandiline\/","title":{"rendered":"Taimealused 2 pcs, Tempered Glass, Square, with Wheels"},"content":{"rendered":"<p>Quickly move potted flowers or plants with our handy plant trolleys! Their compact and timeless design makes them a great addition to your living space.<\/p>\n<\/p>\n<p>The top of the plant trolleys is made of tempered glass, which is stronger and safer than regular glass. Thanks to the 360-degree rotating wheels, the plant stand can be moved flexibly around. Thanks to the brakes, the plant trolleys can be stabilized if necessary.<\/p>\n<\/p>\n<p>The plant trolleys are easy to assemble. The package includes 2 plant trolleys.<\/p>\n<ul>\n<li>Material: tempered glass<\/li>\n<li>Size: 35 x 35 cm (L x W)<\/li>\n<li>Glass thickness: 5 mm<\/li>\n<li>With four 360\u00b0 swivel wheels and two brakes<\/li>\n<li>The package includes 2 plant stands with wheels.<\/li>\n<\/ul>","protected":false},"excerpt":{"rendered":"<p>Liigutage kiirelt potililli v\u00f5i taimi meie k\u00e4ep\u00e4raste taimek\u00e4rudega! Nende kompaktne ja ajatu disain muudab nad teie eluruumile suurep\u00e4raseks lisaks. Taimek\u00e4rude pealispind on&hellip;<\/p>","protected":false},"featured_media":327582,"comment_status":"open","ping_status":"closed","template":"","meta":{"wprm-recipe-roundup-name":"","wprm-recipe-roundup-description":""},"product_brand":[],"product_cat":[2225],"product_tag":[2127,2128,536,2407,540,2397],"class_list":{"0":"post-327587","1":"product","2":"type-product","3":"status-publish","4":"has-post-thumbnail","6":"product_cat-taimekastid","7":"product_tag-aed-ja-muru","8":"product_tag-aiandus","9":"product_tag-kodu-ja-aed","10":"product_tag-labipaistev","11":"product_tag-parcel","12":"product_tag-taimealused","13":"pa_brand-vidaxl","15":"first","16":"instock","17":"taxable","18":"shipping-taxable","19":"purchasable","20":"product-type-simple"},"supplier_id":null,"supplier_sku":"","barcode":null,"atum_controlled":false,"out_stock_date":null,"out_stock_threshold":null,"inheritable":false,"inbound_stock":null,"stock_on_hold":0,"sold_today":0,"sales_last_days":0,"reserved_stock":null,"customer_returns":null,"warehouse_damage":null,"lost_in_post":null,"other_logs":null,"out_stock_days":0,"lost_sales":0,"has_location":null,"update_date":"2026-05-12T18:35:22","atum_locations":[],"atum_stock_status":"instock","restock_status":false,"low_stock_amount":"","sales_update_date":"2026-03-05T01:07:20","calc_backorders":null,"aioseo_notices":[],"_links":{"self":[{"href":"https:\/\/ecoshop.ee\/en\/wp-json\/wp\/v2\/product\/327587","targetHints":{"allow":["GET"]}}],"collection":[{"href":"https:\/\/ecoshop.ee\/en\/wp-json\/wp\/v2\/product"}],"about":[{"href":"https:\/\/ecoshop.ee\/en\/wp-json\/wp\/v2\/types\/product"}],"replies":[{"embeddable":true,"href":"https:\/\/ecoshop.ee\/en\/wp-json\/wp\/v2\/comments?post=327587"}],"version-history":[{"count":0,"href":"https:\/\/ecoshop.ee\/en\/wp-json\/wp\/v2\/product\/327587\/revisions"}],"wp:featuredmedia":[{"embeddable":true,"href":"https:\/\/ecoshop.ee\/en\/wp-json\/wp\/v2\/media\/327582"}],"wp:attachment":[{"href":"https:\/\/ecoshop.ee\/en\/wp-json\/wp\/v2\/media?parent=327587"}],"wp:term":[{"taxonomy":"product_brand","embeddable":true,"href":"https:\/\/ecoshop.ee\/en\/wp-json\/wp\/v2\/product_brand?post=327587"},{"taxonomy":"product_cat","embeddable":true,"href":"https:\/\/ecoshop.ee\/en\/wp-json\/wp\/v2\/product_cat?post=327587"},{"taxonomy":"product_tag","embeddable":true,"href":"https:\/\/ecoshop.ee\/en\/wp-json\/wp\/v2\/product_tag?post=327587"}],"curies":[{"name":"wp","href":"https:\/\/api.w.org\/{rel}","templated":true}]}}